{"id":9560,"date":"2025-10-31T23:10:50","date_gmt":"2025-10-31T23:10:50","guid":{"rendered":"https:\/\/egytourpackages.com\/product\/safari-observare-stele-sahl-hasheesh\/"},"modified":"2026-01-28T23:46:27","modified_gmt":"2026-01-28T23:46:27","slug":"safari-observare-stele-sahl-hasheesh","status":"publish","type":"product","link":"https:\/\/egytourpackages.com\/ro\/tours\/safari-observare-stele-sahl-hasheesh\/","title":{"rendered":"Safari Observare Stele Sahl Hasheesh"},"content":{"rendered":"<p><span style=\"color: #ff6600;\"><strong>Safari Observare Stele Sahl Hasheesh: ATV, C\u0103mil\u0103, C\u0103l\u0103rie \u0219i Spectacol cu Cin\u0103<\/strong><\/span><\/p>\n<p>Experimenta\u021bi <strong>Aventura suprem\u0103 \u00een De\u0219ertul Sahl Hasheesh<\/strong> cu acest <strong>safari de sear\u0103 all-inclusive<\/strong>. Combina\u021bi fiorul unei <strong>Plimb\u0103ri cu ATV-ul<\/strong>, senin\u0103tatea unei <strong>\u0218edin\u021be de C\u0103l\u0103rie<\/strong>, tradi\u021bia unei experien\u021be de <strong>Trekking cu C\u0103mila<\/strong>, o delicioas\u0103 <strong>Cin\u0103 BBQ Beduin\u0103<\/strong> \u0219i minunea <strong>Observ\u0103rii Stelelor<\/strong> printr-un telescop puternic. Acesta este <strong>cel mai bun safari \u00een de\u0219ert din Sahl Hasheesh<\/strong> pentru o noapte de neuitat sub cerul <strong>de\u0219ertului egiptean<\/strong>.<\/p>\n<h3><span style=\"color: #ff6600;\">Detalii<\/span><\/h3>\n<ul>\n<li>Durat\u0103: Excursie de dup\u0103-amiaz\u0103 (Aprox. 5-6 Ore Total)<\/li>\n<li>Activit\u0103\u021bi: 1 Or\u0103 Plimbare cu ATV-ul, 30 Min Plimbare cu C\u0103mila, 30 Min C\u0103l\u0103rie<\/li>\n<li>Disponibilitate: Zilnic<\/li>\n<li>Limb\u0103: Englez\u0103<\/li>\n<\/ul>\n<h3><span style=\"color: #ff6600;\">Includeri<\/span><\/h3>\n<ul>\n<li>Transfer dus-\u00eentors de la toate Hotelurile Sahl Hasheesh cu Vehicul cu A\/C<\/li>\n<li>1 Or\u0103 experien\u021b\u0103 Plimbare cu ATV-ul.<\/li>\n<li>30 Min experien\u021b\u0103 Plimbare cu C\u0103mila<\/li>\n<li>30 Min experien\u021b\u0103 C\u0103l\u0103rie.<\/li>\n<li>Cin\u0103 BBQ<\/li>\n<li>Ceai Beduin Tradi\u021bional<\/li>\n<li>Spectacol Oriental \/ Petrecere Folcloric\u0103<\/li>\n<li>Sesiune de Observare a Stelelor cu un ghid profesionist \u0219i Telescop<\/li>\n<li>Echipament de Siguran\u021b\u0103 (C\u0103\u0219ti de protec\u021bie pentru Plimbarea cu ATV-ul\/C\u0103l\u0103rie)<\/li>\n<\/ul>\n<h3><span style=\"color: #ff6600;\">Excluderi<\/span><\/h3>\n<ul>\n<li>Bac\u0219i\u0219uri (Gratuit\u0103\u021bi).<\/li>\n<li>Cheltuieli Personale.<\/li>\n<li>Pachete de Fotografie\/Video (adesea disponibile pentru cump\u0103rare)<\/li>\n<li>E\u0219arf\u0103\/Ochelari de protec\u021bie (Pot fi adesea \u00eenchiriate sau cump\u0103rate la sta\u021bie)<\/li>\n<\/ul>\n<h2><span style=\"color: #ff6600;\">Itinerariu<\/span><\/h2>\n<p>Experimenta\u021bi <strong>Aventura suprem\u0103 \u00een De\u0219ertul Sahl Hasheesh<\/strong> cu acest <strong>Safari de Noapte<\/strong> de o sear\u0103 \u00eentreag\u0103. Turul este perfect conceput pentru a combina activit\u0103\u021bi pline de energie cu cultura tradi\u021bional\u0103 \u0219i minunea astronomic\u0103, oferind o experien\u021b\u0103 cu adev\u0103rat unic\u0103, cu vederi clare ale <strong>Cerului Nop\u021bii<\/strong>.<\/p>\n<p>Aventura dumneavoastr\u0103 \u00eencepe cu o <strong>Preluare Confortabil\u0103 de la Hotel<\/strong> de la <strong>Hotelurile dumneavoastr\u0103 din Sahl Hasheesh<\/strong> \u00eentre orele 14:00 PM, transfer\u00e2ndu-v\u0103 direct la sta\u021bia de safari pentru a \u00eencepe activit\u0103\u021bile care v\u0103 vor cre\u0219te adrenalina.<\/p>\n<p>Prima activitate este sesiunea palpitant\u0103 de <strong>1 Or\u0103 Plimbare cu ATV-ul<\/strong>. Dup\u0103 un briefing de siguran\u021b\u0103, v\u0103 ve\u021bi urca pe un puternic <strong>Motociclet\u0103 ATV<\/strong> \u0219i ve\u021bi accelera pe vastul peisaj al <strong>De\u0219ertului M\u0103rii Ro\u0219ii<\/strong>, navig\u00e2nd pe dunele de nisip palpitante \u0219i pe c\u00e2mpiile deschise cu ghidul dumneavoastr\u0103.<\/p>\n<p>Dup\u0103 entuziasmul motorizat, ve\u021bi \u00eembr\u0103\u021bi\u0219a c\u0103l\u0103toria tradi\u021bional\u0103 \u00een de\u0219ert cu partea ecvestr\u0103 a turului. Aceasta include o <strong>Plimbare cu C\u0103mila de 30 Min<\/strong> senin\u0103, oferind o experien\u021b\u0103 autentic\u0103 de <strong>Trekking cu C\u0103mila<\/strong>, urmat\u0103 imediat de o \u0219edin\u021b\u0103 gra\u021bioas\u0103 de <strong>C\u0103l\u0103rie de 30 Min<\/strong> pe un <strong>cal arab<\/strong> bine antrenat. Aceast\u0103 combina\u021bie asigur\u0103 c\u0103 experimenta\u021bi tot ce este mai bun din mobilitatea \u00een de\u0219ert.<\/p>\n<p>Pe m\u0103sur\u0103 ce soarele \u00eencepe s\u0103 apun\u0103, ve\u021bi ajunge la un <strong>cort tradi\u021bional<\/strong>. Aici, ve\u021bi fi \u00eent\u00e2mpina\u021bi cu <strong>Ceai Beduin<\/strong> autentic \u0219i ve\u021bi avea ocazia s\u0103 face\u021bi fotografii uimitoare cu <strong>Apusul \u00een De\u0219ert<\/strong> pe m\u0103sur\u0103 ce culorile lumineaz\u0103 mun\u021bii.<\/p>\n<p>Seara continu\u0103 cu o osp\u0103\u021b \u0219i o s\u0103rb\u0103toare. V\u0103 ve\u021bi bucura de o delicioas\u0103 <strong>Cin\u0103 BBQ Beduin\u0103<\/strong>\u2014un bufet deschis cu specialit\u0103\u021bi locale\u2014servit sub cerul liber. Dup\u0103 cin\u0103, este sus\u021binut un <strong>Spectacol Oriental<\/strong> vibrant, prezent\u00e2nd folclor tradi\u021bional, muzic\u0103 \u0219i fascinantul <strong>Dans Tanoura<\/strong>.<\/p>\n<h3><span style=\"color: #ff6600;\">Observarea Stelelor<\/span><\/h3>\n<p>Marele final este <strong>Turul de Observare a Stelelor<\/strong>. Departe de orice poluare luminoas\u0103 a ora\u0219ului, un <strong>Ghid de Astronomie<\/strong> profesionist va conduce o sesiune de observare celest\u0103. Folosind un <strong>Telescop<\/strong> puternic, ve\u021bi observa planete vizibile, stele \u00eendep\u0103rtate \u0219i diferite <strong>Constela\u021bii<\/strong>, \u00eenv\u0103\u021b\u00e2nd despre univers \u0219i miturile <strong>Cerului Nop\u021bii<\/strong>.<\/p>\n<p>\u00cen cele din urm\u0103, <strong>Safari-ul dumneavoastr\u0103 cuprinz\u0103tor \u00een De\u0219ertul Sahl Hasheesh<\/strong> se \u00eencheie cu un transfer confortabil \u00eenapoi la <strong>Hotelurile dumneavoastr\u0103 din Sahl Hasheesh<\/strong> \u00een jurul orei 21:30 PM.<\/p>\n<h3><span style=\"color: #ff6600;\">\u00centreb\u0103ri Frecvente (FAQ)<\/span><\/h3>\n<h3><span style=\"color: #ff6600;\">Ce face ca experien\u021ba de Observare a Stelelor din Sahl Hasheesh s\u0103 fie unic\u0103 \u00een compara\u021bie cu vizionarea de pe coast\u0103?<\/span><\/h3>\n<p><strong>Turul de Observare a Stelelor<\/strong> este condus ad\u00e2nc \u00een de\u0219ert pentru a sc\u0103pa de poluarea luminoas\u0103 a sta\u021biunilor, garant\u00e2nd un <strong>Cer al Nop\u021bii<\/strong> dramatic mai clar. Un <strong>Ghid de Astronomie<\/strong> expert folose\u0219te un <strong>Telescop<\/strong> profesional pentru a v\u0103 ajuta s\u0103 identifica\u021bi planetele \u0219i <strong>Constela\u021biile<\/strong> care sunt de obicei invizibile de pe coast\u0103, oferind o privire imersiv\u0103 \u00een cosmos.<\/p>\n<h3><span style=\"color: #ff6600;\">Cum sunt structurate diferitele activit\u0103\u021bi \u00een de\u0219ert \u0219i care este obiectivul cheie al fiec\u0103rei p\u0103r\u021bi?<\/span><\/h3>\n<p><strong>Safari-ul \u00een De\u0219ertul Sahl Hasheesh<\/strong> echilibreaz\u0103 adrenalina \u0219i tradi\u021bia. Prima parte este plin\u0103 de energie, oferind o sesiune de <strong>Plimbare cu ATV-ul de 1 Or\u0103<\/strong> \u00een care naviga\u021bi pe dunele de nisip pe o <strong>Motociclet\u0103 ATV<\/strong>. A doua parte este <strong>Trekking-ul cu C\u0103mila<\/strong> autentic \u0219i o scurt\u0103 <strong>\u0218edin\u021b\u0103 de C\u0103l\u0103rie<\/strong> (c\u00e2te 30 de minute fiecare), oferind o experien\u021b\u0103 clasic\u0103, senin\u0103 \u00een de\u0219ert \u00eenainte de a v\u0103 instala la <strong>Satul Beduin<\/strong> pentru sear\u0103.<\/p>\n","protected":false},"excerpt":{"rendered":"<p>Alege Safari Observare Stele Sahl Hasheesh: ATV, C\u0103mil\u0103, BBQ Beduin \u0219i Telescop! Cel mai bun safari de sear\u0103 din De\u0219ertul M\u0103rii Ro\u0219ii.<\/p>\n","protected":false},"featured_media":8918,"comment_status":"closed","ping_status":"closed","template":"","meta":[],"product_brand":[],"product_cat":[3120],"product_tag":[3203,3257],"class_list":{"0":"post-9560","1":"product","2":"type-product","3":"status-publish","4":"has-post-thumbnail","6":"product_cat-tururi","7":"product_tag-excursii-de-o-zi-in-egipt","8":"product_tag-excursii-in-sahl-hasheesh","9":"tour_category-excursii-de-o-zi-in-egipt-ro","10":"tour_category-excursii-sahl-hasheesh-ro","11":"tour_category-safari-in-desertul-hurghada","13":"first","14":"instock","15":"sale","16":"shipping-taxable","17":"purchasable","18":"product-type-tour"},"yoast_head":"<!-- This site is optimized with the Yoast SEO Premium plugin v27.2 (Yoast SEO v27.2) - https:\/\/yoast.com\/product\/yoast-seo-premium-wordpress\/ -->\n<title>Safari Observare Stele Sahl Hasheesh: Egy tour packages<\/title>\n<meta name=\"description\" content=\"Alege Safari Observare Stele Sahl Hasheesh: ATV, C\u0103mil\u0103, BBQ Beduin \u0219i Telescop! Cel mai bun safari de sear\u0103 din De\u0219ertul M\u0103rii Ro\u0219ii.\" \/>\n<meta name=\"robots\" content=\"index, follow, max-snippet:-1, max-image-preview:large, max-video-preview:-1\" \/>\n<link rel=\"canonical\" href=\"https:\/\/egytourpackages.com\/ro\/tours\/safari-observare-stele-sahl-hasheesh\/\" \/>\n<meta property=\"og:locale\" content=\"ro_RO\" \/>\n<meta property=\"og:type\" content=\"article\" \/>\n<meta property=\"og:title\" content=\"Safari Observare Stele Sahl Hasheesh\" \/>\n<meta property=\"og:description\" content=\"Alege Safari Observare Stele Sahl Hasheesh: ATV, C\u0103mil\u0103, BBQ Beduin \u0219i Telescop! Cel mai bun safari de sear\u0103 din De\u0219ertul M\u0103rii Ro\u0219ii.\" \/>\n<meta property=\"og:url\" content=\"https:\/\/egytourpackages.com\/ro\/tours\/safari-observare-stele-sahl-hasheesh\/\" \/>\n<meta property=\"og:site_name\" content=\"Egypt Tour Packages\" \/>\n<meta property=\"article:publisher\" content=\"https:\/\/www.facebook.com\/egytourpackages\" \/>\n<meta property=\"article:modified_time\" content=\"2026-01-28T23:46:27+00:00\" \/>\n<meta property=\"og:image\" content=\"https:\/\/egytourpackages.com\/wp-content\/uploads\/2025\/10\/Camel-ride-from-Sahl-Hasheesh.jpeg\" \/>\n\t<meta property=\"og:image:width\" content=\"1550\" \/>\n\t<meta property=\"og:image:height\" content=\"697\" \/>\n\t<meta property=\"og:image:type\" content=\"image\/jpeg\" \/>\n<meta name=\"twitter:card\" content=\"summary_large_image\" \/>\n<meta name=\"twitter:title\" content=\"Safari Observare Stele Sahl Hasheesh\" \/>\n<meta name=\"twitter:label1\" content=\"Pre\u021b\" \/>\n\t<meta name=\"twitter:data1\" content=\"&euro;50\" \/>\n\t<meta name=\"twitter:label2\" content=\"Disponibilitate\" \/>\n\t<meta name=\"twitter:data2\" content=\"\u00cen stoc\" \/>\n<script type=\"application\/ld+json\" class=\"yoast-schema-graph\">{\"@context\":\"https:\/\/schema.org\",\"@graph\":[{\"@type\":\"WebPage\",\"@id\":\"https:\/\/egytourpackages.com\/ro\/tours\/safari-observare-stele-sahl-hasheesh\/\",\"url\":\"https:\/\/egytourpackages.com\/ro\/tours\/safari-observare-stele-sahl-hasheesh\/\",\"name\":\"Safari Observare Stele Sahl Hasheesh: Egy tour packages\",\"isPartOf\":{\"@id\":\"https:\/\/egytourpackages.com\/ro\/#website\"},\"primaryImageOfPage\":{\"@id\":\"https:\/\/egytourpackages.com\/ro\/tours\/safari-observare-stele-sahl-hasheesh\/#primaryimage\"},\"image\":{\"@id\":\"https:\/\/egytourpackages.com\/ro\/tours\/safari-observare-stele-sahl-hasheesh\/#primaryimage\"},\"thumbnailUrl\":\"https:\/\/egytourpackages.com\/wp-content\/uploads\/2025\/10\/Camel-ride-from-Sahl-Hasheesh.jpeg\",\"datePublished\":\"2025-10-31T23:10:50+00:00\",\"dateModified\":\"2026-01-28T23:46:27+00:00\",\"description\":\"Alege Safari Observare Stele Sahl Hasheesh: ATV, C\u0103mil\u0103, BBQ Beduin \u0219i Telescop! Cel mai bun safari de sear\u0103 din De\u0219ertul M\u0103rii Ro\u0219ii.\",\"breadcrumb\":{\"@id\":\"https:\/\/egytourpackages.com\/ro\/tours\/safari-observare-stele-sahl-hasheesh\/#breadcrumb\"},\"inLanguage\":\"ro-RO\",\"potentialAction\":[{\"@type\":\"ReadAction\",\"target\":[\"https:\/\/egytourpackages.com\/ro\/tours\/safari-observare-stele-sahl-hasheesh\/\"]}]},{\"@type\":\"ImageObject\",\"inLanguage\":\"ro-RO\",\"@id\":\"https:\/\/egytourpackages.com\/ro\/tours\/safari-observare-stele-sahl-hasheesh\/#primaryimage\",\"url\":\"https:\/\/egytourpackages.com\/wp-content\/uploads\/2025\/10\/Camel-ride-from-Sahl-Hasheesh.jpeg\",\"contentUrl\":\"https:\/\/egytourpackages.com\/wp-content\/uploads\/2025\/10\/Camel-ride-from-Sahl-Hasheesh.jpeg\",\"width\":1550,\"height\":697,\"caption\":\"Safari Observare Stele Sahl Hasheesh\"},{\"@type\":\"BreadcrumbList\",\"@id\":\"https:\/\/egytourpackages.com\/ro\/tours\/safari-observare-stele-sahl-hasheesh\/#breadcrumb\",\"itemListElement\":[{\"@type\":\"ListItem\",\"position\":1,\"name\":\"Home\",\"item\":\"https:\/\/egytourpackages.com\/ro\/\"},{\"@type\":\"ListItem\",\"position\":2,\"name\":\"Shop\",\"item\":\"https:\/\/egytourpackages.com\/shop\/\"},{\"@type\":\"ListItem\",\"position\":3,\"name\":\"Safari Observare Stele Sahl Hasheesh\"}]},{\"@type\":\"WebSite\",\"@id\":\"https:\/\/egytourpackages.com\/ro\/#website\",\"url\":\"https:\/\/egytourpackages.com\/ro\/\",\"name\":\"Egy tour packages\",\"description\":\"\",\"publisher\":{\"@id\":\"https:\/\/egytourpackages.com\/ro\/#organization\"},\"potentialAction\":[{\"@type\":\"SearchAction\",\"target\":{\"@type\":\"EntryPoint\",\"urlTemplate\":\"https:\/\/egytourpackages.com\/ro\/?s={search_term_string}\"},\"query-input\":{\"@type\":\"PropertyValueSpecification\",\"valueRequired\":true,\"valueName\":\"search_term_string\"}}],\"inLanguage\":\"ro-RO\"},{\"@type\":[\"Organization\",\"Place\",\"TravelAgency\"],\"@id\":\"https:\/\/egytourpackages.com\/ro\/#organization\",\"name\":\"egypt tour packages\",\"alternateName\":\"egypt tour packages\",\"url\":\"https:\/\/egytourpackages.com\/ro\/\",\"logo\":{\"@id\":\"https:\/\/egytourpackages.com\/ro\/tours\/safari-observare-stele-sahl-hasheesh\/#local-main-organization-logo\"},\"image\":{\"@id\":\"https:\/\/egytourpackages.com\/ro\/tours\/safari-observare-stele-sahl-hasheesh\/#local-main-organization-logo\"},\"sameAs\":[\"https:\/\/www.facebook.com\/egytourpackages\"],\"legalName\":\"Egy tour packages\",\"address\":{\"@id\":\"https:\/\/egytourpackages.com\/ro\/tours\/safari-observare-stele-sahl-hasheesh\/#local-main-place-address\"},\"telephone\":[\"00201000852186\",\"00201028685533\"],\"contactPoint\":{\"@type\":\"ContactPoint\",\"telephone\":\"00201000852186\"},\"openingHoursSpecification\":[{\"@type\":\"OpeningHoursSpecification\",\"dayOfWeek\":[\"Monday\",\"Tuesday\",\"Wednesday\",\"Thursday\",\"Friday\",\"Saturday\",\"Sunday\"],\"opens\":\"00:00\",\"closes\":\"23:59\"}],\"email\":\"info@egytourpackages.com\",\"areaServed\":\"Cairo, Hurghada, Luxor, Sharm El Sheikh, Marsa Alam, Aswan\",\"priceRange\":\"$\",\"currenciesAccepted\":\"euro\",\"paymentAccepted\":\"Payment links online\"},{\"@type\":\"PostalAddress\",\"@id\":\"https:\/\/egytourpackages.com\/ro\/tours\/safari-observare-stele-sahl-hasheesh\/#local-main-place-address\",\"streetAddress\":\"Mubarak 8, Al Kawthar District, Hurghada\",\"addressLocality\":\"Hurghada\",\"postalCode\":\"84511\",\"addressRegion\":\"Red Sea\",\"addressCountry\":\"EG\"},{\"@type\":\"ImageObject\",\"inLanguage\":\"ro-RO\",\"@id\":\"https:\/\/egytourpackages.com\/ro\/tours\/safari-observare-stele-sahl-hasheesh\/#local-main-organization-logo\",\"url\":\"https:\/\/egytourpackages.com\/wp-content\/uploads\/2025\/12\/Turquoise-Dahabiya-Nile-Cruise-1.jpeg\",\"contentUrl\":\"https:\/\/egytourpackages.com\/wp-content\/uploads\/2025\/12\/Turquoise-Dahabiya-Nile-Cruise-1.jpeg\",\"width\":1040,\"height\":694,\"caption\":\"egypt tour packages\"}]}<\/script>\n<meta property=\"product:brand\" content=\"Excursii de o zi \u00een Egipt\" \/>\n<meta property=\"product:price:amount\" content=\"50\" \/>\n<meta property=\"product:price:currency\" content=\"EUR\" \/>\n<meta property=\"og:availability\" content=\"instock\" \/>\n<meta property=\"product:availability\" content=\"instock\" \/>\n<meta property=\"product:retailer_item_id\" content=\"SHDT07\" \/>\n<meta property=\"product:condition\" content=\"new\" \/>\n<meta name=\"geo.placename\" content=\"Hurghada\" \/>\n<meta name=\"geo.region\" content=\"Egipt\" \/>\n<!-- \/ Yoast SEO Premium plugin. -->","yoast_head_json":{"title":"Safari Observare Stele Sahl Hasheesh: Egy tour packages","description":"Alege Safari Observare Stele Sahl Hasheesh: ATV, C\u0103mil\u0103, BBQ Beduin \u0219i Telescop! Cel mai bun safari de sear\u0103 din De\u0219ertul M\u0103rii Ro\u0219ii.","robots":{"index":"index","follow":"follow","max-snippet":"max-snippet:-1","max-image-preview":"max-image-preview:large","max-video-preview":"max-video-preview:-1"},"canonical":"https:\/\/egytourpackages.com\/ro\/tours\/safari-observare-stele-sahl-hasheesh\/","og_locale":"ro_RO","og_type":"article","og_title":"Safari Observare Stele Sahl Hasheesh","og_description":"Alege Safari Observare Stele Sahl Hasheesh: ATV, C\u0103mil\u0103, BBQ Beduin \u0219i Telescop! Cel mai bun safari de sear\u0103 din De\u0219ertul M\u0103rii Ro\u0219ii.","og_url":"https:\/\/egytourpackages.com\/ro\/tours\/safari-observare-stele-sahl-hasheesh\/","og_site_name":"Egypt Tour Packages","article_publisher":"https:\/\/www.facebook.com\/egytourpackages","article_modified_time":"2026-01-28T23:46:27+00:00","og_image":[{"width":1550,"height":697,"url":"https:\/\/egytourpackages.com\/wp-content\/uploads\/2025\/10\/Camel-ride-from-Sahl-Hasheesh.jpeg","type":"image\/jpeg"}],"twitter_card":"summary_large_image","twitter_title":"Safari Observare Stele Sahl Hasheesh","twitter_misc":{"Pre\u021b":"&euro;50","Disponibilitate":"\u00cen stoc"},"schema":{"@context":"https:\/\/schema.org","@graph":[{"@type":"WebPage","@id":"https:\/\/egytourpackages.com\/ro\/tours\/safari-observare-stele-sahl-hasheesh\/","url":"https:\/\/egytourpackages.com\/ro\/tours\/safari-observare-stele-sahl-hasheesh\/","name":"Safari Observare Stele Sahl Hasheesh: Egy tour packages","isPartOf":{"@id":"https:\/\/egytourpackages.com\/ro\/#website"},"primaryImageOfPage":{"@id":"https:\/\/egytourpackages.com\/ro\/tours\/safari-observare-stele-sahl-hasheesh\/#primaryimage"},"image":{"@id":"https:\/\/egytourpackages.com\/ro\/tours\/safari-observare-stele-sahl-hasheesh\/#primaryimage"},"thumbnailUrl":"https:\/\/egytourpackages.com\/wp-content\/uploads\/2025\/10\/Camel-ride-from-Sahl-Hasheesh.jpeg","datePublished":"2025-10-31T23:10:50+00:00","dateModified":"2026-01-28T23:46:27+00:00","description":"Alege Safari Observare Stele Sahl Hasheesh: ATV, C\u0103mil\u0103, BBQ Beduin \u0219i Telescop! Cel mai bun safari de sear\u0103 din De\u0219ertul M\u0103rii Ro\u0219ii.","breadcrumb":{"@id":"https:\/\/egytourpackages.com\/ro\/tours\/safari-observare-stele-sahl-hasheesh\/#breadcrumb"},"inLanguage":"ro-RO","potentialAction":[{"@type":"ReadAction","target":["https:\/\/egytourpackages.com\/ro\/tours\/safari-observare-stele-sahl-hasheesh\/"]}]},{"@type":"ImageObject","inLanguage":"ro-RO","@id":"https:\/\/egytourpackages.com\/ro\/tours\/safari-observare-stele-sahl-hasheesh\/#primaryimage","url":"https:\/\/egytourpackages.com\/wp-content\/uploads\/2025\/10\/Camel-ride-from-Sahl-Hasheesh.jpeg","contentUrl":"https:\/\/egytourpackages.com\/wp-content\/uploads\/2025\/10\/Camel-ride-from-Sahl-Hasheesh.jpeg","width":1550,"height":697,"caption":"Safari Observare Stele Sahl Hasheesh"},{"@type":"BreadcrumbList","@id":"https:\/\/egytourpackages.com\/ro\/tours\/safari-observare-stele-sahl-hasheesh\/#breadcrumb","itemListElement":[{"@type":"ListItem","position":1,"name":"Home","item":"https:\/\/egytourpackages.com\/ro\/"},{"@type":"ListItem","position":2,"name":"Shop","item":"https:\/\/egytourpackages.com\/shop\/"},{"@type":"ListItem","position":3,"name":"Safari Observare Stele Sahl Hasheesh"}]},{"@type":"WebSite","@id":"https:\/\/egytourpackages.com\/ro\/#website","url":"https:\/\/egytourpackages.com\/ro\/","name":"Egy tour packages","description":"","publisher":{"@id":"https:\/\/egytourpackages.com\/ro\/#organization"},"potentialAction":[{"@type":"SearchAction","target":{"@type":"EntryPoint","urlTemplate":"https:\/\/egytourpackages.com\/ro\/?s={search_term_string}"},"query-input":{"@type":"PropertyValueSpecification","valueRequired":true,"valueName":"search_term_string"}}],"inLanguage":"ro-RO"},{"@type":["Organization","Place","TravelAgency"],"@id":"https:\/\/egytourpackages.com\/ro\/#organization","name":"egypt tour packages","alternateName":"egypt tour packages","url":"https:\/\/egytourpackages.com\/ro\/","logo":{"@id":"https:\/\/egytourpackages.com\/ro\/tours\/safari-observare-stele-sahl-hasheesh\/#local-main-organization-logo"},"image":{"@id":"https:\/\/egytourpackages.com\/ro\/tours\/safari-observare-stele-sahl-hasheesh\/#local-main-organization-logo"},"sameAs":["https:\/\/www.facebook.com\/egytourpackages"],"legalName":"Egy tour packages","address":{"@id":"https:\/\/egytourpackages.com\/ro\/tours\/safari-observare-stele-sahl-hasheesh\/#local-main-place-address"},"telephone":["00201000852186","00201028685533"],"contactPoint":{"@type":"ContactPoint","telephone":"00201000852186"},"openingHoursSpecification":[{"@type":"OpeningHoursSpecification","dayOfWeek":["Monday","Tuesday","Wednesday","Thursday","Friday","Saturday","Sunday"],"opens":"00:00","closes":"23:59"}],"email":"info@egytourpackages.com","areaServed":"Cairo, Hurghada, Luxor, Sharm El Sheikh, Marsa Alam, Aswan","priceRange":"$","currenciesAccepted":"euro","paymentAccepted":"Payment links online"},{"@type":"PostalAddress","@id":"https:\/\/egytourpackages.com\/ro\/tours\/safari-observare-stele-sahl-hasheesh\/#local-main-place-address","streetAddress":"Mubarak 8, Al Kawthar District, Hurghada","addressLocality":"Hurghada","postalCode":"84511","addressRegion":"Red Sea","addressCountry":"EG"},{"@type":"ImageObject","inLanguage":"ro-RO","@id":"https:\/\/egytourpackages.com\/ro\/tours\/safari-observare-stele-sahl-hasheesh\/#local-main-organization-logo","url":"https:\/\/egytourpackages.com\/wp-content\/uploads\/2025\/12\/Turquoise-Dahabiya-Nile-Cruise-1.jpeg","contentUrl":"https:\/\/egytourpackages.com\/wp-content\/uploads\/2025\/12\/Turquoise-Dahabiya-Nile-Cruise-1.jpeg","width":1040,"height":694,"caption":"egypt tour packages"}]},"product_brand":"Excursii de o zi \u00een Egipt","product_price_amount":"50","product_price_currency":"EUR","og_availability":"instock","product_availability":"instock","product_retailer_item_id":"SHDT07","product_condition":"new","geo.placename":"Hurghada","geo.region":"Egipt"},"_links":{"self":[{"href":"https:\/\/egytourpackages.com\/ro\/wp-json\/wp\/v2\/product\/9560","targetHints":{"allow":["GET"]}}],"collection":[{"href":"https:\/\/egytourpackages.com\/ro\/wp-json\/wp\/v2\/product"}],"about":[{"href":"https:\/\/egytourpackages.com\/ro\/wp-json\/wp\/v2\/types\/product"}],"replies":[{"embeddable":true,"href":"https:\/\/egytourpackages.com\/ro\/wp-json\/wp\/v2\/comments?post=9560"}],"wp:featuredmedia":[{"embeddable":true,"href":"https:\/\/egytourpackages.com\/ro\/wp-json\/wp\/v2\/media\/8918"}],"wp:attachment":[{"href":"https:\/\/egytourpackages.com\/ro\/wp-json\/wp\/v2\/media?parent=9560"}],"wp:term":[{"taxonomy":"product_brand","embeddable":true,"href":"https:\/\/egytourpackages.com\/ro\/wp-json\/wp\/v2\/product_brand?post=9560"},{"taxonomy":"product_cat","embeddable":true,"href":"https:\/\/egytourpackages.com\/ro\/wp-json\/wp\/v2\/product_cat?post=9560"},{"taxonomy":"product_tag","embeddable":true,"href":"https:\/\/egytourpackages.com\/ro\/wp-json\/wp\/v2\/product_tag?post=9560"}],"curies":[{"name":"wp","href":"https:\/\/api.w.org\/{rel}","templated":true}]}}