{"id":9561,"date":"2023-08-29T23:30:52","date_gmt":"2023-08-29T23:30:52","guid":{"rendered":"https:\/\/egytourpackages.com\/product\/excursie-abu-simbel-din-assuan-cu-autocarul\/"},"modified":"2026-01-28T20:49:36","modified_gmt":"2026-01-28T20:49:36","slug":"excursie-abu-simbel-din-assuan-cu-autocarul","status":"publish","type":"product","link":"https:\/\/egytourpackages.com\/ro\/tours\/excursie-abu-simbel-din-assuan-cu-autocarul\/","title":{"rendered":"Excursie Abu Simbel din Assuan cu Autocarul"},"content":{"rendered":"<p><span style=\"color: #ff6600;\"><strong>Excursie Abu Simbel din Assuan cu Autocarul (Tur Tempe Antice)<\/strong><\/span><\/p>\n<p><strong>Rezerva\u021bi<\/strong> remarcabila dumneavoastr\u0103 <strong>Excursie Abu Simbel din Assuan cu Autocarul<\/strong> \u0219i descoperi\u021bi dou\u0103 dintre cele mai magnifice <strong>temple antice<\/strong> ale Egiptului, amplasate l\u00e2ng\u0103 seninul <strong>Lac Nasser<\/strong>. Acest <strong>tur de o zi din Assuan<\/strong> este \u0219ansa dumneavoastr\u0103 de a fi martor direct la m\u0103re\u021bia <strong>Abu Simbel<\/strong>.<\/p>\n<p>Ve\u021bi explora monumentalul <strong>Marele Templu al lui Ramses al II-lea<\/strong>, recunoscut instantaneu prin cele patru statui colosale ale faraonului care p\u0103zesc intrarea. Chiar al\u0103turi, ve\u021bi descoperi elegantul <strong>Templu al lui Nefertari<\/strong>, dedicat Reginei Nefertari \u0219i construit \u00een forma distinctiv\u0103 a <strong>zei\u021bei Hathor<\/strong>.<\/p>\n<p>Acest <strong>tur de vizitare a obiectivelor turistice din Assuan<\/strong> nu este doar despre a vedea temple; este o c\u0103l\u0103torie imersiv\u0103 \u00een inima <strong>civiliza\u021biei egiptene antice<\/strong>. De fapt, ve\u021bi \u00eenv\u0103\u021ba despre <strong>Ramses al II-lea<\/strong>, unul dintre cei mai faimo\u0219i faraoni ai Egiptului, \u0219i despre iubita <strong>Regina Nefertari<\/strong>. P\u0103trunde\u021bi \u00een <strong>istoria egiptean\u0103 antic\u0103<\/strong> \u0219i \u00een fascinanta perioad\u0103 a <strong>Noului Regat<\/strong> \u00een timp ce v\u0103 minuna\u021bi de aceste minuni arhitecturale. Preg\u0103ti\u021bi-v\u0103 pentru o aventur\u0103 care aduce trecutul la via\u021b\u0103!<\/p>\n<h3><span style=\"color: #ff6600;\">Detalii Tur<\/span><\/h3>\n<ul>\n<li>Durat\u0103: 1 Zi<\/li>\n<li>Loca\u021bia Turului: Abu Simbel<\/li>\n<li>Disponibilitatea Turului: \u00cen fiecare zi<\/li>\n<li>Preluare \u0219i Predare: Hotelul dumneavoastr\u0103 Assuan \/ Croaziera pe Nil<\/li>\n<li>Tipul Turului: Privat<\/li>\n<li>Scaun cu Rotile: Accesibil<\/li>\n<\/ul>\n<h3><span style=\"color: #ff6600;\">Repere<\/span><\/h3>\n<ul>\n<li>Lac Nasser<\/li>\n<li>Marele Templu Abu Simbel<\/li>\n<li>Templul Hathor<\/li>\n<\/ul>\n<h3><span style=\"color: #ff6600;\">Includeri<\/span><\/h3>\n<ul>\n<li>Transfer dus-\u00eentors cu vehicul modern cu A\/C<\/li>\n<li>Ghid egiptolog expert<\/li>\n<li>Taxa de intrare pentru toate obiectivele turistice<\/li>\n<\/ul>\n<h3><span style=\"color: #ff6600;\">Excluderi<\/span><\/h3>\n<ul>\n<li>Bac\u0219i\u0219uri (Tipping)<\/li>\n<\/ul>\n<h3><span style=\"color: #ff6600;\">Ce s\u0103 \u00cempacheta\u021bi<\/span><\/h3>\n<ul>\n<li>P\u0103l\u0103rie, Ochelari de soare \u0219i Crem\u0103 solar\u0103<\/li>\n<li>Pantofi \u0219i haine confortabile<\/li>\n<\/ul>\n<h2><span style=\"color: #ff6600;\">Itinerariu<\/span><\/h2>\n<h3><span style=\"color: #ff6600;\">Tur cu Autocarul Abu Simbel din Assuan<\/span><\/h3>\n<p>V\u0103 ve\u021bi \u00eent\u00e2lni cu ghidul dumneavoastr\u0103 expert \u00een lobby-ul hotelului sau la <strong>Croaziera dumneavoastr\u0103 pe Nil<\/strong>. De acolo, ve\u021bi porni \u00eentr-o c\u0103l\u0103torie confortabil\u0103 cu autocarul de aproximativ <strong>3,5 ore<\/strong> spre sud, parcurg\u00e2nd aproximativ 300 km de la Assuan la Abu Simbel, cu o scurt\u0103 pauz\u0103 de confort pe drum.<\/p>\n<h3><span style=\"color: #ff6600;\">Explorarea Templelor Abu Simbel<\/span><\/h3>\n<p>La sosire, <strong>turul dumneavoastr\u0103 de o zi din Assuan la Abu Simbel<\/strong> \u00eencepe cu adev\u0103rat. V\u0103 ve\u021bi bucura de o plimbare pitoreasc\u0103 de <strong>10 minute<\/strong> de-a lungul \u021b\u0103rmurilor lini\u0219tite ale <strong>Lacului Nasser<\/strong>, care v\u0103 conduce direct la magnificul complex Abu Simbel.<\/p>\n<p>Ve\u021bi avea aproximativ <strong>dou\u0103 ore<\/strong> pentru a explora \u0219i a v\u0103 minuna de aceste dou\u0103 temple incredibile \u00een noua lor loca\u021bie uimitoare.<\/p>\n<h3><span style=\"color: #ff6600;\">Marele Templu al lui Ramses al II-lea<\/span><\/h3>\n<p>Preg\u0103ti\u021bi-v\u0103 s\u0103 fi\u021bi uimi\u021bi de <strong>Marele Templu al lui Ramses al II-lea<\/strong>, o m\u0103rturie monumental\u0103 a puterii \u0219i m\u0103iestriei egiptene antice. Acest templu grandios, sculptat \u00een st\u00e2ncile de gresie, a fost dedicat zeilor <strong>Amun, Ra-Horakhty \u0219i Ptah<\/strong> \u0219i comemoreaz\u0103 cu m\u00e2ndrie victoria lui Ramses cel Mare \u00een <strong>B\u0103t\u0103lia de la Kadesh<\/strong>. \u00cen interior, ve\u021bi descoperi scene captivante de ofrand\u0103 care \u00eel \u00eenf\u0103\u021bi\u0219eaz\u0103 pe rege \u00een fa\u021ba diferi\u021bilor <strong>zei \u0219i zei\u021be egiptene<\/strong> antice, inclusiv <strong>Osiris<\/strong>.<\/p>\n<h3><span style=\"color: #ff6600;\">Templul lui Hathor \u0219i Nefertari<\/span><\/h3>\n<p>Dup\u0103 explorarea Marelui Templu, ve\u021bi merge la la fel de impresionantul <strong>Templu al lui Hathor \u0219i Nefertari<\/strong>. Acest templu mai mic, dar detaliat \u00een mod rafinat, este dedicat <strong>zei\u021bei Hathor<\/strong> \u0219i iubitei Mari So\u021bii Regale a lui Ramses al II-lea, Nefertari. Aici, ve\u021bi admira scene frumoase cu Nefertari \u00een devotament \u00een fa\u021ba zeit\u0103\u021bilor precum <strong>Hathor, Seshat, Amun \u0219i Ra<\/strong>.<\/p>\n<h3><span style=\"color: #ff6600;\">C\u0103l\u0103toria \u00cenapoi la Assuan<\/span><\/h3>\n<p>La \u00eencheierea remarcabilului dumneavoastr\u0103 <strong>tur \u00een Egipt la Abu Simbel<\/strong>, v\u0103 ve\u021bi urca \u00een autocar pentru c\u0103l\u0103toria de \u00eentoarcere la Assuan.<\/p>\n<p>Acest <strong>itinerariu \u00een Egipt<\/strong> ofer\u0103 o modalitate cuprinz\u0103toare \u0219i de neuitat de a experimenta m\u0103re\u021bia Abu Simbel.<\/p>\n<h3><span style=\"color: #ff6600;\">Pre\u021b Abu Simbel din Assuan cu Autocarul<\/span><\/h3>\n<ul>\n<li>Pre\u021b Adult = 70 \u20ac<\/li>\n<li>Copii 0-5 ani = gratuit<\/li>\n<li>Copii 5-11 ani = 50% din pre\u021bul adultului<\/li>\n<\/ul>\n<h3><span style=\"color: #ff6600;\">Rezervare<\/span><\/h3>\n<p>Pute\u021bi rezerva turul dumneavoastr\u0103 prin WhatsApp sau ne pute\u021bi trimite un e-mail \u0219i ve\u021bi primi confirmarea pe loc.<\/p>\n<p>V\u0103 rug\u0103m s\u0103 ne trimite\u021bi numele hotelului, num\u0103rul camerei, copiile pa\u0219apoartelor.<\/p>\n<p>WhatsApp: +201000852186<\/p>\n<p>info@egytourpackages.com<\/p>\n<h3><span style=\"color: #ff6600;\">Rezerva\u021bi Acum \u0219i Pl\u0103ti\u021bi la Fa\u021ba Locului<\/span><\/h3>\n<p>Rezerva\u021bi turul dumneavoastr\u0103 preferat \u0219i pl\u0103ti\u021bi \u00een ziua excursiei.<\/p>\n<h3><span style=\"color: #ff6600;\">Plat\u0103<\/span><\/h3>\n<p>Pute\u021bi pl\u0103ti \u00een lire egiptene, $, \u20ac\u200e sau \u00a3.<\/p>\n<h3><span style=\"color: #ff6600;\">Politica de Anulare<\/span><\/h3>\n<ul>\n<li>Anularea este gratuit\u0103 cu p\u00e2n\u0103 la 24 de ore \u00een avans<\/li>\n<li>Anularea \u00een diminea\u021ba zilei respective este 50% din pre\u021b<\/li>\n<\/ul>\n","protected":false},"excerpt":{"rendered":"<p>Excursie Abu Simbel din Assuan cu Autocarul | Explora\u021bi Marele Templu Abu Simbel al regelui Ramses al II-lea \u0219i templul so\u021biei sale, Nefertari.<\/p>\n","protected":false},"featured_media":9562,"comment_status":"open","ping_status":"closed","template":"","meta":[],"product_brand":[],"product_cat":[3120],"product_tag":[3203,3258,3196],"class_list":{"0":"post-9561","1":"product","2":"type-product","3":"status-publish","4":"has-post-thumbnail","6":"product_cat-tururi","7":"product_tag-excursii-de-o-zi-in-egipt","8":"product_tag-excursii-de-o-zi-la-aswan","9":"product_tag-turul-templului-abu-simbel","10":"tour_category-excursii-aswan-ro","11":"tour_category-excursii-de-o-zi-in-egipt-ro","13":"first","14":"instock","15":"sale","16":"shipping-taxable","17":"purchasable","18":"product-type-tour","19":"has-default-attributes"},"yoast_head":"<!-- This site is optimized with the Yoast SEO Premium plugin v27.2 (Yoast SEO v27.2) - https:\/\/yoast.com\/product\/yoast-seo-premium-wordpress\/ -->\n<title>Excursie Abu Simbel din Assuan cu Autocarul<\/title>\n<meta name=\"description\" content=\"Excursie Abu Simbel din Assuan cu Autocarul | Explora\u021bi Marele Templu Abu Simbel al regelui Ramses al II-lea \u0219i templul so\u021biei sale, Nefertari.\" \/>\n<meta name=\"robots\" content=\"index, follow, max-snippet:-1, max-image-preview:large, max-video-preview:-1\" \/>\n<link rel=\"canonical\" href=\"https:\/\/egytourpackages.com\/ro\/tours\/excursie-abu-simbel-din-assuan-cu-autocarul\/\" \/>\n<meta property=\"og:locale\" content=\"ro_RO\" \/>\n<meta property=\"og:type\" content=\"article\" \/>\n<meta property=\"og:title\" content=\"Excursie Abu Simbel din Assuan cu Autocarul\" \/>\n<meta property=\"og:description\" content=\"Excursie Abu Simbel din Assuan cu Autocarul | Explora\u021bi Marele Templu Abu Simbel al regelui Ramses al II-lea \u0219i templul so\u021biei sale, Nefertari.\" \/>\n<meta property=\"og:url\" content=\"https:\/\/egytourpackages.com\/ro\/tours\/excursie-abu-simbel-din-assuan-cu-autocarul\/\" \/>\n<meta property=\"og:site_name\" content=\"Egypt Tour Packages\" \/>\n<meta property=\"article:publisher\" content=\"https:\/\/www.facebook.com\/egytourpackages\" \/>\n<meta property=\"article:modified_time\" content=\"2026-01-28T20:49:36+00:00\" \/>\n<meta property=\"og:image\" content=\"https:\/\/egytourpackages.com\/wp-content\/uploads\/2023\/08\/Abu-Simbel-from-Aswan-1024x682.jpg\" \/>\n<meta name=\"twitter:card\" content=\"summary_large_image\" \/>\n<meta name=\"twitter:title\" content=\"Excursie Abu Simbel din Assuan cu Autocarul\" \/>\n<meta name=\"twitter:description\" content=\"Excursie Abu Simbel din Assuan cu Autocarul | Explora\u021bi Marele Templu Abu Simbel al regelui Ramses al II-lea \u0219i templul so\u021biei sale, Nefertari.\" \/>\n<meta name=\"twitter:image\" content=\"https:\/\/egytourpackages.com\/wp-content\/uploads\/2023\/08\/Abu-Simbel-from-Aswan-1024x682.jpg\" \/>\n<meta name=\"twitter:label1\" content=\"Pre\u021b\" \/>\n\t<meta name=\"twitter:data1\" content=\"&euro;0\" \/>\n\t<meta name=\"twitter:label2\" content=\"Disponibilitate\" \/>\n\t<meta name=\"twitter:data2\" content=\"\u00cen stoc\" \/>\n<script type=\"application\/ld+json\" class=\"yoast-schema-graph\">{\"@context\":\"https:\/\/schema.org\",\"@graph\":[{\"@type\":\"WebPage\",\"@id\":\"https:\/\/egytourpackages.com\/ro\/tours\/excursie-abu-simbel-din-assuan-cu-autocarul\/\",\"url\":\"https:\/\/egytourpackages.com\/ro\/tours\/excursie-abu-simbel-din-assuan-cu-autocarul\/\",\"name\":\"Excursie Abu Simbel din Assuan cu Autocarul\",\"isPartOf\":{\"@id\":\"https:\/\/egytourpackages.com\/ro\/#website\"},\"primaryImageOfPage\":{\"@id\":\"https:\/\/egytourpackages.com\/ro\/tours\/excursie-abu-simbel-din-assuan-cu-autocarul\/#primaryimage\"},\"image\":{\"@id\":\"https:\/\/egytourpackages.com\/ro\/tours\/excursie-abu-simbel-din-assuan-cu-autocarul\/#primaryimage\"},\"thumbnailUrl\":\"https:\/\/egytourpackages.com\/wp-content\/uploads\/2023\/08\/Abu-Simbel-from-Aswan.jpg\",\"datePublished\":\"2023-08-29T23:30:52+00:00\",\"dateModified\":\"2026-01-28T20:49:36+00:00\",\"description\":\"Excursie Abu Simbel din Assuan cu Autocarul | Explora\u021bi Marele Templu Abu Simbel al regelui Ramses al II-lea \u0219i templul so\u021biei sale, Nefertari.\",\"breadcrumb\":{\"@id\":\"https:\/\/egytourpackages.com\/ro\/tours\/excursie-abu-simbel-din-assuan-cu-autocarul\/#breadcrumb\"},\"inLanguage\":\"ro-RO\",\"potentialAction\":[{\"@type\":\"ReadAction\",\"target\":[\"https:\/\/egytourpackages.com\/ro\/tours\/excursie-abu-simbel-din-assuan-cu-autocarul\/\"]}]},{\"@type\":\"ImageObject\",\"inLanguage\":\"ro-RO\",\"@id\":\"https:\/\/egytourpackages.com\/ro\/tours\/excursie-abu-simbel-din-assuan-cu-autocarul\/#primaryimage\",\"url\":\"https:\/\/egytourpackages.com\/wp-content\/uploads\/2023\/08\/Abu-Simbel-from-Aswan.jpg\",\"contentUrl\":\"https:\/\/egytourpackages.com\/wp-content\/uploads\/2023\/08\/Abu-Simbel-from-Aswan.jpg\",\"width\":2000,\"height\":1333,\"caption\":\"Excursie Abu Simbel din Assuan cu Autocarul\"},{\"@type\":\"BreadcrumbList\",\"@id\":\"https:\/\/egytourpackages.com\/ro\/tours\/excursie-abu-simbel-din-assuan-cu-autocarul\/#breadcrumb\",\"itemListElement\":[{\"@type\":\"ListItem\",\"position\":1,\"name\":\"Home\",\"item\":\"https:\/\/egytourpackages.com\/ro\/\"},{\"@type\":\"ListItem\",\"position\":2,\"name\":\"Shop\",\"item\":\"https:\/\/egytourpackages.com\/shop\/\"},{\"@type\":\"ListItem\",\"position\":3,\"name\":\"Excursie Abu Simbel din Assuan cu Autocarul\"}]},{\"@type\":\"WebSite\",\"@id\":\"https:\/\/egytourpackages.com\/ro\/#website\",\"url\":\"https:\/\/egytourpackages.com\/ro\/\",\"name\":\"Egy tour packages\",\"description\":\"\",\"publisher\":{\"@id\":\"https:\/\/egytourpackages.com\/ro\/#organization\"},\"potentialAction\":[{\"@type\":\"SearchAction\",\"target\":{\"@type\":\"EntryPoint\",\"urlTemplate\":\"https:\/\/egytourpackages.com\/ro\/?s={search_term_string}\"},\"query-input\":{\"@type\":\"PropertyValueSpecification\",\"valueRequired\":true,\"valueName\":\"search_term_string\"}}],\"inLanguage\":\"ro-RO\"},{\"@type\":[\"Organization\",\"Place\",\"TravelAgency\"],\"@id\":\"https:\/\/egytourpackages.com\/ro\/#organization\",\"name\":\"egypt tour packages\",\"alternateName\":\"egypt tour packages\",\"url\":\"https:\/\/egytourpackages.com\/ro\/\",\"logo\":{\"@id\":\"https:\/\/egytourpackages.com\/ro\/tours\/excursie-abu-simbel-din-assuan-cu-autocarul\/#local-main-organization-logo\"},\"image\":{\"@id\":\"https:\/\/egytourpackages.com\/ro\/tours\/excursie-abu-simbel-din-assuan-cu-autocarul\/#local-main-organization-logo\"},\"sameAs\":[\"https:\/\/www.facebook.com\/egytourpackages\"],\"legalName\":\"Egy tour packages\",\"address\":{\"@id\":\"https:\/\/egytourpackages.com\/ro\/tours\/excursie-abu-simbel-din-assuan-cu-autocarul\/#local-main-place-address\"},\"telephone\":[\"00201000852186\",\"00201028685533\"],\"contactPoint\":{\"@type\":\"ContactPoint\",\"telephone\":\"00201000852186\"},\"openingHoursSpecification\":[{\"@type\":\"OpeningHoursSpecification\",\"dayOfWeek\":[\"Monday\",\"Tuesday\",\"Wednesday\",\"Thursday\",\"Friday\",\"Saturday\",\"Sunday\"],\"opens\":\"00:00\",\"closes\":\"23:59\"}],\"email\":\"info@egytourpackages.com\",\"areaServed\":\"Cairo, Hurghada, Luxor, Sharm El Sheikh, Marsa Alam, Aswan\",\"priceRange\":\"$\",\"currenciesAccepted\":\"euro\",\"paymentAccepted\":\"Payment links online\"},{\"@type\":\"PostalAddress\",\"@id\":\"https:\/\/egytourpackages.com\/ro\/tours\/excursie-abu-simbel-din-assuan-cu-autocarul\/#local-main-place-address\",\"streetAddress\":\"Mubarak 8, Al Kawthar District, Hurghada\",\"addressLocality\":\"Hurghada\",\"postalCode\":\"84511\",\"addressRegion\":\"Red Sea\",\"addressCountry\":\"EG\"},{\"@type\":\"ImageObject\",\"inLanguage\":\"ro-RO\",\"@id\":\"https:\/\/egytourpackages.com\/ro\/tours\/excursie-abu-simbel-din-assuan-cu-autocarul\/#local-main-organization-logo\",\"url\":\"https:\/\/egytourpackages.com\/wp-content\/uploads\/2025\/12\/Turquoise-Dahabiya-Nile-Cruise-1.jpeg\",\"contentUrl\":\"https:\/\/egytourpackages.com\/wp-content\/uploads\/2025\/12\/Turquoise-Dahabiya-Nile-Cruise-1.jpeg\",\"width\":1040,\"height\":694,\"caption\":\"egypt tour packages\"}]}<\/script>\n<meta property=\"product:brand\" content=\"Excursii Aswan\" \/>\n<meta property=\"product:price:amount\" content=\"0\" \/>\n<meta property=\"product:price:currency\" content=\"EUR\" \/>\n<meta property=\"og:availability\" content=\"instock\" \/>\n<meta property=\"product:availability\" content=\"instock\" \/>\n<meta property=\"product:retailer_item_id\" content=\"ADT01\" \/>\n<meta property=\"product:condition\" content=\"new\" \/>\n<meta name=\"geo.placename\" content=\"Hurghada\" \/>\n<meta name=\"geo.region\" content=\"Egipt\" \/>\n<!-- \/ Yoast SEO Premium plugin. -->","yoast_head_json":{"title":"Excursie Abu Simbel din Assuan cu Autocarul","description":"Excursie Abu Simbel din Assuan cu Autocarul | Explora\u021bi Marele Templu Abu Simbel al regelui Ramses al II-lea \u0219i templul so\u021biei sale, Nefertari.","robots":{"index":"index","follow":"follow","max-snippet":"max-snippet:-1","max-image-preview":"max-image-preview:large","max-video-preview":"max-video-preview:-1"},"canonical":"https:\/\/egytourpackages.com\/ro\/tours\/excursie-abu-simbel-din-assuan-cu-autocarul\/","og_locale":"ro_RO","og_type":"article","og_title":"Excursie Abu Simbel din Assuan cu Autocarul","og_description":"Excursie Abu Simbel din Assuan cu Autocarul | Explora\u021bi Marele Templu Abu Simbel al regelui Ramses al II-lea \u0219i templul so\u021biei sale, Nefertari.","og_url":"https:\/\/egytourpackages.com\/ro\/tours\/excursie-abu-simbel-din-assuan-cu-autocarul\/","og_site_name":"Egypt Tour Packages","article_publisher":"https:\/\/www.facebook.com\/egytourpackages","article_modified_time":"2026-01-28T20:49:36+00:00","og_image":[{"url":"https:\/\/egytourpackages.com\/wp-content\/uploads\/2023\/08\/Abu-Simbel-from-Aswan-1024x682.jpg","type":"","width":"","height":""}],"twitter_card":"summary_large_image","twitter_title":"Excursie Abu Simbel din Assuan cu Autocarul","twitter_description":"Excursie Abu Simbel din Assuan cu Autocarul | Explora\u021bi Marele Templu Abu Simbel al regelui Ramses al II-lea \u0219i templul so\u021biei sale, Nefertari.","twitter_image":"https:\/\/egytourpackages.com\/wp-content\/uploads\/2023\/08\/Abu-Simbel-from-Aswan-1024x682.jpg","twitter_misc":{"Pre\u021b":"&euro;0","Disponibilitate":"\u00cen stoc"},"schema":{"@context":"https:\/\/schema.org","@graph":[{"@type":"WebPage","@id":"https:\/\/egytourpackages.com\/ro\/tours\/excursie-abu-simbel-din-assuan-cu-autocarul\/","url":"https:\/\/egytourpackages.com\/ro\/tours\/excursie-abu-simbel-din-assuan-cu-autocarul\/","name":"Excursie Abu Simbel din Assuan cu Autocarul","isPartOf":{"@id":"https:\/\/egytourpackages.com\/ro\/#website"},"primaryImageOfPage":{"@id":"https:\/\/egytourpackages.com\/ro\/tours\/excursie-abu-simbel-din-assuan-cu-autocarul\/#primaryimage"},"image":{"@id":"https:\/\/egytourpackages.com\/ro\/tours\/excursie-abu-simbel-din-assuan-cu-autocarul\/#primaryimage"},"thumbnailUrl":"https:\/\/egytourpackages.com\/wp-content\/uploads\/2023\/08\/Abu-Simbel-from-Aswan.jpg","datePublished":"2023-08-29T23:30:52+00:00","dateModified":"2026-01-28T20:49:36+00:00","description":"Excursie Abu Simbel din Assuan cu Autocarul | Explora\u021bi Marele Templu Abu Simbel al regelui Ramses al II-lea \u0219i templul so\u021biei sale, Nefertari.","breadcrumb":{"@id":"https:\/\/egytourpackages.com\/ro\/tours\/excursie-abu-simbel-din-assuan-cu-autocarul\/#breadcrumb"},"inLanguage":"ro-RO","potentialAction":[{"@type":"ReadAction","target":["https:\/\/egytourpackages.com\/ro\/tours\/excursie-abu-simbel-din-assuan-cu-autocarul\/"]}]},{"@type":"ImageObject","inLanguage":"ro-RO","@id":"https:\/\/egytourpackages.com\/ro\/tours\/excursie-abu-simbel-din-assuan-cu-autocarul\/#primaryimage","url":"https:\/\/egytourpackages.com\/wp-content\/uploads\/2023\/08\/Abu-Simbel-from-Aswan.jpg","contentUrl":"https:\/\/egytourpackages.com\/wp-content\/uploads\/2023\/08\/Abu-Simbel-from-Aswan.jpg","width":2000,"height":1333,"caption":"Excursie Abu Simbel din Assuan cu Autocarul"},{"@type":"BreadcrumbList","@id":"https:\/\/egytourpackages.com\/ro\/tours\/excursie-abu-simbel-din-assuan-cu-autocarul\/#breadcrumb","itemListElement":[{"@type":"ListItem","position":1,"name":"Home","item":"https:\/\/egytourpackages.com\/ro\/"},{"@type":"ListItem","position":2,"name":"Shop","item":"https:\/\/egytourpackages.com\/shop\/"},{"@type":"ListItem","position":3,"name":"Excursie Abu Simbel din Assuan cu Autocarul"}]},{"@type":"WebSite","@id":"https:\/\/egytourpackages.com\/ro\/#website","url":"https:\/\/egytourpackages.com\/ro\/","name":"Egy tour packages","description":"","publisher":{"@id":"https:\/\/egytourpackages.com\/ro\/#organization"},"potentialAction":[{"@type":"SearchAction","target":{"@type":"EntryPoint","urlTemplate":"https:\/\/egytourpackages.com\/ro\/?s={search_term_string}"},"query-input":{"@type":"PropertyValueSpecification","valueRequired":true,"valueName":"search_term_string"}}],"inLanguage":"ro-RO"},{"@type":["Organization","Place","TravelAgency"],"@id":"https:\/\/egytourpackages.com\/ro\/#organization","name":"egypt tour packages","alternateName":"egypt tour packages","url":"https:\/\/egytourpackages.com\/ro\/","logo":{"@id":"https:\/\/egytourpackages.com\/ro\/tours\/excursie-abu-simbel-din-assuan-cu-autocarul\/#local-main-organization-logo"},"image":{"@id":"https:\/\/egytourpackages.com\/ro\/tours\/excursie-abu-simbel-din-assuan-cu-autocarul\/#local-main-organization-logo"},"sameAs":["https:\/\/www.facebook.com\/egytourpackages"],"legalName":"Egy tour packages","address":{"@id":"https:\/\/egytourpackages.com\/ro\/tours\/excursie-abu-simbel-din-assuan-cu-autocarul\/#local-main-place-address"},"telephone":["00201000852186","00201028685533"],"contactPoint":{"@type":"ContactPoint","telephone":"00201000852186"},"openingHoursSpecification":[{"@type":"OpeningHoursSpecification","dayOfWeek":["Monday","Tuesday","Wednesday","Thursday","Friday","Saturday","Sunday"],"opens":"00:00","closes":"23:59"}],"email":"info@egytourpackages.com","areaServed":"Cairo, Hurghada, Luxor, Sharm El Sheikh, Marsa Alam, Aswan","priceRange":"$","currenciesAccepted":"euro","paymentAccepted":"Payment links online"},{"@type":"PostalAddress","@id":"https:\/\/egytourpackages.com\/ro\/tours\/excursie-abu-simbel-din-assuan-cu-autocarul\/#local-main-place-address","streetAddress":"Mubarak 8, Al Kawthar District, Hurghada","addressLocality":"Hurghada","postalCode":"84511","addressRegion":"Red Sea","addressCountry":"EG"},{"@type":"ImageObject","inLanguage":"ro-RO","@id":"https:\/\/egytourpackages.com\/ro\/tours\/excursie-abu-simbel-din-assuan-cu-autocarul\/#local-main-organization-logo","url":"https:\/\/egytourpackages.com\/wp-content\/uploads\/2025\/12\/Turquoise-Dahabiya-Nile-Cruise-1.jpeg","contentUrl":"https:\/\/egytourpackages.com\/wp-content\/uploads\/2025\/12\/Turquoise-Dahabiya-Nile-Cruise-1.jpeg","width":1040,"height":694,"caption":"egypt tour packages"}]},"product_brand":"Excursii Aswan","product_price_currency":"EUR","og_availability":"instock","product_availability":"instock","product_retailer_item_id":"ADT01","product_condition":"new","geo.placename":"Hurghada","geo.region":"Egipt"},"_links":{"self":[{"href":"https:\/\/egytourpackages.com\/ro\/wp-json\/wp\/v2\/product\/9561","targetHints":{"allow":["GET"]}}],"collection":[{"href":"https:\/\/egytourpackages.com\/ro\/wp-json\/wp\/v2\/product"}],"about":[{"href":"https:\/\/egytourpackages.com\/ro\/wp-json\/wp\/v2\/types\/product"}],"replies":[{"embeddable":true,"href":"https:\/\/egytourpackages.com\/ro\/wp-json\/wp\/v2\/comments?post=9561"}],"wp:featuredmedia":[{"embeddable":true,"href":"https:\/\/egytourpackages.com\/ro\/wp-json\/wp\/v2\/media\/9562"}],"wp:attachment":[{"href":"https:\/\/egytourpackages.com\/ro\/wp-json\/wp\/v2\/media?parent=9561"}],"wp:term":[{"taxonomy":"product_brand","embeddable":true,"href":"https:\/\/egytourpackages.com\/ro\/wp-json\/wp\/v2\/product_brand?post=9561"},{"taxonomy":"product_cat","embeddable":true,"href":"https:\/\/egytourpackages.com\/ro\/wp-json\/wp\/v2\/product_cat?post=9561"},{"taxonomy":"product_tag","embeddable":true,"href":"https:\/\/egytourpackages.com\/ro\/wp-json\/wp\/v2\/product_tag?post=9561"}],"curies":[{"name":"wp","href":"https:\/\/api.w.org\/{rel}","templated":true}]}}