{"id":9565,"date":"2023-08-30T13:19:49","date_gmt":"2023-08-30T13:19:49","guid":{"rendered":"https:\/\/egytourpackages.com\/product\/tur-satul-nubian-in-assuan-cu-barca\/"},"modified":"2026-01-09T11:57:10","modified_gmt":"2026-01-09T11:57:10","slug":"tur-satul-nubian-in-assuan-cu-barca","status":"publish","type":"product","link":"https:\/\/egytourpackages.com\/ro\/tours\/tur-satul-nubian-in-assuan-cu-barca\/","title":{"rendered":"Tur Satul Nubian \u00een Assuan cu Barca"},"content":{"rendered":"<p><span style=\"color: #ff6600;\"><strong>Tur Satul Nubian \u00een Assuan cu Barca (Experien\u021b\u0103 Cultural\u0103 pe Nil)<\/strong><\/span><\/p>\n<p><strong>Turul dumneavoastr\u0103 la Satul Nubian din Assuan cu Barca<\/strong> este total diferit de oricare dintre <strong>excursiile \u00een Egipt<\/strong> pe care le ve\u021bi face. De fapt, <strong>tururile dumneavoastr\u0103 de o zi \u00een Egipt<\/strong> la Satul Nubian sunt unice, deoarece ve\u021bi avea privilegiul de a cunoa\u0219te pu\u021bin din tradi\u021biile, istoria \u0219i limba nubian\u0103.<\/p>\n<p>\u00centr-adev\u0103r, casele lor din piatr\u0103 \u0219i lut cu acoperi\u0219uri arcuite sunt foarte unice \u00een Egipt, la fel ca \u0219i paradisurile lor naturale dintre mun\u021bi \u0219i <strong>Fluviul Nil<\/strong>.<\/p>\n<p><strong>Tururile dumneavoastr\u0103 de o zi din Assuan<\/strong> la Satul Nubian v\u0103 vor permite s\u0103 naviga\u021bi pe l\u00e2ng\u0103 unele dintre <strong>atrac\u021biile din Assuan<\/strong>, cum ar fi <strong>Gr\u0103dina Botanic\u0103<\/strong> \u0219i <strong>Mormintele Nobililor<\/strong> aflate \u00een v\u00e2rful muntelui. Mai mult, ve\u021bi trece pe l\u00e2ng\u0103 <strong>Mausoleul Agha Khan<\/strong> \u0219i unele dintre insulele protejate.<\/p>\n<p>\u00cen concluzie, un <strong>Tur la Satul Nubian din Assuan cu Barca<\/strong> este o excursie obligatorie \u00een timp ce v\u0103 afla\u021bi \u00een Assuan \u0219i unul dintre <strong>cele mai bune lucruri de f\u0103cut \u00een Assuan<\/strong>.<\/p>\n<h3><span style=\"color: #ff6600;\">Detalii Tur<\/span><\/h3>\n<ul>\n<li>Durat\u0103: 1\/2 Zi<\/li>\n<li>Loca\u021bia Turului: Assuan Gharb Sohail<\/li>\n<li>Disponibilitatea Turului: \u00cen fiecare zi<\/li>\n<li>Preluare \u0219i Predare: Hotelul dumneavoastr\u0103 din Assuan \/ Croaziera pe Nil<\/li>\n<li>Tipul Turului: Privat<\/li>\n<li>Scaun cu Rotile: Accesibil<\/li>\n<\/ul>\n<h3><span style=\"color: #ff6600;\">Repere Tur<\/span><\/h3>\n<ul>\n<li>Satul Nubian Gharb Sohail<\/li>\n<li>Pia\u021ba Nubian\u0103<\/li>\n<li>Cas\u0103 Local\u0103 \u0219i Tatuaj cu Henna<\/li>\n<\/ul>\n<h3><span style=\"color: #ff6600;\">Includeri<\/span><\/h3>\n<ul>\n<li>Transfer dus-\u00eentors cu barc\u0103 cu motor<\/li>\n<li>Ghid egiptolog expert<\/li>\n<li>Ceai \u0219i Hibiscus<\/li>\n<\/ul>\n<h3><span style=\"color: #ff6600;\">Excluderi<\/span><\/h3>\n<ul>\n<li>Tatuaj cu Henna<\/li>\n<li>Bac\u0219i\u0219uri (Tipping)<\/li>\n<\/ul>\n<h3><span style=\"color: #ff6600;\">Ce s\u0103 \u00cempacheta\u021bi<\/span><\/h3>\n<ul>\n<li>P\u0103l\u0103rie, Ochelari de soare \u0219i Crem\u0103 solar\u0103<\/li>\n<li>Pantofi \u0219i haine confortabile<\/li>\n<\/ul>\n<h2><span style=\"color: #ff6600;\">Itinerariu<\/span><\/h2>\n<p><strong>Turul la Satul Nubian din Assuan cu Barca<\/strong> este o dup\u0103-amiaz\u0103 uimitoare, mai ales dup\u0103 vizitarea atrac\u021biilor din Assuan, luarea pr\u00e2nzului \u0219i apoi preg\u0103tirea pentru cultura nubian\u0103 \u0219i frumuse\u021bea natural\u0103 a Assuanului. Ghidul dumneavoastr\u0103 v\u0103 va prelua din lobby-ul hotelului sau de la Croaziera pe Nil pentru a \u00eencepe <strong>tururile dumneavoastr\u0103 de o zi din Assuan<\/strong> la Satul Nubian din cel mai apropiat loc de Croaziera dumneavoastr\u0103 pe Nil. Odat\u0103 ajun\u0219i la bordul <strong>B\u0103rcii cu Motor<\/strong>, ve\u021bi \u00eencepe <strong>excursiile dumneavoastr\u0103 \u00een Egipt<\/strong> la Satul Nubian. \u00cen timp ce naviga\u021bi, bucura\u021bi-v\u0103 de peisajul frumos al Nilului pe tot parcursul drumului p\u00e2n\u0103 la Satul Nubian. De asemenea, bucura\u021bi-v\u0103 de c\u00e2teva repere din Assuan pe parcurs, cum ar fi <strong>Insula El Nabatat<\/strong> sau <strong>Insula Kitchener<\/strong>, <strong>Qubbet el-Hawa<\/strong> sau <strong>Mormintele Nobililor din Assuan<\/strong> \u0219i <strong>Mausoleul Aga Khan<\/strong>.<\/p>\n<p>Pe drum, bucura\u021bi-v\u0103 de zidurile \u0219i casele colorate, de cupole \u0219i v\u0103 pute\u021bi bucura, de asemenea, de unele activit\u0103\u021bi precum <strong>sand boarding<\/strong>, <strong>drume\u021bii \u00een de\u0219ert<\/strong> sau o <strong>plimbare cu c\u0103mila<\/strong>. De \u00eendat\u0103 ce ajunge\u021bi \u00een Satul Nubian, v\u0103 ve\u021bi plimba cu ghidul dumneavoastr\u0103 pe str\u0103zile uimitoare \u0219i colorate, pline de magazine, p\u00e2n\u0103 c\u00e2nd ve\u021bi ajunge la o <strong>cas\u0103 nubian\u0103 local\u0103<\/strong> pentru a savura o b\u0103utur\u0103, a vedea <strong>Crocodilul<\/strong> \u0219i a afla despre tradi\u021biile lor. Dac\u0103 dori\u021bi, pute\u021bi alege un tatuaj, iar doamnele nubiene vi-l vor face.<\/p>\n<p>Mai t\u00e2rziu, dac\u0103 dori\u021bi timp liber pe cont propriu pentru a face cump\u0103r\u0103turi \u00eenainte de a naviga \u00eenapoi la Croaziera pe Nil sau la Hotelul dumneavoastr\u0103 din Assuan.<\/p>\n<h3><span style=\"color: #ff6600;\">Pre\u021b Tur Satul Nubian \u00een Assuan cu Barca<\/span><\/h3>\n<ul>\n<li>Pre\u021b Adult = 40 \u20ac<\/li>\n<li>Copii 0-5 ani = gratuit<\/li>\n<li>Copii 5-11 ani = 50% din pre\u021bul adultului<\/li>\n<\/ul>\n<h3><span style=\"color: #ff6600;\">Rezervare<\/span><\/h3>\n<p>Pute\u021bi <strong>rezerva turul<\/strong> dumneavoastr\u0103 prin WhatsApp sau ne pute\u021bi trimite un e-mail \u0219i ve\u021bi primi confirmarea pe loc.<\/p>\n<p>V\u0103 rug\u0103m s\u0103 ne trimite\u021bi numele hotelului, num\u0103rul camerei, copiile pa\u0219apoartelor.<\/p>\n<p>WhatsApp: +201000852186<\/p>\n<p>info@egytourpackages.com<\/p>\n<h3><span style=\"color: #ff6600;\">Rezerva\u021bi Acum \u0219i Pl\u0103ti\u021bi la Fa\u021ba Locului<\/span><\/h3>\n<p>Rezerva\u021bi turul dumneavoastr\u0103 preferat \u0219i pl\u0103ti\u021bi \u00een ziua excursiei.<\/p>\n<h3><span style=\"color: #ff6600;\">Plat\u0103<\/span><\/h3>\n<p>Pute\u021bi pl\u0103ti \u00een lire egiptene, $, \u20ac\u200e sau \u00a3.<\/p>\n<h3><span style=\"color: #ff6600;\">Politica de Anulare<\/span><\/h3>\n<ul>\n<li>Anularea este gratuit\u0103 cu p\u00e2n\u0103 la 24 de ore \u00een avans<\/li>\n<li>Anularea \u00een diminea\u021ba zilei respective este 50% din pre\u021b<\/li>\n<\/ul>\n","protected":false},"excerpt":{"rendered":"<p>Tur la Satul Nubian \u00een Assuan cu Barca | Explora\u021bi cultura, tradi\u021biile \u0219i limba nubian\u0103 \u00een timpul excursiilor \u00een Egipt la Satul Nubian din Assuan.<\/p>\n","protected":false},"featured_media":9566,"comment_status":"open","ping_status":"closed","template":"","meta":[],"product_brand":[],"product_cat":[3120],"product_tag":[3259,3258],"class_list":{"0":"post-9565","1":"product","2":"type-product","3":"status-publish","4":"has-post-thumbnail","6":"product_cat-tururi","7":"product_tag-cele-mai-bune-lucruri-de-facut-in-assuan","8":"product_tag-excursii-de-o-zi-la-aswan","9":"tour_category-excursii-aswan-ro","10":"tour_category-excursii-de-o-zi-in-egipt-ro","12":"first","13":"instock","14":"sale","15":"shipping-taxable","16":"purchasable","17":"product-type-tour","18":"has-default-attributes"},"yoast_head":"<!-- This site is optimized with the Yoast SEO Premium plugin v27.2 (Yoast SEO v27.2) - https:\/\/yoast.com\/product\/yoast-seo-premium-wordpress\/ -->\n<title>Tur Satul Nubian \u00een Assuan cu Barca: Excursii la Assuan<\/title>\n<meta name=\"description\" content=\"Tur la Satul Nubian \u00een Assuan cu Barca | Explora\u021bi cultura, tradi\u021biile \u0219i limba nubian\u0103 \u00een timpul excursiilor \u00een Egipt la Satul Nubian din Assuan.\" \/>\n<meta name=\"robots\" content=\"index, follow, max-snippet:-1, max-image-preview:large, max-video-preview:-1\" \/>\n<link rel=\"canonical\" href=\"https:\/\/egytourpackages.com\/ro\/tours\/tur-satul-nubian-in-assuan-cu-barca\/\" \/>\n<meta property=\"og:locale\" content=\"ro_RO\" \/>\n<meta property=\"og:type\" content=\"article\" \/>\n<meta property=\"og:title\" content=\"Tur Satul Nubian \u00een Assuan cu Barca\" \/>\n<meta property=\"og:description\" content=\"Tur la Satul Nubian \u00een Assuan cu Barca | Explora\u021bi cultura, tradi\u021biile \u0219i limba nubian\u0103 \u00een timpul excursiilor \u00een Egipt la Satul Nubian din Assuan.\" \/>\n<meta property=\"og:url\" content=\"https:\/\/egytourpackages.com\/ro\/tours\/tur-satul-nubian-in-assuan-cu-barca\/\" \/>\n<meta property=\"og:site_name\" content=\"Egypt Tour Packages\" \/>\n<meta property=\"article:publisher\" content=\"https:\/\/www.facebook.com\/egytourpackages\" \/>\n<meta property=\"article:modified_time\" content=\"2026-01-09T11:57:10+00:00\" \/>\n<meta property=\"og:image\" content=\"https:\/\/egytourpackages.com\/wp-content\/uploads\/2023\/08\/Nubian-Village-1024x682.jpeg\" \/>\n<meta name=\"twitter:card\" content=\"summary_large_image\" \/>\n<meta name=\"twitter:title\" content=\"Tur Satul Nubian \u00een Assuan cu Barca\" \/>\n<meta name=\"twitter:description\" content=\"Tur la Satul Nubian \u00een Assuan cu Barca | Explora\u021bi cultura, tradi\u021biile \u0219i limba nubian\u0103 \u00een timpul excursiilor \u00een Egipt la Satul Nubian din Assuan.\" \/>\n<meta name=\"twitter:image\" content=\"https:\/\/egytourpackages.com\/wp-content\/uploads\/2023\/08\/Nubian-Village-1024x682.jpeg\" \/>\n<meta name=\"twitter:label1\" content=\"Pre\u021b\" \/>\n\t<meta name=\"twitter:data1\" content=\"&euro;40\" \/>\n\t<meta name=\"twitter:label2\" content=\"Disponibilitate\" \/>\n\t<meta name=\"twitter:data2\" content=\"\u00cen stoc\" \/>\n<script type=\"application\/ld+json\" class=\"yoast-schema-graph\">{\"@context\":\"https:\/\/schema.org\",\"@graph\":[{\"@type\":\"WebPage\",\"@id\":\"https:\/\/egytourpackages.com\/ro\/tours\/tur-satul-nubian-in-assuan-cu-barca\/\",\"url\":\"https:\/\/egytourpackages.com\/ro\/tours\/tur-satul-nubian-in-assuan-cu-barca\/\",\"name\":\"Tur Satul Nubian \u00een Assuan cu Barca: Excursii la Assuan\",\"isPartOf\":{\"@id\":\"https:\/\/egytourpackages.com\/ro\/#website\"},\"primaryImageOfPage\":{\"@id\":\"https:\/\/egytourpackages.com\/ro\/tours\/tur-satul-nubian-in-assuan-cu-barca\/#primaryimage\"},\"image\":{\"@id\":\"https:\/\/egytourpackages.com\/ro\/tours\/tur-satul-nubian-in-assuan-cu-barca\/#primaryimage\"},\"thumbnailUrl\":\"https:\/\/egytourpackages.com\/wp-content\/uploads\/2023\/08\/Nubian-Village.jpeg\",\"datePublished\":\"2023-08-30T13:19:49+00:00\",\"dateModified\":\"2026-01-09T11:57:10+00:00\",\"description\":\"Tur la Satul Nubian \u00een Assuan cu Barca | Explora\u021bi cultura, tradi\u021biile \u0219i limba nubian\u0103 \u00een timpul excursiilor \u00een Egipt la Satul Nubian din Assuan.\",\"breadcrumb\":{\"@id\":\"https:\/\/egytourpackages.com\/ro\/tours\/tur-satul-nubian-in-assuan-cu-barca\/#breadcrumb\"},\"inLanguage\":\"ro-RO\",\"potentialAction\":[{\"@type\":\"ReadAction\",\"target\":[\"https:\/\/egytourpackages.com\/ro\/tours\/tur-satul-nubian-in-assuan-cu-barca\/\"]}]},{\"@type\":\"ImageObject\",\"inLanguage\":\"ro-RO\",\"@id\":\"https:\/\/egytourpackages.com\/ro\/tours\/tur-satul-nubian-in-assuan-cu-barca\/#primaryimage\",\"url\":\"https:\/\/egytourpackages.com\/wp-content\/uploads\/2023\/08\/Nubian-Village.jpeg\",\"contentUrl\":\"https:\/\/egytourpackages.com\/wp-content\/uploads\/2023\/08\/Nubian-Village.jpeg\",\"width\":1280,\"height\":853,\"caption\":\"Tur Satul Nubian \u00een Assuan cu Barca\"},{\"@type\":\"BreadcrumbList\",\"@id\":\"https:\/\/egytourpackages.com\/ro\/tours\/tur-satul-nubian-in-assuan-cu-barca\/#breadcrumb\",\"itemListElement\":[{\"@type\":\"ListItem\",\"position\":1,\"name\":\"Home\",\"item\":\"https:\/\/egytourpackages.com\/ro\/\"},{\"@type\":\"ListItem\",\"position\":2,\"name\":\"Shop\",\"item\":\"https:\/\/egytourpackages.com\/shop\/\"},{\"@type\":\"ListItem\",\"position\":3,\"name\":\"Tur Satul Nubian \u00een Assuan cu Barca\"}]},{\"@type\":\"WebSite\",\"@id\":\"https:\/\/egytourpackages.com\/ro\/#website\",\"url\":\"https:\/\/egytourpackages.com\/ro\/\",\"name\":\"Egy tour packages\",\"description\":\"\",\"publisher\":{\"@id\":\"https:\/\/egytourpackages.com\/ro\/#organization\"},\"potentialAction\":[{\"@type\":\"SearchAction\",\"target\":{\"@type\":\"EntryPoint\",\"urlTemplate\":\"https:\/\/egytourpackages.com\/ro\/?s={search_term_string}\"},\"query-input\":{\"@type\":\"PropertyValueSpecification\",\"valueRequired\":true,\"valueName\":\"search_term_string\"}}],\"inLanguage\":\"ro-RO\"},{\"@type\":[\"Organization\",\"Place\",\"TravelAgency\"],\"@id\":\"https:\/\/egytourpackages.com\/ro\/#organization\",\"name\":\"egypt tour packages\",\"alternateName\":\"egypt tour packages\",\"url\":\"https:\/\/egytourpackages.com\/ro\/\",\"logo\":{\"@id\":\"https:\/\/egytourpackages.com\/ro\/tours\/tur-satul-nubian-in-assuan-cu-barca\/#local-main-organization-logo\"},\"image\":{\"@id\":\"https:\/\/egytourpackages.com\/ro\/tours\/tur-satul-nubian-in-assuan-cu-barca\/#local-main-organization-logo\"},\"sameAs\":[\"https:\/\/www.facebook.com\/egytourpackages\"],\"legalName\":\"Egy tour packages\",\"address\":{\"@id\":\"https:\/\/egytourpackages.com\/ro\/tours\/tur-satul-nubian-in-assuan-cu-barca\/#local-main-place-address\"},\"telephone\":[\"00201000852186\",\"00201028685533\"],\"contactPoint\":{\"@type\":\"ContactPoint\",\"telephone\":\"00201000852186\"},\"openingHoursSpecification\":[{\"@type\":\"OpeningHoursSpecification\",\"dayOfWeek\":[\"Monday\",\"Tuesday\",\"Wednesday\",\"Thursday\",\"Friday\",\"Saturday\",\"Sunday\"],\"opens\":\"00:00\",\"closes\":\"23:59\"}],\"email\":\"info@egytourpackages.com\",\"areaServed\":\"Cairo, Hurghada, Luxor, Sharm El Sheikh, Marsa Alam, Aswan\",\"priceRange\":\"$\",\"currenciesAccepted\":\"euro\",\"paymentAccepted\":\"Payment links online\"},{\"@type\":\"PostalAddress\",\"@id\":\"https:\/\/egytourpackages.com\/ro\/tours\/tur-satul-nubian-in-assuan-cu-barca\/#local-main-place-address\",\"streetAddress\":\"Mubarak 8, Al Kawthar District, Hurghada\",\"addressLocality\":\"Hurghada\",\"postalCode\":\"84511\",\"addressRegion\":\"Red Sea\",\"addressCountry\":\"EG\"},{\"@type\":\"ImageObject\",\"inLanguage\":\"ro-RO\",\"@id\":\"https:\/\/egytourpackages.com\/ro\/tours\/tur-satul-nubian-in-assuan-cu-barca\/#local-main-organization-logo\",\"url\":\"https:\/\/egytourpackages.com\/wp-content\/uploads\/2025\/12\/Turquoise-Dahabiya-Nile-Cruise-1.jpeg\",\"contentUrl\":\"https:\/\/egytourpackages.com\/wp-content\/uploads\/2025\/12\/Turquoise-Dahabiya-Nile-Cruise-1.jpeg\",\"width\":1040,\"height\":694,\"caption\":\"egypt tour packages\"}]}<\/script>\n<meta property=\"product:brand\" content=\"Excursii Aswan\" \/>\n<meta property=\"product:price:amount\" content=\"40\" \/>\n<meta property=\"product:price:currency\" content=\"EUR\" \/>\n<meta property=\"og:availability\" content=\"instock\" \/>\n<meta property=\"product:availability\" content=\"instock\" \/>\n<meta property=\"product:retailer_item_id\" content=\"ADT02\" \/>\n<meta property=\"product:condition\" content=\"new\" \/>\n<meta name=\"geo.placename\" content=\"Hurghada\" \/>\n<meta name=\"geo.region\" content=\"Egipt\" \/>\n<!-- \/ Yoast SEO Premium plugin. -->","yoast_head_json":{"title":"Tur Satul Nubian \u00een Assuan cu Barca: Excursii la Assuan","description":"Tur la Satul Nubian \u00een Assuan cu Barca | Explora\u021bi cultura, tradi\u021biile \u0219i limba nubian\u0103 \u00een timpul excursiilor \u00een Egipt la Satul Nubian din Assuan.","robots":{"index":"index","follow":"follow","max-snippet":"max-snippet:-1","max-image-preview":"max-image-preview:large","max-video-preview":"max-video-preview:-1"},"canonical":"https:\/\/egytourpackages.com\/ro\/tours\/tur-satul-nubian-in-assuan-cu-barca\/","og_locale":"ro_RO","og_type":"article","og_title":"Tur Satul Nubian \u00een Assuan cu Barca","og_description":"Tur la Satul Nubian \u00een Assuan cu Barca | Explora\u021bi cultura, tradi\u021biile \u0219i limba nubian\u0103 \u00een timpul excursiilor \u00een Egipt la Satul Nubian din Assuan.","og_url":"https:\/\/egytourpackages.com\/ro\/tours\/tur-satul-nubian-in-assuan-cu-barca\/","og_site_name":"Egypt Tour Packages","article_publisher":"https:\/\/www.facebook.com\/egytourpackages","article_modified_time":"2026-01-09T11:57:10+00:00","og_image":[{"url":"https:\/\/egytourpackages.com\/wp-content\/uploads\/2023\/08\/Nubian-Village-1024x682.jpeg","type":"","width":"","height":""}],"twitter_card":"summary_large_image","twitter_title":"Tur Satul Nubian \u00een Assuan cu Barca","twitter_description":"Tur la Satul Nubian \u00een Assuan cu Barca | Explora\u021bi cultura, tradi\u021biile \u0219i limba nubian\u0103 \u00een timpul excursiilor \u00een Egipt la Satul Nubian din Assuan.","twitter_image":"https:\/\/egytourpackages.com\/wp-content\/uploads\/2023\/08\/Nubian-Village-1024x682.jpeg","twitter_misc":{"Pre\u021b":"&euro;40","Disponibilitate":"\u00cen stoc"},"schema":{"@context":"https:\/\/schema.org","@graph":[{"@type":"WebPage","@id":"https:\/\/egytourpackages.com\/ro\/tours\/tur-satul-nubian-in-assuan-cu-barca\/","url":"https:\/\/egytourpackages.com\/ro\/tours\/tur-satul-nubian-in-assuan-cu-barca\/","name":"Tur Satul Nubian \u00een Assuan cu Barca: Excursii la Assuan","isPartOf":{"@id":"https:\/\/egytourpackages.com\/ro\/#website"},"primaryImageOfPage":{"@id":"https:\/\/egytourpackages.com\/ro\/tours\/tur-satul-nubian-in-assuan-cu-barca\/#primaryimage"},"image":{"@id":"https:\/\/egytourpackages.com\/ro\/tours\/tur-satul-nubian-in-assuan-cu-barca\/#primaryimage"},"thumbnailUrl":"https:\/\/egytourpackages.com\/wp-content\/uploads\/2023\/08\/Nubian-Village.jpeg","datePublished":"2023-08-30T13:19:49+00:00","dateModified":"2026-01-09T11:57:10+00:00","description":"Tur la Satul Nubian \u00een Assuan cu Barca | Explora\u021bi cultura, tradi\u021biile \u0219i limba nubian\u0103 \u00een timpul excursiilor \u00een Egipt la Satul Nubian din Assuan.","breadcrumb":{"@id":"https:\/\/egytourpackages.com\/ro\/tours\/tur-satul-nubian-in-assuan-cu-barca\/#breadcrumb"},"inLanguage":"ro-RO","potentialAction":[{"@type":"ReadAction","target":["https:\/\/egytourpackages.com\/ro\/tours\/tur-satul-nubian-in-assuan-cu-barca\/"]}]},{"@type":"ImageObject","inLanguage":"ro-RO","@id":"https:\/\/egytourpackages.com\/ro\/tours\/tur-satul-nubian-in-assuan-cu-barca\/#primaryimage","url":"https:\/\/egytourpackages.com\/wp-content\/uploads\/2023\/08\/Nubian-Village.jpeg","contentUrl":"https:\/\/egytourpackages.com\/wp-content\/uploads\/2023\/08\/Nubian-Village.jpeg","width":1280,"height":853,"caption":"Tur Satul Nubian \u00een Assuan cu Barca"},{"@type":"BreadcrumbList","@id":"https:\/\/egytourpackages.com\/ro\/tours\/tur-satul-nubian-in-assuan-cu-barca\/#breadcrumb","itemListElement":[{"@type":"ListItem","position":1,"name":"Home","item":"https:\/\/egytourpackages.com\/ro\/"},{"@type":"ListItem","position":2,"name":"Shop","item":"https:\/\/egytourpackages.com\/shop\/"},{"@type":"ListItem","position":3,"name":"Tur Satul Nubian \u00een Assuan cu Barca"}]},{"@type":"WebSite","@id":"https:\/\/egytourpackages.com\/ro\/#website","url":"https:\/\/egytourpackages.com\/ro\/","name":"Egy tour packages","description":"","publisher":{"@id":"https:\/\/egytourpackages.com\/ro\/#organization"},"potentialAction":[{"@type":"SearchAction","target":{"@type":"EntryPoint","urlTemplate":"https:\/\/egytourpackages.com\/ro\/?s={search_term_string}"},"query-input":{"@type":"PropertyValueSpecification","valueRequired":true,"valueName":"search_term_string"}}],"inLanguage":"ro-RO"},{"@type":["Organization","Place","TravelAgency"],"@id":"https:\/\/egytourpackages.com\/ro\/#organization","name":"egypt tour packages","alternateName":"egypt tour packages","url":"https:\/\/egytourpackages.com\/ro\/","logo":{"@id":"https:\/\/egytourpackages.com\/ro\/tours\/tur-satul-nubian-in-assuan-cu-barca\/#local-main-organization-logo"},"image":{"@id":"https:\/\/egytourpackages.com\/ro\/tours\/tur-satul-nubian-in-assuan-cu-barca\/#local-main-organization-logo"},"sameAs":["https:\/\/www.facebook.com\/egytourpackages"],"legalName":"Egy tour packages","address":{"@id":"https:\/\/egytourpackages.com\/ro\/tours\/tur-satul-nubian-in-assuan-cu-barca\/#local-main-place-address"},"telephone":["00201000852186","00201028685533"],"contactPoint":{"@type":"ContactPoint","telephone":"00201000852186"},"openingHoursSpecification":[{"@type":"OpeningHoursSpecification","dayOfWeek":["Monday","Tuesday","Wednesday","Thursday","Friday","Saturday","Sunday"],"opens":"00:00","closes":"23:59"}],"email":"info@egytourpackages.com","areaServed":"Cairo, Hurghada, Luxor, Sharm El Sheikh, Marsa Alam, Aswan","priceRange":"$","currenciesAccepted":"euro","paymentAccepted":"Payment links online"},{"@type":"PostalAddress","@id":"https:\/\/egytourpackages.com\/ro\/tours\/tur-satul-nubian-in-assuan-cu-barca\/#local-main-place-address","streetAddress":"Mubarak 8, Al Kawthar District, Hurghada","addressLocality":"Hurghada","postalCode":"84511","addressRegion":"Red Sea","addressCountry":"EG"},{"@type":"ImageObject","inLanguage":"ro-RO","@id":"https:\/\/egytourpackages.com\/ro\/tours\/tur-satul-nubian-in-assuan-cu-barca\/#local-main-organization-logo","url":"https:\/\/egytourpackages.com\/wp-content\/uploads\/2025\/12\/Turquoise-Dahabiya-Nile-Cruise-1.jpeg","contentUrl":"https:\/\/egytourpackages.com\/wp-content\/uploads\/2025\/12\/Turquoise-Dahabiya-Nile-Cruise-1.jpeg","width":1040,"height":694,"caption":"egypt tour packages"}]},"product_brand":"Excursii Aswan","product_price_amount":"40","product_price_currency":"EUR","og_availability":"instock","product_availability":"instock","product_retailer_item_id":"ADT02","product_condition":"new","geo.placename":"Hurghada","geo.region":"Egipt"},"_links":{"self":[{"href":"https:\/\/egytourpackages.com\/ro\/wp-json\/wp\/v2\/product\/9565","targetHints":{"allow":["GET"]}}],"collection":[{"href":"https:\/\/egytourpackages.com\/ro\/wp-json\/wp\/v2\/product"}],"about":[{"href":"https:\/\/egytourpackages.com\/ro\/wp-json\/wp\/v2\/types\/product"}],"replies":[{"embeddable":true,"href":"https:\/\/egytourpackages.com\/ro\/wp-json\/wp\/v2\/comments?post=9565"}],"wp:featuredmedia":[{"embeddable":true,"href":"https:\/\/egytourpackages.com\/ro\/wp-json\/wp\/v2\/media\/9566"}],"wp:attachment":[{"href":"https:\/\/egytourpackages.com\/ro\/wp-json\/wp\/v2\/media?parent=9565"}],"wp:term":[{"taxonomy":"product_brand","embeddable":true,"href":"https:\/\/egytourpackages.com\/ro\/wp-json\/wp\/v2\/product_brand?post=9565"},{"taxonomy":"product_cat","embeddable":true,"href":"https:\/\/egytourpackages.com\/ro\/wp-json\/wp\/v2\/product_cat?post=9565"},{"taxonomy":"product_tag","embeddable":true,"href":"https:\/\/egytourpackages.com\/ro\/wp-json\/wp\/v2\/product_tag?post=9565"}],"curies":[{"name":"wp","href":"https:\/\/api.w.org\/{rel}","templated":true}]}}