{"id":9640,"date":"2023-08-25T15:34:23","date_gmt":"2023-08-25T15:34:23","guid":{"rendered":"https:\/\/egytourpackages.com\/product\/tur-privat-la-karnak-din-luxor\/"},"modified":"2026-01-09T11:48:25","modified_gmt":"2026-01-09T11:48:25","slug":"tur-privat-la-karnak-din-luxor","status":"publish","type":"product","link":"https:\/\/egytourpackages.com\/ro\/tours\/tur-privat-la-karnak-din-luxor\/","title":{"rendered":"Tur Privat la Karnak din Luxor"},"content":{"rendered":"<p><span style=\"color: #ff6600;\"><strong>Tur Privat la Karnak din Luxor<\/strong><\/span><\/p>\n<p><strong>Turul privat la Karnak din Luxor<\/strong> este o modalitate minunat\u0103 de a experimenta <strong>arhitectura egiptean\u0103 antic\u0103<\/strong> \u00een timpul acestor <strong>tururi de o zi \u00een Luxor<\/strong>. De asemenea, ve\u021bi \u00eenv\u0103\u021ba despre <strong>Zeii egipteni antici<\/strong>, <strong>Mitologia<\/strong> \u0219i <strong>Religia egiptean\u0103 antic\u0103<\/strong> prin intermediul acestor <strong>tururi \u00een Egipt<\/strong>. Totodat\u0103, ve\u021bi afla detalii despre marii <strong>Faraoni<\/strong> egipteni antici, precum Ramses cel Mare, Thutmose al III-lea, <strong>Tutankhamon<\/strong>, Seti I, Hatshepsut \u0219i Amenhotep al III-lea. Mai mult, templul era dedicat <strong>lui Amun<\/strong>, so\u021biei sale Mut \u0219i fiului lor Khonsu, \u00een cadrul acestor <strong>excursii de o zi \u00een Egipt<\/strong>.<\/p>\n<h3><span style=\"color: #ff6600;\">Detalii Tur<\/span><\/h3>\n<ul>\n<li>Durat\u0103: Jum\u0103tate de Zi<\/li>\n<li>Loca\u021bie Tur: Malul de Est al Luxorului<\/li>\n<li>Disponibilitate Tur: Zilnic<\/li>\n<li>Preluare &amp; L\u0103sare: Hotelul dumneavoastr\u0103 din Luxor sau Croaziera pe Nil<\/li>\n<li>Tip Tur: Privat<\/li>\n<li>Limba: Englez\u0103<\/li>\n<li>Scaun cu Rotile: Accesibil<\/li>\n<\/ul>\n<h3><span style=\"color: #ff6600;\">Punctele de Atrac\u021bie ale Turului<\/span><\/h3>\n<ul>\n<li>Complexul Templului Karnak<\/li>\n<\/ul>\n<h3><span style=\"color: #ff6600;\">Inclus<\/span><\/h3>\n<ul>\n<li>Transfer dus-\u00eentors cu vehicul privat nou<\/li>\n<li>Ghid Egiptolog expert, vorbitor fluent de englez\u0103<\/li>\n<li>Taxa de intrare pentru Templul Karnak<\/li>\n<\/ul>\n<h3><span style=\"color: #ff6600;\">Exclus<\/span><\/h3>\n<ul>\n<li>Bac\u0219i\u0219uri (Tipping)<\/li>\n<\/ul>\n<h3><span style=\"color: #ff6600;\">Ce s\u0103 Pune\u021bi \u00een Bagaj<\/span><\/h3>\n<ul>\n<li>P\u0103l\u0103rie, Ochelari de soare \u0219i Crem\u0103 de soare<\/li>\n<li>\u00cenc\u0103l\u021b\u0103minte \u0219i haine confortabile<\/li>\n<\/ul>\n<h3><span style=\"color: #ff6600;\">Itinerariu<\/span><\/h3>\n<p>La ora stabilit\u0103, <strong>ghidul dumneavoastr\u0103 egiptolog privat<\/strong> v\u0103 va \u00eent\u00e2mpina \u00een lobby-ul hotelului din <strong>Luxor<\/strong>, gata s\u0103 \u00eenceap\u0103 <strong>turul dumneavoastr\u0103 de o zi \u00een Luxor<\/strong> <strong>de neuitat<\/strong> la <strong>Complexul Templului Karnak<\/strong>, considerat unul dintre cele <strong>mai bune lucruri de f\u0103cut \u00een Luxor<\/strong>.<\/p>\n<p>Acest vast <strong>templu egiptean antic<\/strong>, adesea numit cel mai mare sit religios din lume, ofer\u0103 o perspectiv\u0103 de neegalat asupra <strong>civiliza\u021biei egiptene antice<\/strong> \u0219i <strong>istoriei egiptene antice<\/strong>. Ghidul dumneavoastr\u0103 expert v\u0103 va conduce \u00eentr-un <strong>tur complet al Templului Karnak<\/strong>, eviden\u021biind zonele cheie din acest <strong>sit monumental<\/strong> al Patrimoniului Mondial <strong>UNESCO<\/strong>.<\/p>\n<p>V\u0103 ve\u021bi plimba pe <strong>Aleea Sfinxilor<\/strong> istoric\u0103, v\u0103 ve\u021bi minuna de <strong>Pilonul<\/strong> \u00eenalt al lui Nectanebo I \u0219i ve\u021bi explora <strong>Capela Barcilor<\/strong> (Barque Chapel) a lui Seti al II-lea, <strong>conservat\u0103<\/strong> \u00een mod excep\u021bional.<\/p>\n<p>De asemenea, ve\u021bi descoperi <strong>Capela Ro\u0219ie<\/strong> unic\u0103 a lui Hatshepsut \u0219i eleganta <strong>Capel\u0103 Alb\u0103<\/strong> a lui Senusret I.<\/p>\n<p>Cufunda\u021bi-v\u0103 \u00een grandoarea <strong>Templului lui Ramses al III-lea<\/strong> \u0219i \u00een impresionanta <strong>Sala Festivalului<\/strong> a lui Thutmose al III-lea. Preg\u0103ti\u021bi-v\u0103 s\u0103 fi\u021bi uimi\u021bi de scara imens\u0103 a <strong>Marii S\u0103li Hipostile<\/strong>, cu p\u0103durea sa de <strong>coloane colosale<\/strong>.<\/p>\n<p>Mai mult, <strong>turul dumneavoastr\u0103 privat<\/strong> va include vizite la sacrul <strong>Templu Ptah<\/strong>, <strong>Capela lui Sekhmet<\/strong> \u0219i seninul <strong>Templu Khonsu<\/strong>. Afla\u021bi despre <strong>festivalurile importante din Egiptul antic<\/strong>, inclusiv faimosul <strong>Festival Opet<\/strong>.<\/p>\n<p>Fi\u021bi martori la maiestuosul <strong>Obelisc al lui Hatshepsut<\/strong>, medita\u021bi la misticul <strong>Lac Sacru<\/strong> \u0219i atinge\u021bi venerata <strong>statuie a Marelui Scarabeu<\/strong> pentru noroc. De asemenea, ve\u021bi explora antica <strong>Capel\u0103 a lui Osiris<\/strong> \u0219i intrigantul <strong>Jardin Botanique (Gr\u0103dina Botanic\u0103)<\/strong> a lui Thutmose al III-lea.<\/p>\n<p>La \u00eencheierea acestui <strong>tur captivant de vizitare a Karnakului<\/strong>, vehiculul dumneavoastr\u0103 privat v\u0103 va transfera \u00eenapoi, \u00een condi\u021bii de confort, la hotelul din <strong>Luxor<\/strong>, marc\u00e2nd sf\u00e2r\u0219itul c\u0103l\u0103toriei dumneavoastr\u0103 incredibile prin <strong>Teba antic\u0103<\/strong>.<\/p>\n<h3><span style=\"color: #ff6600;\">Pre\u021b Tur Privat la Karnak din Luxor<\/span><\/h3>\n<ul>\n<li>Pre\u021b Adult = 40 \u20ac<\/li>\n<li>Copii 0-5 ani = gratuit<\/li>\n<li>Copii 5-11 ani = 50% din pre\u021bul pentru adult<\/li>\n<\/ul>\n<h3><span style=\"color: #ff6600;\">Rezervare<\/span><\/h3>\n<p>V\u0103 pute\u021bi rezerva turul prin WhatsApp sau ne pute\u021bi trimite un E-mail \u0219i ve\u021bi primi confirmarea pe loc.<\/p>\n<p>V\u0103 rug\u0103m s\u0103 ne trimite\u021bi numele hotelului dumneavoastr\u0103, num\u0103rul camerei \u0219i copiile pa\u0219apoartelor.<\/p>\n<ul>\n<li>WhatsApp: +201000852186<\/li>\n<li>E-mail: info@egytourpackages.com<\/li>\n<\/ul>\n<h3><span style=\"color: #ff6600;\">Rezerva\u021bi Acum \u0219i Pl\u0103ti\u021bi la fa\u021ba locului<\/span><\/h3>\n<p>Rezerva\u021bi turul dumneavoastr\u0103 preferat \u0219i pl\u0103ti\u021bi \u00een ziua excursiei.<\/p>\n<h3><span style=\"color: #ff6600;\">Plat\u0103<\/span><\/h3>\n<p>Pute\u021bi pl\u0103ti \u00een lire egiptene, $, \u20ac sau \u00a3.<\/p>\n<h3><span style=\"color: #ff6600;\">Politica de Anulare<\/span><\/h3>\n<ul>\n<li>Anularea este gratuit\u0103 cu p\u00e2n\u0103 la 24 de ore \u00eenainte<\/li>\n<li>Anularea \u00een diminea\u021ba zilei excursiei implic\u0103 o tax\u0103 de 50% din pre\u021b<\/li>\n<\/ul>\n","protected":false},"excerpt":{"rendered":"<p>Tur Privat la Karnak din Luxor: Explora\u021bi cel mai mare sit religios din lume! Vede\u021bi Marea Sal\u0103 Hipostil\u0103, Obeliscul Hatshepsut \u0219i Lacul Sacru cu egiptolog.<\/p>\n","protected":false},"featured_media":9641,"comment_status":"open","ping_status":"closed","template":"","meta":[],"product_brand":[],"product_cat":[3120],"product_tag":[3203,3266,3195],"class_list":{"0":"post-9640","1":"product","2":"type-product","3":"status-publish","4":"has-post-thumbnail","6":"product_cat-tururi","7":"product_tag-excursii-de-o-zi-in-egipt","8":"product_tag-excursii-de-o-zi-la-luxor","9":"product_tag-templul-karnak","10":"tour_category-excursii-de-o-zi-in-egipt-ro","11":"tour_category-excursii-luxor-ro","13":"first","14":"instock","15":"sale","16":"shipping-taxable","17":"purchasable","18":"product-type-tour","19":"has-default-attributes"},"yoast_head":"<!-- This site is optimized with the Yoast SEO Premium plugin v27.2 (Yoast SEO v27.2) - https:\/\/yoast.com\/product\/yoast-seo-premium-wordpress\/ -->\n<title>Tur Privat la Karnak din Luxor: Excursii de o zi la Luxor<\/title>\n<meta name=\"description\" content=\"Tur Privat la Karnak din Luxor: Explora\u021bi cel mai mare sit religios din lume! Vede\u021bi Marea Sal\u0103 Hipostil\u0103, Obeliscul Hatshepsut \u0219i Lacul Sacru cu egiptolog.\" \/>\n<meta name=\"robots\" content=\"index, follow, max-snippet:-1, max-image-preview:large, max-video-preview:-1\" \/>\n<link rel=\"canonical\" href=\"https:\/\/egytourpackages.com\/ro\/tours\/tur-privat-la-karnak-din-luxor\/\" \/>\n<meta property=\"og:locale\" content=\"ro_RO\" \/>\n<meta property=\"og:type\" content=\"article\" \/>\n<meta property=\"og:title\" content=\"Tur Privat la Karnak din Luxor\" \/>\n<meta property=\"og:description\" content=\"Tur Privat la Karnak din Luxor: Explora\u021bi cel mai mare sit religios din lume! Vede\u021bi Marea Sal\u0103 Hipostil\u0103, Obeliscul Hatshepsut \u0219i Lacul Sacru cu egiptolog.\" \/>\n<meta property=\"og:url\" content=\"https:\/\/egytourpackages.com\/ro\/tours\/tur-privat-la-karnak-din-luxor\/\" \/>\n<meta property=\"og:site_name\" content=\"Egypt Tour Packages\" \/>\n<meta property=\"article:publisher\" content=\"https:\/\/www.facebook.com\/egytourpackages\" \/>\n<meta property=\"article:modified_time\" content=\"2026-01-09T11:48:25+00:00\" \/>\n<meta property=\"og:image\" content=\"https:\/\/egytourpackages.com\/wp-content\/uploads\/2023\/08\/Karnak-Temple-Complex-1024x682.jpg\" \/>\n<meta name=\"twitter:card\" content=\"summary_large_image\" \/>\n<meta name=\"twitter:title\" content=\"Tur Privat la Karnak din Luxor\" \/>\n<meta name=\"twitter:description\" content=\"Tur Privat la Karnak din Luxor: Explora\u021bi cel mai mare sit religios din lume! Vede\u021bi Marea Sal\u0103 Hipostil\u0103, Obeliscul Hatshepsut \u0219i Lacul Sacru cu egiptolog.\" \/>\n<meta name=\"twitter:image\" content=\"https:\/\/egytourpackages.com\/wp-content\/uploads\/2023\/08\/Karnak-Temple-Complex-1024x682.jpg\" \/>\n<meta name=\"twitter:label1\" content=\"Pre\u021b\" \/>\n\t<meta name=\"twitter:data1\" content=\"&euro;40\" \/>\n\t<meta name=\"twitter:label2\" content=\"Disponibilitate\" \/>\n\t<meta name=\"twitter:data2\" content=\"\u00cen stoc\" \/>\n<script type=\"application\/ld+json\" class=\"yoast-schema-graph\">{\"@context\":\"https:\/\/schema.org\",\"@graph\":[{\"@type\":\"WebPage\",\"@id\":\"https:\/\/egytourpackages.com\/ro\/tours\/tur-privat-la-karnak-din-luxor\/\",\"url\":\"https:\/\/egytourpackages.com\/ro\/tours\/tur-privat-la-karnak-din-luxor\/\",\"name\":\"Tur Privat la Karnak din Luxor: Excursii de o zi la Luxor\",\"isPartOf\":{\"@id\":\"https:\/\/egytourpackages.com\/ro\/#website\"},\"primaryImageOfPage\":{\"@id\":\"https:\/\/egytourpackages.com\/ro\/tours\/tur-privat-la-karnak-din-luxor\/#primaryimage\"},\"image\":{\"@id\":\"https:\/\/egytourpackages.com\/ro\/tours\/tur-privat-la-karnak-din-luxor\/#primaryimage\"},\"thumbnailUrl\":\"https:\/\/egytourpackages.com\/wp-content\/uploads\/2023\/08\/Karnak-Temple-Complex.jpg\",\"datePublished\":\"2023-08-25T15:34:23+00:00\",\"dateModified\":\"2026-01-09T11:48:25+00:00\",\"description\":\"Tur Privat la Karnak din Luxor: Explora\u021bi cel mai mare sit religios din lume! Vede\u021bi Marea Sal\u0103 Hipostil\u0103, Obeliscul Hatshepsut \u0219i Lacul Sacru cu egiptolog.\",\"breadcrumb\":{\"@id\":\"https:\/\/egytourpackages.com\/ro\/tours\/tur-privat-la-karnak-din-luxor\/#breadcrumb\"},\"inLanguage\":\"ro-RO\",\"potentialAction\":[{\"@type\":\"ReadAction\",\"target\":[\"https:\/\/egytourpackages.com\/ro\/tours\/tur-privat-la-karnak-din-luxor\/\"]}]},{\"@type\":\"ImageObject\",\"inLanguage\":\"ro-RO\",\"@id\":\"https:\/\/egytourpackages.com\/ro\/tours\/tur-privat-la-karnak-din-luxor\/#primaryimage\",\"url\":\"https:\/\/egytourpackages.com\/wp-content\/uploads\/2023\/08\/Karnak-Temple-Complex.jpg\",\"contentUrl\":\"https:\/\/egytourpackages.com\/wp-content\/uploads\/2023\/08\/Karnak-Temple-Complex.jpg\",\"width\":2000,\"height\":1333,\"caption\":\"Complexul Templului Karnak\"},{\"@type\":\"BreadcrumbList\",\"@id\":\"https:\/\/egytourpackages.com\/ro\/tours\/tur-privat-la-karnak-din-luxor\/#breadcrumb\",\"itemListElement\":[{\"@type\":\"ListItem\",\"position\":1,\"name\":\"Home\",\"item\":\"https:\/\/egytourpackages.com\/ro\/\"},{\"@type\":\"ListItem\",\"position\":2,\"name\":\"Shop\",\"item\":\"https:\/\/egytourpackages.com\/shop\/\"},{\"@type\":\"ListItem\",\"position\":3,\"name\":\"Tur Privat la Karnak din Luxor\"}]},{\"@type\":\"WebSite\",\"@id\":\"https:\/\/egytourpackages.com\/ro\/#website\",\"url\":\"https:\/\/egytourpackages.com\/ro\/\",\"name\":\"Egy tour packages\",\"description\":\"\",\"publisher\":{\"@id\":\"https:\/\/egytourpackages.com\/ro\/#organization\"},\"potentialAction\":[{\"@type\":\"SearchAction\",\"target\":{\"@type\":\"EntryPoint\",\"urlTemplate\":\"https:\/\/egytourpackages.com\/ro\/?s={search_term_string}\"},\"query-input\":{\"@type\":\"PropertyValueSpecification\",\"valueRequired\":true,\"valueName\":\"search_term_string\"}}],\"inLanguage\":\"ro-RO\"},{\"@type\":[\"Organization\",\"Place\",\"TravelAgency\"],\"@id\":\"https:\/\/egytourpackages.com\/ro\/#organization\",\"name\":\"egypt tour packages\",\"alternateName\":\"egypt tour packages\",\"url\":\"https:\/\/egytourpackages.com\/ro\/\",\"logo\":{\"@id\":\"https:\/\/egytourpackages.com\/ro\/tours\/tur-privat-la-karnak-din-luxor\/#local-main-organization-logo\"},\"image\":{\"@id\":\"https:\/\/egytourpackages.com\/ro\/tours\/tur-privat-la-karnak-din-luxor\/#local-main-organization-logo\"},\"sameAs\":[\"https:\/\/www.facebook.com\/egytourpackages\"],\"legalName\":\"Egy tour packages\",\"address\":{\"@id\":\"https:\/\/egytourpackages.com\/ro\/tours\/tur-privat-la-karnak-din-luxor\/#local-main-place-address\"},\"telephone\":[\"00201000852186\",\"00201028685533\"],\"contactPoint\":{\"@type\":\"ContactPoint\",\"telephone\":\"00201000852186\"},\"openingHoursSpecification\":[{\"@type\":\"OpeningHoursSpecification\",\"dayOfWeek\":[\"Monday\",\"Tuesday\",\"Wednesday\",\"Thursday\",\"Friday\",\"Saturday\",\"Sunday\"],\"opens\":\"00:00\",\"closes\":\"23:59\"}],\"email\":\"info@egytourpackages.com\",\"areaServed\":\"Cairo, Hurghada, Luxor, Sharm El Sheikh, Marsa Alam, Aswan\",\"priceRange\":\"$\",\"currenciesAccepted\":\"euro\",\"paymentAccepted\":\"Payment links online\"},{\"@type\":\"PostalAddress\",\"@id\":\"https:\/\/egytourpackages.com\/ro\/tours\/tur-privat-la-karnak-din-luxor\/#local-main-place-address\",\"streetAddress\":\"Mubarak 8, Al Kawthar District, Hurghada\",\"addressLocality\":\"Hurghada\",\"postalCode\":\"84511\",\"addressRegion\":\"Red Sea\",\"addressCountry\":\"EG\"},{\"@type\":\"ImageObject\",\"inLanguage\":\"ro-RO\",\"@id\":\"https:\/\/egytourpackages.com\/ro\/tours\/tur-privat-la-karnak-din-luxor\/#local-main-organization-logo\",\"url\":\"https:\/\/egytourpackages.com\/wp-content\/uploads\/2025\/12\/Turquoise-Dahabiya-Nile-Cruise-1.jpeg\",\"contentUrl\":\"https:\/\/egytourpackages.com\/wp-content\/uploads\/2025\/12\/Turquoise-Dahabiya-Nile-Cruise-1.jpeg\",\"width\":1040,\"height\":694,\"caption\":\"egypt tour packages\"}]}<\/script>\n<meta property=\"product:brand\" content=\"Excursii de o zi \u00een Egipt\" \/>\n<meta property=\"product:price:amount\" content=\"40\" \/>\n<meta property=\"product:price:currency\" content=\"EUR\" \/>\n<meta property=\"og:availability\" content=\"instock\" \/>\n<meta property=\"product:availability\" content=\"instock\" \/>\n<meta property=\"product:retailer_item_id\" content=\"LDT02\" \/>\n<meta property=\"product:condition\" content=\"new\" \/>\n<meta name=\"geo.placename\" content=\"Hurghada\" \/>\n<meta name=\"geo.region\" content=\"Egipt\" \/>\n<!-- \/ Yoast SEO Premium plugin. -->","yoast_head_json":{"title":"Tur Privat la Karnak din Luxor: Excursii de o zi la Luxor","description":"Tur Privat la Karnak din Luxor: Explora\u021bi cel mai mare sit religios din lume! Vede\u021bi Marea Sal\u0103 Hipostil\u0103, Obeliscul Hatshepsut \u0219i Lacul Sacru cu egiptolog.","robots":{"index":"index","follow":"follow","max-snippet":"max-snippet:-1","max-image-preview":"max-image-preview:large","max-video-preview":"max-video-preview:-1"},"canonical":"https:\/\/egytourpackages.com\/ro\/tours\/tur-privat-la-karnak-din-luxor\/","og_locale":"ro_RO","og_type":"article","og_title":"Tur Privat la Karnak din Luxor","og_description":"Tur Privat la Karnak din Luxor: Explora\u021bi cel mai mare sit religios din lume! Vede\u021bi Marea Sal\u0103 Hipostil\u0103, Obeliscul Hatshepsut \u0219i Lacul Sacru cu egiptolog.","og_url":"https:\/\/egytourpackages.com\/ro\/tours\/tur-privat-la-karnak-din-luxor\/","og_site_name":"Egypt Tour Packages","article_publisher":"https:\/\/www.facebook.com\/egytourpackages","article_modified_time":"2026-01-09T11:48:25+00:00","og_image":[{"url":"https:\/\/egytourpackages.com\/wp-content\/uploads\/2023\/08\/Karnak-Temple-Complex-1024x682.jpg","type":"","width":"","height":""}],"twitter_card":"summary_large_image","twitter_title":"Tur Privat la Karnak din Luxor","twitter_description":"Tur Privat la Karnak din Luxor: Explora\u021bi cel mai mare sit religios din lume! Vede\u021bi Marea Sal\u0103 Hipostil\u0103, Obeliscul Hatshepsut \u0219i Lacul Sacru cu egiptolog.","twitter_image":"https:\/\/egytourpackages.com\/wp-content\/uploads\/2023\/08\/Karnak-Temple-Complex-1024x682.jpg","twitter_misc":{"Pre\u021b":"&euro;40","Disponibilitate":"\u00cen stoc"},"schema":{"@context":"https:\/\/schema.org","@graph":[{"@type":"WebPage","@id":"https:\/\/egytourpackages.com\/ro\/tours\/tur-privat-la-karnak-din-luxor\/","url":"https:\/\/egytourpackages.com\/ro\/tours\/tur-privat-la-karnak-din-luxor\/","name":"Tur Privat la Karnak din Luxor: Excursii de o zi la Luxor","isPartOf":{"@id":"https:\/\/egytourpackages.com\/ro\/#website"},"primaryImageOfPage":{"@id":"https:\/\/egytourpackages.com\/ro\/tours\/tur-privat-la-karnak-din-luxor\/#primaryimage"},"image":{"@id":"https:\/\/egytourpackages.com\/ro\/tours\/tur-privat-la-karnak-din-luxor\/#primaryimage"},"thumbnailUrl":"https:\/\/egytourpackages.com\/wp-content\/uploads\/2023\/08\/Karnak-Temple-Complex.jpg","datePublished":"2023-08-25T15:34:23+00:00","dateModified":"2026-01-09T11:48:25+00:00","description":"Tur Privat la Karnak din Luxor: Explora\u021bi cel mai mare sit religios din lume! Vede\u021bi Marea Sal\u0103 Hipostil\u0103, Obeliscul Hatshepsut \u0219i Lacul Sacru cu egiptolog.","breadcrumb":{"@id":"https:\/\/egytourpackages.com\/ro\/tours\/tur-privat-la-karnak-din-luxor\/#breadcrumb"},"inLanguage":"ro-RO","potentialAction":[{"@type":"ReadAction","target":["https:\/\/egytourpackages.com\/ro\/tours\/tur-privat-la-karnak-din-luxor\/"]}]},{"@type":"ImageObject","inLanguage":"ro-RO","@id":"https:\/\/egytourpackages.com\/ro\/tours\/tur-privat-la-karnak-din-luxor\/#primaryimage","url":"https:\/\/egytourpackages.com\/wp-content\/uploads\/2023\/08\/Karnak-Temple-Complex.jpg","contentUrl":"https:\/\/egytourpackages.com\/wp-content\/uploads\/2023\/08\/Karnak-Temple-Complex.jpg","width":2000,"height":1333,"caption":"Complexul Templului Karnak"},{"@type":"BreadcrumbList","@id":"https:\/\/egytourpackages.com\/ro\/tours\/tur-privat-la-karnak-din-luxor\/#breadcrumb","itemListElement":[{"@type":"ListItem","position":1,"name":"Home","item":"https:\/\/egytourpackages.com\/ro\/"},{"@type":"ListItem","position":2,"name":"Shop","item":"https:\/\/egytourpackages.com\/shop\/"},{"@type":"ListItem","position":3,"name":"Tur Privat la Karnak din Luxor"}]},{"@type":"WebSite","@id":"https:\/\/egytourpackages.com\/ro\/#website","url":"https:\/\/egytourpackages.com\/ro\/","name":"Egy tour packages","description":"","publisher":{"@id":"https:\/\/egytourpackages.com\/ro\/#organization"},"potentialAction":[{"@type":"SearchAction","target":{"@type":"EntryPoint","urlTemplate":"https:\/\/egytourpackages.com\/ro\/?s={search_term_string}"},"query-input":{"@type":"PropertyValueSpecification","valueRequired":true,"valueName":"search_term_string"}}],"inLanguage":"ro-RO"},{"@type":["Organization","Place","TravelAgency"],"@id":"https:\/\/egytourpackages.com\/ro\/#organization","name":"egypt tour packages","alternateName":"egypt tour packages","url":"https:\/\/egytourpackages.com\/ro\/","logo":{"@id":"https:\/\/egytourpackages.com\/ro\/tours\/tur-privat-la-karnak-din-luxor\/#local-main-organization-logo"},"image":{"@id":"https:\/\/egytourpackages.com\/ro\/tours\/tur-privat-la-karnak-din-luxor\/#local-main-organization-logo"},"sameAs":["https:\/\/www.facebook.com\/egytourpackages"],"legalName":"Egy tour packages","address":{"@id":"https:\/\/egytourpackages.com\/ro\/tours\/tur-privat-la-karnak-din-luxor\/#local-main-place-address"},"telephone":["00201000852186","00201028685533"],"contactPoint":{"@type":"ContactPoint","telephone":"00201000852186"},"openingHoursSpecification":[{"@type":"OpeningHoursSpecification","dayOfWeek":["Monday","Tuesday","Wednesday","Thursday","Friday","Saturday","Sunday"],"opens":"00:00","closes":"23:59"}],"email":"info@egytourpackages.com","areaServed":"Cairo, Hurghada, Luxor, Sharm El Sheikh, Marsa Alam, Aswan","priceRange":"$","currenciesAccepted":"euro","paymentAccepted":"Payment links online"},{"@type":"PostalAddress","@id":"https:\/\/egytourpackages.com\/ro\/tours\/tur-privat-la-karnak-din-luxor\/#local-main-place-address","streetAddress":"Mubarak 8, Al Kawthar District, Hurghada","addressLocality":"Hurghada","postalCode":"84511","addressRegion":"Red Sea","addressCountry":"EG"},{"@type":"ImageObject","inLanguage":"ro-RO","@id":"https:\/\/egytourpackages.com\/ro\/tours\/tur-privat-la-karnak-din-luxor\/#local-main-organization-logo","url":"https:\/\/egytourpackages.com\/wp-content\/uploads\/2025\/12\/Turquoise-Dahabiya-Nile-Cruise-1.jpeg","contentUrl":"https:\/\/egytourpackages.com\/wp-content\/uploads\/2025\/12\/Turquoise-Dahabiya-Nile-Cruise-1.jpeg","width":1040,"height":694,"caption":"egypt tour packages"}]},"product_brand":"Excursii de o zi \u00een Egipt","product_price_amount":"40","product_price_currency":"EUR","og_availability":"instock","product_availability":"instock","product_retailer_item_id":"LDT02","product_condition":"new","geo.placename":"Hurghada","geo.region":"Egipt"},"_links":{"self":[{"href":"https:\/\/egytourpackages.com\/ro\/wp-json\/wp\/v2\/product\/9640","targetHints":{"allow":["GET"]}}],"collection":[{"href":"https:\/\/egytourpackages.com\/ro\/wp-json\/wp\/v2\/product"}],"about":[{"href":"https:\/\/egytourpackages.com\/ro\/wp-json\/wp\/v2\/types\/product"}],"replies":[{"embeddable":true,"href":"https:\/\/egytourpackages.com\/ro\/wp-json\/wp\/v2\/comments?post=9640"}],"wp:featuredmedia":[{"embeddable":true,"href":"https:\/\/egytourpackages.com\/ro\/wp-json\/wp\/v2\/media\/9641"}],"wp:attachment":[{"href":"https:\/\/egytourpackages.com\/ro\/wp-json\/wp\/v2\/media?parent=9640"}],"wp:term":[{"taxonomy":"product_brand","embeddable":true,"href":"https:\/\/egytourpackages.com\/ro\/wp-json\/wp\/v2\/product_brand?post=9640"},{"taxonomy":"product_cat","embeddable":true,"href":"https:\/\/egytourpackages.com\/ro\/wp-json\/wp\/v2\/product_cat?post=9640"},{"taxonomy":"product_tag","embeddable":true,"href":"https:\/\/egytourpackages.com\/ro\/wp-json\/wp\/v2\/product_tag?post=9640"}],"curies":[{"name":"wp","href":"https:\/\/api.w.org\/{rel}","templated":true}]}}