{"id":9642,"date":"2023-08-25T13:03:52","date_gmt":"2023-08-25T13:03:52","guid":{"rendered":"https:\/\/egytourpackages.com\/product\/excursie-de-o-zi-la-dendera-si-abydos-din-luxor\/"},"modified":"2026-01-09T11:46:39","modified_gmt":"2026-01-09T11:46:39","slug":"excursie-de-o-zi-la-dendera-si-abydos-din-luxor","status":"publish","type":"product","link":"https:\/\/egytourpackages.com\/ro\/tours\/excursie-de-o-zi-la-dendera-si-abydos-din-luxor\/","title":{"rendered":"Excursie de O Zi la Dendera \u0219i Abydos din Luxor"},"content":{"rendered":"<p><span style=\"color: #ff6600;\"><strong>Excursie de O Zi la Dendera \u0219i Abydos din Luxor<\/strong><\/span><\/p>\n<p>Rezerva\u021bi-v\u0103 <strong>excursia de o zi la Dendera \u0219i Abydos din Luxor<\/strong> \u0219i explora\u021bi dou\u0103 dintre cele mai frumoase temple faraonice \u00een timpul acestor <strong>tururi de o zi \u00een Luxor<\/strong>. Acest <strong>tur cuprinz\u0103tor de la Luxor la Dendera \u0219i Abydos<\/strong> ofer\u0103 o oportunitate unic\u0103 de a vizita temple rareori incluse \u00een itinerariile standard.<\/p>\n<p><strong>Turul dumneavoastr\u0103 privat Dendera Abydos din Luxor<\/strong> va \u00eencepe cu o vizit\u0103 la magnificul <strong>Templu Hathor din Dendera<\/strong>, renumit pentru <strong>tavanul s\u0103u astronomic<\/strong> vibrant \u0219i pentru reprezentarea <strong>Cleopatrei a VII-a<\/strong>.<\/p>\n<p>Ulterior, v\u0103 ve\u021bi aventura spre ora\u0219ul sacru Abydos pentru a explora profundul <strong>Templu Abydos<\/strong>, \u00een special impresionantul <strong>Templu al lui Seti I<\/strong>, faimos pentru <strong>Lista Regilor<\/strong> sa complex\u0103 \u0219i pentru <strong>basoreliefurile<\/strong> uimitoare \u00een relief.<\/p>\n<p>Aceast\u0103 c\u0103l\u0103torie, parte din <strong>excursiile din Luxor la Dendera \u0219i Abydos<\/strong>, dezv\u0103luie m\u0103iestria artistic\u0103 \u0219i semnifica\u021bia religioas\u0103 profund\u0103 a Egiptului antic, departe de aglomera\u021bie, asigur\u00e2nd o imersiune istoric\u0103 cu adev\u0103rat <strong>de neuitat<\/strong>.<\/p>\n<h3><span style=\"color: #ff6600;\">Detalii Tur<\/span><\/h3>\n<ul>\n<li>Durat\u0103: 1 Zi<\/li>\n<li>Loca\u021bie Tur: Dendera \/ Abydos<\/li>\n<li>Disponibilitate Tur: Zilnic<\/li>\n<li>Preluare &amp; L\u0103sare: Hotelul dumneavoastr\u0103 din Luxor<\/li>\n<li>Tip Tur: Privat<\/li>\n<li>Scaun cu Rotile: Accesibil<\/li>\n<\/ul>\n<h3><span style=\"color: #ff6600;\">Punctele de Atrac\u021bie ale Turului<\/span><\/h3>\n<ul>\n<li>Templul Hathor din Dendera<\/li>\n<li>Capela lui Isis<\/li>\n<li>Criptele din Dendera<\/li>\n<li>Templul lui Seti I din Abydos<\/li>\n<li>Templul Osireion (vizitat din exterior)<\/li>\n<li>Templul lui Ramses al II-lea (Abydos)<\/li>\n<\/ul>\n<h3><span style=\"color: #ff6600;\">Inclus<\/span><\/h3>\n<ul>\n<li>Transfer dus-\u00eentors cu vehicul modern cu aer condi\u021bionat<\/li>\n<li>Ghid Egiptolog<\/li>\n<li>Taxa de intrare pentru toate obiectivele turistice<\/li>\n<li>Pr\u00e2nz la un restaurant local \u00een Abydos<\/li>\n<\/ul>\n<h3><span style=\"color: #ff6600;\">Exclus<\/span><\/h3>\n<ul>\n<li>B\u0103uturi \u00een timpul pr\u00e2nzului<\/li>\n<li>Bac\u0219i\u0219uri (Tipping)<\/li>\n<\/ul>\n<h3><span style=\"color: #ff6600;\">Ce s\u0103 Pune\u021bi \u00een Bagaj<\/span><\/h3>\n<ul>\n<li>P\u0103l\u0103rie, Ochelari de soare \u0219i Crem\u0103 de soare<\/li>\n<li>\u00cenc\u0103l\u021b\u0103minte \u0219i haine confortabile<\/li>\n<li>Bani m\u0103run\u021bi pentru cheltuieli personale<\/li>\n<\/ul>\n<h2><span style=\"color: #ff6600;\">Itinerariu<\/span><\/h2>\n<p>Ziua dumneavoastr\u0103 \u00eencepe dup\u0103 preluarea de la hotelul din <strong>Luxor<\/strong> \u0219i plecarea spre <strong>Templul Hathor<\/strong> din Dendera. La sosire, bucura\u021bi-v\u0103 s\u0103 asculta\u021bi <strong>Mitologia Egiptean\u0103<\/strong> antic\u0103 de la ghidul dumneavoastr\u0103. <strong>Templul din Dendera<\/strong> este un punct culminant al <strong>turului dumneavoastr\u0103 de la Luxor la Dendera \u0219i Abydos<\/strong>, fiind unul dintre cele mai <strong>bine conservate complexe de temple<\/strong> din tot Egiptul.<\/p>\n<p>De fapt, acest templu este dedicat <strong>zei\u021bei Hathor<\/strong>, divinitatea iubirii, muzicii, bucuriei \u0219i fertilit\u0103\u021bii. Construc\u021bia Templului Dendera a \u00eenceput cu <strong>Pepi I<\/strong> din a \u0219asea Dinastie, \u00een timpul <strong>Regatului Vechi<\/strong>, apoi <strong>Mentuhotep al III-lea<\/strong>, <strong>Thutmose al III-lea<\/strong>, Nectanebo al II-lea, p\u00e2n\u0103 \u00een Era Roman\u0103.<\/p>\n<p>\u00centre timp, mul\u021bi <strong>\u00eemp\u0103ra\u021bi romani<\/strong> au contribuit la templu, precum Domi\u021bian, <strong>Traian<\/strong>, Claudius, Nero \u0219i <strong>Tiberius<\/strong>. Mai mult, basoreliefurile Templului Hathor ilustreaz\u0103 <strong>Festivalurile egiptene antice<\/strong>, \u00een special frumoasa <strong>s\u0103rb\u0103toare a re\u00eentregirii<\/strong> dintre <strong>Horus din Edfu<\/strong> \u0219i Hathor din Dendera. De asemenea, <strong>Ziua Anului Nou<\/strong> antic, \u00eempreun\u0103 cu <strong>Criptele din Dendera<\/strong> \u0219i <strong>Zodiile<\/strong> (semnele zodiacale) se num\u0103r\u0103 printre <strong>atrac\u021biile turistice<\/strong> ale templului \u00een aceste <strong>tururi \u00een Egipt<\/strong>.<\/p>\n<p>De asemenea, Templul Dendera are 14 <strong>cripte subterane<\/strong> cu faimosul design al \u201eBecului din Dendera\u201d. \u00cen plus, Dendera este unic pentru reprezentarea proeminent\u0103 a <strong>Cleopatrei a VII-a<\/strong> \u0219i a fiului ei, Caesarion, pe unul dintre zidurile exterioare.<\/p>\n<p>La sf\u00e2r\u0219itul vizitei, ve\u021bi avea timp liber pentru a face fotografii \u00eenainte de a pleca spre urm\u0103toarea oprire, <strong>Templul lui Seti I<\/strong>.<\/p>\n<h3><span style=\"color: #ff6600;\">Templul Abydos<\/span><\/h3>\n<p>Dup\u0103 un scurt drum c\u0103tre <strong>Templul Abydos<\/strong>, ve\u021bi fi uimi\u021bi de <strong>culoarea frumoas\u0103<\/strong> a templului faraonului <strong>Seti I<\/strong> \u00een aceste <strong>excursii de o zi \u00een Egipt<\/strong>. <strong>Turul Templului Abydos din Luxor<\/strong> se concentreaz\u0103 \u00een primul r\u00e2nd pe magnificul <strong>Templu al lui Seti I<\/strong>, o capodoper\u0103 a Noului Regat \u0219i un punct culminant al oric\u0103rui <strong>tur cuprinz\u0103tor de la Luxor la Dendera \u0219i Abydos<\/strong>.<\/p>\n<p>De fapt, Abydos a fost principalul <strong>centru de cult<\/strong> al <strong>zeului Osiris<\/strong>, considerat locul s\u0103u de \u00eenmorm\u00e2ntare, f\u0103c\u00e2ndu-l o destina\u021bie esen\u021bial\u0103 de <strong>pelerinaj<\/strong> pentru egiptenii antici care c\u0103utau binecuv\u00e2nt\u0103ri pentru via\u021ba de apoi. Explora\u021bi cele 7 sanctuare dedicate lui Horus, <strong>Isis<\/strong>, <strong>Osiris<\/strong>, Ptah, Rahorakhty, Amun-Re, precum \u0219i unul dedicat chiar lui Seti.<\/p>\n<p>De asemenea, o caracteristic\u0103 cheie \u00een interiorul templului este celebra <strong>Lista Regilor din Abydos<\/strong>, cu cartu\u0219ele a 76 de regi din <strong>perioada Predinastic\u0103<\/strong>, de la Menes p\u00e2n\u0103 la Seti \u00eensu\u0219i.<\/p>\n<p>Dincolo de templul principal, ve\u021bi explora \u0219i enigmaticul <strong>Osireion<\/strong>, o structur\u0103 megalitic\u0103 subteran\u0103 unic\u0103, situat\u0103 \u00een spatele Templului lui Seti I, considerat\u0103 a fi un morm\u00e2nt simbolic pentru Osiris \u00eensu\u0219i.<\/p>\n<p>Acest <strong>tur privat Dendera Abydos din Luxor<\/strong> ofer\u0103 o experien\u021b\u0103 lini\u0219tit\u0103 \u0219i profund <strong>spiritual\u0103<\/strong>, permi\u021b\u00e2ndu-v\u0103 s\u0103 v\u0103 conecta\u021bi cu r\u0103d\u0103cinile credin\u021belor egiptene antice. La sf\u00e2r\u0219itul <strong>excursiei dumneavoastr\u0103 la Dendera \u0219i Abydos<\/strong>, v\u0103 vom duce \u00eenapoi la hotelul dumneavoastr\u0103 din Luxor.<\/p>\n<h3><span style=\"color: #ff6600;\">Pre\u021b Excursie de O Zi la Dendera \u0219i Abydos din Luxor<\/span><\/h3>\n<ul>\n<li>Pre\u021b Adult = 100 \u20ac<\/li>\n<li>Copii 0-5 ani = gratuit<\/li>\n<li>Copii 5-11 ani = 50% din pre\u021bul pentru adult<\/li>\n<\/ul>\n<h3><span style=\"color: #ff6600;\">Rezervare<\/span><\/h3>\n<p>V\u0103 pute\u021bi rezerva turul prin WhatsApp sau ne pute\u021bi trimite un E-mail \u0219i ve\u021bi primi confirmarea pe loc.<\/p>\n<p>V\u0103 rug\u0103m s\u0103 ne trimite\u021bi numele hotelului dumneavoastr\u0103, num\u0103rul camerei \u0219i copiile pa\u0219apoartelor.<\/p>\n<ul>\n<li>WhatsApp: +201000852186<\/li>\n<li>E-mail: info@egytourpackages.com<\/li>\n<\/ul>\n<h3><span style=\"color: #ff6600;\">Rezerva\u021bi Acum \u0219i Pl\u0103ti\u021bi la fa\u021ba locului<\/span><\/h3>\n<p>Rezerva\u021bi turul dumneavoastr\u0103 preferat \u0219i pl\u0103ti\u021bi \u00een ziua excursiei.<\/p>\n<h3><span style=\"color: #ff6600;\">Plat\u0103<\/span><\/h3>\n<p>Pute\u021bi pl\u0103ti \u00een lire egiptene, $, \u20ac sau \u00a3.<\/p>\n<h3><span style=\"color: #ff6600;\">Politica de Anulare<\/span><\/h3>\n<ul>\n<li>Anularea este gratuit\u0103 cu p\u00e2n\u0103 la 24 de ore \u00eenainte<\/li>\n<li>Anularea \u00een diminea\u021ba zilei excursiei implic\u0103 o tax\u0103 de 50% din pre\u021b<\/li>\n<\/ul>\n","protected":false},"excerpt":{"rendered":"<p>Excursie de O Zi la Dendera \u0219i Abydos din Luxor: Tur privat la Templul Hathor \u0219i Templul Seti I (Abydos). Vede\u021bi Lista Regilor \u0219i Criptele din Dendera.<\/p>\n","protected":false},"featured_media":9643,"comment_status":"open","ping_status":"closed","template":"","meta":[],"product_brand":[],"product_cat":[3120],"product_tag":[3267,3228],"class_list":{"0":"post-9642","1":"product","2":"type-product","3":"status-publish","4":"has-post-thumbnail","6":"product_cat-tururi","7":"product_tag-templul-abydos","8":"product_tag-templul-dendera","9":"tour_category-excursii-de-o-zi-in-egipt-ro","10":"tour_category-excursii-luxor-ro","12":"first","13":"instock","14":"sale","15":"shipping-taxable","16":"purchasable","17":"product-type-tour","18":"has-default-attributes"},"yoast_head":"<!-- This site is optimized with the Yoast SEO Premium plugin v27.4 (Yoast SEO v27.4) - https:\/\/yoast.com\/product\/yoast-seo-premium-wordpress\/ -->\n<title>Excursie de O Zi la Dendera \u0219i Abydos din Luxor<\/title>\n<meta name=\"description\" content=\"Excursie de O Zi la Dendera \u0219i Abydos din Luxor: Tur privat la Templul Hathor \u0219i Templul Seti I (Abydos). Vede\u021bi Lista Regilor \u0219i Criptele din Dendera.\" \/>\n<meta name=\"robots\" content=\"index, follow, max-snippet:-1, max-image-preview:large, max-video-preview:-1\" \/>\n<link rel=\"canonical\" href=\"https:\/\/egytourpackages.com\/ro\/tours\/excursie-de-o-zi-la-dendera-si-abydos-din-luxor\/\" \/>\n<meta property=\"og:locale\" content=\"ro_RO\" \/>\n<meta property=\"og:type\" content=\"article\" \/>\n<meta property=\"og:title\" content=\"Excursie de O Zi la Dendera \u0219i Abydos din Luxor\" \/>\n<meta property=\"og:description\" content=\"Excursie de O Zi la Dendera \u0219i Abydos din Luxor: Tur privat la Templul Hathor \u0219i Templul Seti I (Abydos). Vede\u021bi Lista Regilor \u0219i Criptele din Dendera.\" \/>\n<meta property=\"og:url\" content=\"https:\/\/egytourpackages.com\/ro\/tours\/excursie-de-o-zi-la-dendera-si-abydos-din-luxor\/\" \/>\n<meta property=\"og:site_name\" content=\"Egypt Tour Packages\" \/>\n<meta property=\"article:publisher\" content=\"https:\/\/www.facebook.com\/egytourpackages\" \/>\n<meta property=\"article:modified_time\" content=\"2026-01-09T11:46:39+00:00\" \/>\n<meta property=\"og:image\" content=\"https:\/\/egytourpackages.com\/wp-content\/uploads\/2023\/08\/Dendera-temple-Qena-1024x768.jpg\" \/>\n<meta name=\"twitter:card\" content=\"summary_large_image\" \/>\n<meta name=\"twitter:title\" content=\"Excursie de O Zi la Dendera \u0219i Abydos din Luxor\" \/>\n<meta name=\"twitter:description\" content=\"Excursie de O Zi la Dendera \u0219i Abydos din Luxor: Tur privat la Templul Hathor \u0219i Templul Seti I (Abydos). Vede\u021bi Lista Regilor \u0219i Criptele din Dendera.\" \/>\n<meta name=\"twitter:image\" content=\"https:\/\/egytourpackages.com\/wp-content\/uploads\/2023\/08\/Dendera-temple-Qena-1024x768.jpg\" \/>\n<meta name=\"twitter:label1\" content=\"Pre\u021b\" \/>\n\t<meta name=\"twitter:data1\" content=\"&euro;100\" \/>\n\t<meta name=\"twitter:label2\" content=\"Disponibilitate\" \/>\n\t<meta name=\"twitter:data2\" content=\"\u00cen stoc\" \/>\n<script type=\"application\/ld+json\" class=\"yoast-schema-graph\">{\"@context\":\"https:\\\/\\\/schema.org\",\"@graph\":[{\"@type\":\"WebPage\",\"@id\":\"https:\\\/\\\/egytourpackages.com\\\/ro\\\/tours\\\/excursie-de-o-zi-la-dendera-si-abydos-din-luxor\\\/\",\"url\":\"https:\\\/\\\/egytourpackages.com\\\/ro\\\/tours\\\/excursie-de-o-zi-la-dendera-si-abydos-din-luxor\\\/\",\"name\":\"Excursie de O Zi la Dendera \u0219i Abydos din Luxor\",\"isPartOf\":{\"@id\":\"https:\\\/\\\/egytourpackages.com\\\/ro\\\/#website\"},\"primaryImageOfPage\":{\"@id\":\"https:\\\/\\\/egytourpackages.com\\\/ro\\\/tours\\\/excursie-de-o-zi-la-dendera-si-abydos-din-luxor\\\/#primaryimage\"},\"image\":{\"@id\":\"https:\\\/\\\/egytourpackages.com\\\/ro\\\/tours\\\/excursie-de-o-zi-la-dendera-si-abydos-din-luxor\\\/#primaryimage\"},\"thumbnailUrl\":\"https:\\\/\\\/egytourpackages.com\\\/wp-content\\\/uploads\\\/2023\\\/08\\\/Dendera-temple-Qena.jpg\",\"datePublished\":\"2023-08-25T13:03:52+00:00\",\"dateModified\":\"2026-01-09T11:46:39+00:00\",\"description\":\"Excursie de O Zi la Dendera \u0219i Abydos din Luxor: Tur privat la Templul Hathor \u0219i Templul Seti I (Abydos). Vede\u021bi Lista Regilor \u0219i Criptele din Dendera.\",\"breadcrumb\":{\"@id\":\"https:\\\/\\\/egytourpackages.com\\\/ro\\\/tours\\\/excursie-de-o-zi-la-dendera-si-abydos-din-luxor\\\/#breadcrumb\"},\"inLanguage\":\"ro-RO\",\"potentialAction\":[{\"@type\":\"ReadAction\",\"target\":[\"https:\\\/\\\/egytourpackages.com\\\/ro\\\/tours\\\/excursie-de-o-zi-la-dendera-si-abydos-din-luxor\\\/\"]}]},{\"@type\":\"ImageObject\",\"inLanguage\":\"ro-RO\",\"@id\":\"https:\\\/\\\/egytourpackages.com\\\/ro\\\/tours\\\/excursie-de-o-zi-la-dendera-si-abydos-din-luxor\\\/#primaryimage\",\"url\":\"https:\\\/\\\/egytourpackages.com\\\/wp-content\\\/uploads\\\/2023\\\/08\\\/Dendera-temple-Qena.jpg\",\"contentUrl\":\"https:\\\/\\\/egytourpackages.com\\\/wp-content\\\/uploads\\\/2023\\\/08\\\/Dendera-temple-Qena.jpg\",\"width\":2000,\"height\":1500,\"caption\":\"Templul Dendera, Qena\"},{\"@type\":\"BreadcrumbList\",\"@id\":\"https:\\\/\\\/egytourpackages.com\\\/ro\\\/tours\\\/excursie-de-o-zi-la-dendera-si-abydos-din-luxor\\\/#breadcrumb\",\"itemListElement\":[{\"@type\":\"ListItem\",\"position\":1,\"name\":\"Home\",\"item\":\"https:\\\/\\\/egytourpackages.com\\\/ro\\\/\"},{\"@type\":\"ListItem\",\"position\":2,\"name\":\"Shop\",\"item\":\"https:\\\/\\\/egytourpackages.com\\\/shop\\\/\"},{\"@type\":\"ListItem\",\"position\":3,\"name\":\"Excursie de O Zi la Dendera \u0219i Abydos din Luxor\"}]},{\"@type\":\"WebSite\",\"@id\":\"https:\\\/\\\/egytourpackages.com\\\/ro\\\/#website\",\"url\":\"https:\\\/\\\/egytourpackages.com\\\/ro\\\/\",\"name\":\"Egy tour packages\",\"description\":\"\",\"publisher\":{\"@id\":\"https:\\\/\\\/egytourpackages.com\\\/ro\\\/#organization\"},\"potentialAction\":[{\"@type\":\"SearchAction\",\"target\":{\"@type\":\"EntryPoint\",\"urlTemplate\":\"https:\\\/\\\/egytourpackages.com\\\/ro\\\/?s={search_term_string}\"},\"query-input\":{\"@type\":\"PropertyValueSpecification\",\"valueRequired\":true,\"valueName\":\"search_term_string\"}}],\"inLanguage\":\"ro-RO\"},{\"@type\":[\"Organization\",\"Place\",\"TravelAgency\"],\"@id\":\"https:\\\/\\\/egytourpackages.com\\\/ro\\\/#organization\",\"name\":\"egypt tour packages\",\"alternateName\":\"egypt tour packages\",\"url\":\"https:\\\/\\\/egytourpackages.com\\\/ro\\\/\",\"logo\":{\"@id\":\"https:\\\/\\\/egytourpackages.com\\\/ro\\\/tours\\\/excursie-de-o-zi-la-dendera-si-abydos-din-luxor\\\/#local-main-organization-logo\"},\"image\":{\"@id\":\"https:\\\/\\\/egytourpackages.com\\\/ro\\\/tours\\\/excursie-de-o-zi-la-dendera-si-abydos-din-luxor\\\/#local-main-organization-logo\"},\"sameAs\":[\"https:\\\/\\\/www.facebook.com\\\/egytourpackages\"],\"legalName\":\"Egy tour packages\",\"address\":{\"@id\":\"https:\\\/\\\/egytourpackages.com\\\/ro\\\/tours\\\/excursie-de-o-zi-la-dendera-si-abydos-din-luxor\\\/#local-main-place-address\"},\"telephone\":[\"00201000852186\",\"00201028685533\"],\"contactPoint\":{\"@type\":\"ContactPoint\",\"telephone\":\"00201000852186\"},\"openingHoursSpecification\":[{\"@type\":\"OpeningHoursSpecification\",\"dayOfWeek\":[\"Monday\",\"Tuesday\",\"Wednesday\",\"Thursday\",\"Friday\",\"Saturday\",\"Sunday\"],\"opens\":\"00:00\",\"closes\":\"23:59\"}],\"email\":\"info@egytourpackages.com\",\"areaServed\":\"Cairo, Hurghada, Luxor, Sharm El Sheikh, Marsa Alam, Aswan\",\"priceRange\":\"$\",\"currenciesAccepted\":\"euro\",\"paymentAccepted\":\"Payment links online\"},{\"@type\":\"PostalAddress\",\"@id\":\"https:\\\/\\\/egytourpackages.com\\\/ro\\\/tours\\\/excursie-de-o-zi-la-dendera-si-abydos-din-luxor\\\/#local-main-place-address\",\"streetAddress\":\"Mubarak 8, Al Kawthar District, Hurghada\",\"addressLocality\":\"Hurghada\",\"postalCode\":\"84511\",\"addressRegion\":\"Red Sea\",\"addressCountry\":\"EG\"},{\"@type\":\"ImageObject\",\"inLanguage\":\"ro-RO\",\"@id\":\"https:\\\/\\\/egytourpackages.com\\\/ro\\\/tours\\\/excursie-de-o-zi-la-dendera-si-abydos-din-luxor\\\/#local-main-organization-logo\",\"url\":\"https:\\\/\\\/egytourpackages.com\\\/wp-content\\\/uploads\\\/2025\\\/12\\\/Turquoise-Dahabiya-Nile-Cruise-1.jpeg\",\"contentUrl\":\"https:\\\/\\\/egytourpackages.com\\\/wp-content\\\/uploads\\\/2025\\\/12\\\/Turquoise-Dahabiya-Nile-Cruise-1.jpeg\",\"width\":1040,\"height\":694,\"caption\":\"egypt tour packages\"}]}<\/script>\n<meta property=\"product:brand\" content=\"Excursii de o zi \u00een Egipt\" \/>\n<meta property=\"product:price:amount\" content=\"100\" \/>\n<meta property=\"product:price:currency\" content=\"EUR\" \/>\n<meta property=\"og:availability\" content=\"instock\" \/>\n<meta property=\"product:availability\" content=\"instock\" \/>\n<meta property=\"product:retailer_item_id\" content=\"LDT01\" \/>\n<meta property=\"product:condition\" content=\"new\" \/>\n<meta name=\"geo.placename\" content=\"Hurghada\" \/>\n<meta name=\"geo.region\" content=\"Egipt\" \/>\n<!-- \/ Yoast SEO Premium plugin. -->","yoast_head_json":{"title":"Excursie de O Zi la Dendera \u0219i Abydos din Luxor","description":"Excursie de O Zi la Dendera \u0219i Abydos din Luxor: Tur privat la Templul Hathor \u0219i Templul Seti I (Abydos). Vede\u021bi Lista Regilor \u0219i Criptele din Dendera.","robots":{"index":"index","follow":"follow","max-snippet":"max-snippet:-1","max-image-preview":"max-image-preview:large","max-video-preview":"max-video-preview:-1"},"canonical":"https:\/\/egytourpackages.com\/ro\/tours\/excursie-de-o-zi-la-dendera-si-abydos-din-luxor\/","og_locale":"ro_RO","og_type":"article","og_title":"Excursie de O Zi la Dendera \u0219i Abydos din Luxor","og_description":"Excursie de O Zi la Dendera \u0219i Abydos din Luxor: Tur privat la Templul Hathor \u0219i Templul Seti I (Abydos). Vede\u021bi Lista Regilor \u0219i Criptele din Dendera.","og_url":"https:\/\/egytourpackages.com\/ro\/tours\/excursie-de-o-zi-la-dendera-si-abydos-din-luxor\/","og_site_name":"Egypt Tour Packages","article_publisher":"https:\/\/www.facebook.com\/egytourpackages","article_modified_time":"2026-01-09T11:46:39+00:00","og_image":[{"url":"https:\/\/egytourpackages.com\/wp-content\/uploads\/2023\/08\/Dendera-temple-Qena-1024x768.jpg","type":"","width":"","height":""}],"twitter_card":"summary_large_image","twitter_title":"Excursie de O Zi la Dendera \u0219i Abydos din Luxor","twitter_description":"Excursie de O Zi la Dendera \u0219i Abydos din Luxor: Tur privat la Templul Hathor \u0219i Templul Seti I (Abydos). Vede\u021bi Lista Regilor \u0219i Criptele din Dendera.","twitter_image":"https:\/\/egytourpackages.com\/wp-content\/uploads\/2023\/08\/Dendera-temple-Qena-1024x768.jpg","twitter_misc":{"Pre\u021b":"&euro;100","Disponibilitate":"\u00cen stoc"},"schema":{"@context":"https:\/\/schema.org","@graph":[{"@type":"WebPage","@id":"https:\/\/egytourpackages.com\/ro\/tours\/excursie-de-o-zi-la-dendera-si-abydos-din-luxor\/","url":"https:\/\/egytourpackages.com\/ro\/tours\/excursie-de-o-zi-la-dendera-si-abydos-din-luxor\/","name":"Excursie de O Zi la Dendera \u0219i Abydos din Luxor","isPartOf":{"@id":"https:\/\/egytourpackages.com\/ro\/#website"},"primaryImageOfPage":{"@id":"https:\/\/egytourpackages.com\/ro\/tours\/excursie-de-o-zi-la-dendera-si-abydos-din-luxor\/#primaryimage"},"image":{"@id":"https:\/\/egytourpackages.com\/ro\/tours\/excursie-de-o-zi-la-dendera-si-abydos-din-luxor\/#primaryimage"},"thumbnailUrl":"https:\/\/egytourpackages.com\/wp-content\/uploads\/2023\/08\/Dendera-temple-Qena.jpg","datePublished":"2023-08-25T13:03:52+00:00","dateModified":"2026-01-09T11:46:39+00:00","description":"Excursie de O Zi la Dendera \u0219i Abydos din Luxor: Tur privat la Templul Hathor \u0219i Templul Seti I (Abydos). Vede\u021bi Lista Regilor \u0219i Criptele din Dendera.","breadcrumb":{"@id":"https:\/\/egytourpackages.com\/ro\/tours\/excursie-de-o-zi-la-dendera-si-abydos-din-luxor\/#breadcrumb"},"inLanguage":"ro-RO","potentialAction":[{"@type":"ReadAction","target":["https:\/\/egytourpackages.com\/ro\/tours\/excursie-de-o-zi-la-dendera-si-abydos-din-luxor\/"]}]},{"@type":"ImageObject","inLanguage":"ro-RO","@id":"https:\/\/egytourpackages.com\/ro\/tours\/excursie-de-o-zi-la-dendera-si-abydos-din-luxor\/#primaryimage","url":"https:\/\/egytourpackages.com\/wp-content\/uploads\/2023\/08\/Dendera-temple-Qena.jpg","contentUrl":"https:\/\/egytourpackages.com\/wp-content\/uploads\/2023\/08\/Dendera-temple-Qena.jpg","width":2000,"height":1500,"caption":"Templul Dendera, Qena"},{"@type":"BreadcrumbList","@id":"https:\/\/egytourpackages.com\/ro\/tours\/excursie-de-o-zi-la-dendera-si-abydos-din-luxor\/#breadcrumb","itemListElement":[{"@type":"ListItem","position":1,"name":"Home","item":"https:\/\/egytourpackages.com\/ro\/"},{"@type":"ListItem","position":2,"name":"Shop","item":"https:\/\/egytourpackages.com\/shop\/"},{"@type":"ListItem","position":3,"name":"Excursie de O Zi la Dendera \u0219i Abydos din Luxor"}]},{"@type":"WebSite","@id":"https:\/\/egytourpackages.com\/ro\/#website","url":"https:\/\/egytourpackages.com\/ro\/","name":"Egy tour packages","description":"","publisher":{"@id":"https:\/\/egytourpackages.com\/ro\/#organization"},"potentialAction":[{"@type":"SearchAction","target":{"@type":"EntryPoint","urlTemplate":"https:\/\/egytourpackages.com\/ro\/?s={search_term_string}"},"query-input":{"@type":"PropertyValueSpecification","valueRequired":true,"valueName":"search_term_string"}}],"inLanguage":"ro-RO"},{"@type":["Organization","Place","TravelAgency"],"@id":"https:\/\/egytourpackages.com\/ro\/#organization","name":"egypt tour packages","alternateName":"egypt tour packages","url":"https:\/\/egytourpackages.com\/ro\/","logo":{"@id":"https:\/\/egytourpackages.com\/ro\/tours\/excursie-de-o-zi-la-dendera-si-abydos-din-luxor\/#local-main-organization-logo"},"image":{"@id":"https:\/\/egytourpackages.com\/ro\/tours\/excursie-de-o-zi-la-dendera-si-abydos-din-luxor\/#local-main-organization-logo"},"sameAs":["https:\/\/www.facebook.com\/egytourpackages"],"legalName":"Egy tour packages","address":{"@id":"https:\/\/egytourpackages.com\/ro\/tours\/excursie-de-o-zi-la-dendera-si-abydos-din-luxor\/#local-main-place-address"},"telephone":["00201000852186","00201028685533"],"contactPoint":{"@type":"ContactPoint","telephone":"00201000852186"},"openingHoursSpecification":[{"@type":"OpeningHoursSpecification","dayOfWeek":["Monday","Tuesday","Wednesday","Thursday","Friday","Saturday","Sunday"],"opens":"00:00","closes":"23:59"}],"email":"info@egytourpackages.com","areaServed":"Cairo, Hurghada, Luxor, Sharm El Sheikh, Marsa Alam, Aswan","priceRange":"$","currenciesAccepted":"euro","paymentAccepted":"Payment links online"},{"@type":"PostalAddress","@id":"https:\/\/egytourpackages.com\/ro\/tours\/excursie-de-o-zi-la-dendera-si-abydos-din-luxor\/#local-main-place-address","streetAddress":"Mubarak 8, Al Kawthar District, Hurghada","addressLocality":"Hurghada","postalCode":"84511","addressRegion":"Red Sea","addressCountry":"EG"},{"@type":"ImageObject","inLanguage":"ro-RO","@id":"https:\/\/egytourpackages.com\/ro\/tours\/excursie-de-o-zi-la-dendera-si-abydos-din-luxor\/#local-main-organization-logo","url":"https:\/\/egytourpackages.com\/wp-content\/uploads\/2025\/12\/Turquoise-Dahabiya-Nile-Cruise-1.jpeg","contentUrl":"https:\/\/egytourpackages.com\/wp-content\/uploads\/2025\/12\/Turquoise-Dahabiya-Nile-Cruise-1.jpeg","width":1040,"height":694,"caption":"egypt tour packages"}]},"product_brand":"Excursii de o zi \u00een Egipt","product_price_amount":"100","product_price_currency":"EUR","og_availability":"instock","product_availability":"instock","product_retailer_item_id":"LDT01","product_condition":"new","geo.placename":"Hurghada","geo.region":"Egipt"},"_links":{"self":[{"href":"https:\/\/egytourpackages.com\/ro\/wp-json\/wp\/v2\/product\/9642","targetHints":{"allow":["GET"]}}],"collection":[{"href":"https:\/\/egytourpackages.com\/ro\/wp-json\/wp\/v2\/product"}],"about":[{"href":"https:\/\/egytourpackages.com\/ro\/wp-json\/wp\/v2\/types\/product"}],"replies":[{"embeddable":true,"href":"https:\/\/egytourpackages.com\/ro\/wp-json\/wp\/v2\/comments?post=9642"}],"wp:featuredmedia":[{"embeddable":true,"href":"https:\/\/egytourpackages.com\/ro\/wp-json\/wp\/v2\/media\/9643"}],"wp:attachment":[{"href":"https:\/\/egytourpackages.com\/ro\/wp-json\/wp\/v2\/media?parent=9642"}],"wp:term":[{"taxonomy":"product_brand","embeddable":true,"href":"https:\/\/egytourpackages.com\/ro\/wp-json\/wp\/v2\/product_brand?post=9642"},{"taxonomy":"product_cat","embeddable":true,"href":"https:\/\/egytourpackages.com\/ro\/wp-json\/wp\/v2\/product_cat?post=9642"},{"taxonomy":"product_tag","embeddable":true,"href":"https:\/\/egytourpackages.com\/ro\/wp-json\/wp\/v2\/product_tag?post=9642"}],"curies":[{"name":"wp","href":"https:\/\/api.w.org\/{rel}","templated":true}]}}