{"id":9644,"date":"2023-08-22T17:07:45","date_gmt":"2023-08-22T17:07:45","guid":{"rendered":"https:\/\/egytourpackages.com\/product\/excursie-de-snorkeling-in-marea-rosie-din-sahl-hasheesh\/"},"modified":"2026-01-28T20:47:10","modified_gmt":"2026-01-28T20:47:10","slug":"excursie-de-snorkeling-in-marea-rosie-din-sahl-hasheesh","status":"publish","type":"product","link":"https:\/\/egytourpackages.com\/ro\/tours\/excursie-de-snorkeling-in-marea-rosie-din-sahl-hasheesh\/","title":{"rendered":"Excursie de Snorkeling \u00een Marea Ro\u0219ie din Sahl Hasheesh"},"content":{"rendered":"<p><span style=\"color: #ff6600;\"><strong>Excursie de Snorkeling \u00een Marea Ro\u0219ie din Sahl Hasheesh<\/strong><\/span><\/p>\n<p>Preg\u0103ti\u021bi-v\u0103 pentru o <strong>excursie fantastic\u0103 de snorkeling<\/strong> cu barca din Sahl Hasheesh, o <strong>activitate de top<\/strong> pentru oricine caut\u0103 cele mai bune <strong>lucruri de f\u0103cut \u00een Sahl Hasheesh<\/strong>. Aceast\u0103 <strong>excursie pe mare de snorkeling<\/strong> ofer\u0103 combina\u021bia perfect\u0103 de aventur\u0103 \u0219i relaxare, cufund\u00e2ndu-v\u0103 \u00een frumuse\u021bea uluitoare a <strong>M\u0103rii Ro\u0219ii<\/strong>. Fiind o <strong>excursie premium \u00een Sahl Hasheesh<\/strong>, aceast\u0103 c\u0103l\u0103torie <em>all-inclusive<\/em> v\u0103 duce la cele mai spectaculoase <strong>loca\u021bii de snorkeling<\/strong> la bordul unei b\u0103rci confortabile.<\/p>\n<p>Aceast\u0103 c\u0103l\u0103torie este o modalitate uimitoare de a explora faimoasele <strong>recife de corali din Marea Ro\u0219ie<\/strong>. Ve\u021bi avea \u0219ansa s\u0103 s\u0103ri\u021bi \u00een <strong>apele cristaline<\/strong> \u0219i s\u0103 fi\u021bi martori la lumea subacvatic\u0103 vibrant\u0103.<\/p>\n<p>Fi\u021bi cu ochii pe <strong>delfinii juc\u0103u\u0219i din Egipt<\/strong> care adesea \u00eenoat\u0103 pe l\u00e2ng\u0103 barc\u0103, ad\u0103ug\u00e2nd o not\u0103 cu adev\u0103rat magic\u0103 zilei dumneavoastr\u0103.<\/p>\n<p>Turul include de obicei dou\u0103 <strong>opriri de snorkeling<\/strong> diferite, fiecare oferind o perspectiv\u0103 unic\u0103 asupra <strong>vie\u021bii marine diverse din Marea Ro\u0219ie<\/strong>. Tot <strong>echipamentul necesar pentru snorkeling<\/strong>, inclusiv m\u0103\u0219ti, <strong>labe (aripioare)<\/strong> \u0219i veste de salvare, este furnizat la bord. Un <strong>pr\u00e2nz proasp\u0103t g\u0103tit<\/strong> va fi servit pentru a v\u0103 men\u021bine plini de energie pentru o zi de explorare. Pentru un plus de emo\u021bie, pute\u021bi avea \u0219i op\u021biunea de a \u00eencerca <strong>sporturi nautice<\/strong> palpitante precum <strong>banana boat<\/strong> \u0219i <strong>sofa boat<\/strong>.<\/p>\n<p>Ziua dumneavoastr\u0103 \u00eencepe cu o <strong>preluare convenabil\u0103 de la hotelul<\/strong> dumneavoastr\u0103 din Sahl Hasheesh, asigur\u00e2nd un \u00eenceput f\u0103r\u0103 stres al aventurii. Turul este <em>all-inclusive<\/em>, incluz\u00e2nd un pr\u00e2nz delicios, gust\u0103ri \u0219i b\u0103uturi calde \u0219i reci nelimitate. Dup\u0103 o zi plin\u0103 de distrac\u021bie, ve\u021bi fi l\u0103sa\u021bi \u00eenapoi la hotelul dumneavoastr\u0103, plini de <strong>amintiri de neuitat<\/strong> din <strong>excursia de snorkeling cu barca<\/strong>.<\/p>\n<h3><span style=\"color: #ff6600;\">Punctele de Atrac\u021bie ale Turului<\/span><\/h3>\n<ul>\n<li>Dou\u0103 opriri de snorkeling \u00een dou\u0103 locuri diferite<\/li>\n<li>Pr\u00e2nz proasp\u0103t g\u0103tit la bord<\/li>\n<li>Sporturi nautice precum Banana boat \u0219i Sofa boat<\/li>\n<\/ul>\n<h3><span style=\"color: #ff6600;\">Detalii Tur<\/span><\/h3>\n<ul>\n<li>Durat\u0103: 8 ore<\/li>\n<li>Loca\u021bie: Marea Ro\u0219ie<\/li>\n<li>Disponibilitate Tur: Zilnic<\/li>\n<li>Tip Tur: De Grup<\/li>\n<li>Preluare &amp; L\u0103sare: Hotelul dumneavoastr\u0103 din Sahl Hasheesh<\/li>\n<li>Scaun cu Rotile: Accesibil<\/li>\n<\/ul>\n<h3><span style=\"color: #ff6600;\">Inclus<\/span><\/h3>\n<ul>\n<li>Transfer dus-\u00eentors de la hotelul dumneavoastr\u0103 din Sahl Hasheesh<\/li>\n<li>Echipament de snorkeling (vest\u0103 de salvare, masc\u0103, labe\/aripioare)<\/li>\n<li>Ghid de snorkeling<\/li>\n<li>Pr\u00e2nz proasp\u0103t g\u0103tit la bord<\/li>\n<li>Ap\u0103 mineral\u0103, b\u0103uturi calde \u0219i reci nelimitat pe toat\u0103 durata zilei<\/li>\n<\/ul>\n<h3><span style=\"color: #ff6600;\">Exclus<\/span><\/h3>\n<ul>\n<li>DVD \u0219i fotografii realizate de cameraman<\/li>\n<li>Bac\u0219i\u0219uri (Tipping)<\/li>\n<li>Scufund\u0103ri (Diving)<\/li>\n<\/ul>\n<h3><span style=\"color: #ff6600;\">Ce s\u0103 Pune\u021bi \u00een Bagaj<\/span><\/h3>\n<ul>\n<li>Prosopul dumneavoastr\u0103 de la hotel<\/li>\n<li>P\u0103l\u0103rie sau E\u0219arf\u0103<\/li>\n<li>Crem\u0103 de soare (cu factor de protec\u021bie)<\/li>\n<li>Ochelari de soare<\/li>\n<li>Pantofi confortabili<\/li>\n<li>Costum de baie<\/li>\n<li>Bani \u00een numerar (Cash) pentru cheltuieli personale<\/li>\n<\/ul>\n<h3><span style=\"color: #ff6600;\">Pre\u021b Excursie Snorkeling cu Barca din Sahl Hasheesh<\/span><\/h3>\n<ul>\n<li>Pre\u021b Adult = 30 \u20ac<\/li>\n<li>Sugari 0-5 ani = gratuit<\/li>\n<li>Copii 5-11 ani = 50% din pre\u021bul pentru adult<\/li>\n<\/ul>\n<h3><span style=\"color: #ff6600;\">Rezervare<\/span><\/h3>\n<p>V\u0103 pute\u021bi rezerva turul prin WhatsApp sau ne pute\u021bi trimite un E-mail \u0219i ve\u021bi primi confirmarea pe loc.<\/p>\n<p>V\u0103 rug\u0103m s\u0103 ne trimite\u021bi numele hotelului dumneavoastr\u0103, num\u0103rul camerei \u0219i copiile pa\u0219apoartelor.<\/p>\n<ul>\n<li>WhatsApp: +201000852186<\/li>\n<li>E-mail: info@egytourpackages.com<\/li>\n<\/ul>\n<h3><span style=\"color: #ff6600;\">Rezerva\u021bi Acum \u0219i Pl\u0103ti\u021bi la fa\u021ba locului<\/span><\/h3>\n<p>Rezerva\u021bi turul dumneavoastr\u0103 preferat \u0219i pl\u0103ti\u021bi \u00een ziua excursiei.<\/p>\n<h3><span style=\"color: #ff6600;\">Plat\u0103<\/span><\/h3>\n<p>Pute\u021bi pl\u0103ti \u00een lire egiptene, $, \u20ac sau \u00a3.<\/p>\n<h3><span style=\"color: #ff6600;\">Politica de Anulare<\/span><\/h3>\n<ul>\n<li>Anularea este gratuit\u0103 cu p\u00e2n\u0103 la 24 de ore \u00eenainte<\/li>\n<li>Anularea \u00een diminea\u021ba zilei excursiei implic\u0103 o tax\u0103 de 50% din pre\u021b<\/li>\n<\/ul>\n","protected":false},"excerpt":{"rendered":"<p>Excursie de Snorkeling \u00een Marea Ro\u0219ie din Sahl Hasheesh: O zi fantastic\u0103 pe mare! Descoperi\u021bi recife de corali, delfini \u0219i ape cristaline. Include echipament.<\/p>\n","protected":false},"featured_media":9645,"comment_status":"open","ping_status":"closed","template":"","meta":[],"product_brand":[],"product_cat":[3120],"product_tag":[3268,3203,3257],"class_list":{"0":"post-9644","1":"product","2":"type-product","3":"status-publish","4":"has-post-thumbnail","6":"product_cat-tururi","7":"product_tag-cele-mai-bune-lucruri-de-facut-in-sahl-hasheesh","8":"product_tag-excursii-de-o-zi-in-egipt","9":"product_tag-excursii-in-sahl-hasheesh","10":"tour_category-excursie-de-snorkeling-in-hurghada","11":"tour_category-excursii-de-o-zi-in-egipt-ro","12":"tour_category-excursii-sahl-hasheesh-ro","14":"first","15":"instock","16":"sale","17":"shipping-taxable","18":"purchasable","19":"product-type-tour","20":"has-default-attributes"},"yoast_head":"<!-- This site is optimized with the Yoast SEO Premium plugin v27.4 (Yoast SEO v27.4) - https:\/\/yoast.com\/product\/yoast-seo-premium-wordpress\/ -->\n<title>Excursie de Snorkeling \u00een Marea Ro\u0219ie din Sahl Hasheesh<\/title>\n<meta name=\"description\" content=\"Excursie de Snorkeling \u00een Marea Ro\u0219ie din Sahl Hasheesh: O zi fantastic\u0103 pe mare! Descoperi\u021bi recife de corali, delfini \u0219i ape cristaline. Include echipament.\" \/>\n<meta name=\"robots\" content=\"index, follow, max-snippet:-1, max-image-preview:large, max-video-preview:-1\" \/>\n<link rel=\"canonical\" href=\"https:\/\/egytourpackages.com\/ro\/tours\/excursie-de-snorkeling-in-marea-rosie-din-sahl-hasheesh\/\" \/>\n<meta property=\"og:locale\" content=\"ro_RO\" \/>\n<meta property=\"og:type\" content=\"article\" \/>\n<meta property=\"og:title\" content=\"Excursie de Snorkeling \u00een Marea Ro\u0219ie din Sahl Hasheesh\" \/>\n<meta property=\"og:description\" content=\"Excursie de Snorkeling \u00een Marea Ro\u0219ie din Sahl Hasheesh: O zi fantastic\u0103 pe mare! Descoperi\u021bi recife de corali, delfini \u0219i ape cristaline. Include echipament.\" \/>\n<meta property=\"og:url\" content=\"https:\/\/egytourpackages.com\/ro\/tours\/excursie-de-snorkeling-in-marea-rosie-din-sahl-hasheesh\/\" \/>\n<meta property=\"og:site_name\" content=\"Egypt Tour Packages\" \/>\n<meta property=\"article:publisher\" content=\"https:\/\/www.facebook.com\/egytourpackages\" \/>\n<meta property=\"article:modified_time\" content=\"2026-01-28T20:47:10+00:00\" \/>\n<meta property=\"og:image\" content=\"https:\/\/egytourpackages.com\/wp-content\/uploads\/2023\/08\/Snorkeling-Boat-Trip-from-Sahl-Hasheesh-1024x682.jpg\" \/>\n<meta name=\"twitter:card\" content=\"summary_large_image\" \/>\n<meta name=\"twitter:title\" content=\"Excursie de Snorkeling \u00een Marea Ro\u0219ie din Sahl Hasheesh\" \/>\n<meta name=\"twitter:description\" content=\"Excursie de Snorkeling \u00een Marea Ro\u0219ie din Sahl Hasheesh: O zi fantastic\u0103 pe mare! Descoperi\u021bi recife de corali, delfini \u0219i ape cristaline. Include echipament.\" \/>\n<meta name=\"twitter:image\" content=\"https:\/\/egytourpackages.com\/wp-content\/uploads\/2023\/08\/Snorkeling-Boat-Trip-from-Sahl-Hasheesh-1024x682.jpg\" \/>\n<meta name=\"twitter:label1\" content=\"Pre\u021b\" \/>\n\t<meta name=\"twitter:data1\" content=\"&euro;30\" \/>\n\t<meta name=\"twitter:label2\" content=\"Disponibilitate\" \/>\n\t<meta name=\"twitter:data2\" content=\"\u00cen stoc\" \/>\n<script type=\"application\/ld+json\" class=\"yoast-schema-graph\">{\"@context\":\"https:\\\/\\\/schema.org\",\"@graph\":[{\"@type\":\"WebPage\",\"@id\":\"https:\\\/\\\/egytourpackages.com\\\/ro\\\/tours\\\/excursie-de-snorkeling-in-marea-rosie-din-sahl-hasheesh\\\/\",\"url\":\"https:\\\/\\\/egytourpackages.com\\\/ro\\\/tours\\\/excursie-de-snorkeling-in-marea-rosie-din-sahl-hasheesh\\\/\",\"name\":\"Excursie de Snorkeling \u00een Marea Ro\u0219ie din Sahl Hasheesh\",\"isPartOf\":{\"@id\":\"https:\\\/\\\/egytourpackages.com\\\/ro\\\/#website\"},\"primaryImageOfPage\":{\"@id\":\"https:\\\/\\\/egytourpackages.com\\\/ro\\\/tours\\\/excursie-de-snorkeling-in-marea-rosie-din-sahl-hasheesh\\\/#primaryimage\"},\"image\":{\"@id\":\"https:\\\/\\\/egytourpackages.com\\\/ro\\\/tours\\\/excursie-de-snorkeling-in-marea-rosie-din-sahl-hasheesh\\\/#primaryimage\"},\"thumbnailUrl\":\"https:\\\/\\\/egytourpackages.com\\\/wp-content\\\/uploads\\\/2023\\\/08\\\/Snorkeling-Boat-Trip-from-Sahl-Hasheesh.jpg\",\"datePublished\":\"2023-08-22T17:07:45+00:00\",\"dateModified\":\"2026-01-28T20:47:10+00:00\",\"description\":\"Excursie de Snorkeling \u00een Marea Ro\u0219ie din Sahl Hasheesh: O zi fantastic\u0103 pe mare! Descoperi\u021bi recife de corali, delfini \u0219i ape cristaline. Include echipament.\",\"breadcrumb\":{\"@id\":\"https:\\\/\\\/egytourpackages.com\\\/ro\\\/tours\\\/excursie-de-snorkeling-in-marea-rosie-din-sahl-hasheesh\\\/#breadcrumb\"},\"inLanguage\":\"ro-RO\",\"potentialAction\":[{\"@type\":\"ReadAction\",\"target\":[\"https:\\\/\\\/egytourpackages.com\\\/ro\\\/tours\\\/excursie-de-snorkeling-in-marea-rosie-din-sahl-hasheesh\\\/\"]}]},{\"@type\":\"ImageObject\",\"inLanguage\":\"ro-RO\",\"@id\":\"https:\\\/\\\/egytourpackages.com\\\/ro\\\/tours\\\/excursie-de-snorkeling-in-marea-rosie-din-sahl-hasheesh\\\/#primaryimage\",\"url\":\"https:\\\/\\\/egytourpackages.com\\\/wp-content\\\/uploads\\\/2023\\\/08\\\/Snorkeling-Boat-Trip-from-Sahl-Hasheesh.jpg\",\"contentUrl\":\"https:\\\/\\\/egytourpackages.com\\\/wp-content\\\/uploads\\\/2023\\\/08\\\/Snorkeling-Boat-Trip-from-Sahl-Hasheesh.jpg\",\"width\":2000,\"height\":1333,\"caption\":\"Excursie de Snorkeling \u00een Marea Ro\u0219ie din Sahl Hasheesh\"},{\"@type\":\"BreadcrumbList\",\"@id\":\"https:\\\/\\\/egytourpackages.com\\\/ro\\\/tours\\\/excursie-de-snorkeling-in-marea-rosie-din-sahl-hasheesh\\\/#breadcrumb\",\"itemListElement\":[{\"@type\":\"ListItem\",\"position\":1,\"name\":\"Home\",\"item\":\"https:\\\/\\\/egytourpackages.com\\\/ro\\\/\"},{\"@type\":\"ListItem\",\"position\":2,\"name\":\"Shop\",\"item\":\"https:\\\/\\\/egytourpackages.com\\\/shop\\\/\"},{\"@type\":\"ListItem\",\"position\":3,\"name\":\"Excursie de Snorkeling \u00een Marea Ro\u0219ie din Sahl Hasheesh\"}]},{\"@type\":\"WebSite\",\"@id\":\"https:\\\/\\\/egytourpackages.com\\\/ro\\\/#website\",\"url\":\"https:\\\/\\\/egytourpackages.com\\\/ro\\\/\",\"name\":\"Egy tour packages\",\"description\":\"\",\"publisher\":{\"@id\":\"https:\\\/\\\/egytourpackages.com\\\/ro\\\/#organization\"},\"potentialAction\":[{\"@type\":\"SearchAction\",\"target\":{\"@type\":\"EntryPoint\",\"urlTemplate\":\"https:\\\/\\\/egytourpackages.com\\\/ro\\\/?s={search_term_string}\"},\"query-input\":{\"@type\":\"PropertyValueSpecification\",\"valueRequired\":true,\"valueName\":\"search_term_string\"}}],\"inLanguage\":\"ro-RO\"},{\"@type\":[\"Organization\",\"Place\",\"TravelAgency\"],\"@id\":\"https:\\\/\\\/egytourpackages.com\\\/ro\\\/#organization\",\"name\":\"egypt tour packages\",\"alternateName\":\"egypt tour packages\",\"url\":\"https:\\\/\\\/egytourpackages.com\\\/ro\\\/\",\"logo\":{\"@id\":\"https:\\\/\\\/egytourpackages.com\\\/ro\\\/tours\\\/excursie-de-snorkeling-in-marea-rosie-din-sahl-hasheesh\\\/#local-main-organization-logo\"},\"image\":{\"@id\":\"https:\\\/\\\/egytourpackages.com\\\/ro\\\/tours\\\/excursie-de-snorkeling-in-marea-rosie-din-sahl-hasheesh\\\/#local-main-organization-logo\"},\"sameAs\":[\"https:\\\/\\\/www.facebook.com\\\/egytourpackages\"],\"legalName\":\"Egy tour packages\",\"address\":{\"@id\":\"https:\\\/\\\/egytourpackages.com\\\/ro\\\/tours\\\/excursie-de-snorkeling-in-marea-rosie-din-sahl-hasheesh\\\/#local-main-place-address\"},\"telephone\":[\"00201000852186\",\"00201028685533\"],\"contactPoint\":{\"@type\":\"ContactPoint\",\"telephone\":\"00201000852186\"},\"openingHoursSpecification\":[{\"@type\":\"OpeningHoursSpecification\",\"dayOfWeek\":[\"Monday\",\"Tuesday\",\"Wednesday\",\"Thursday\",\"Friday\",\"Saturday\",\"Sunday\"],\"opens\":\"00:00\",\"closes\":\"23:59\"}],\"email\":\"info@egytourpackages.com\",\"areaServed\":\"Cairo, Hurghada, Luxor, Sharm El Sheikh, Marsa Alam, Aswan\",\"priceRange\":\"$\",\"currenciesAccepted\":\"euro\",\"paymentAccepted\":\"Payment links online\"},{\"@type\":\"PostalAddress\",\"@id\":\"https:\\\/\\\/egytourpackages.com\\\/ro\\\/tours\\\/excursie-de-snorkeling-in-marea-rosie-din-sahl-hasheesh\\\/#local-main-place-address\",\"streetAddress\":\"Mubarak 8, Al Kawthar District, Hurghada\",\"addressLocality\":\"Hurghada\",\"postalCode\":\"84511\",\"addressRegion\":\"Red Sea\",\"addressCountry\":\"EG\"},{\"@type\":\"ImageObject\",\"inLanguage\":\"ro-RO\",\"@id\":\"https:\\\/\\\/egytourpackages.com\\\/ro\\\/tours\\\/excursie-de-snorkeling-in-marea-rosie-din-sahl-hasheesh\\\/#local-main-organization-logo\",\"url\":\"https:\\\/\\\/egytourpackages.com\\\/wp-content\\\/uploads\\\/2025\\\/12\\\/Turquoise-Dahabiya-Nile-Cruise-1.jpeg\",\"contentUrl\":\"https:\\\/\\\/egytourpackages.com\\\/wp-content\\\/uploads\\\/2025\\\/12\\\/Turquoise-Dahabiya-Nile-Cruise-1.jpeg\",\"width\":1040,\"height\":694,\"caption\":\"egypt tour packages\"}]}<\/script>\n<meta property=\"product:brand\" content=\"Excursie de snorkeling \u00een Hurghada\" \/>\n<meta property=\"product:price:amount\" content=\"30\" \/>\n<meta property=\"product:price:currency\" content=\"EUR\" \/>\n<meta property=\"og:availability\" content=\"instock\" \/>\n<meta property=\"product:availability\" content=\"instock\" \/>\n<meta property=\"product:retailer_item_id\" content=\"SHDT03\" \/>\n<meta property=\"product:condition\" content=\"new\" \/>\n<meta name=\"geo.placename\" content=\"Hurghada\" \/>\n<meta name=\"geo.region\" content=\"Egipt\" \/>\n<!-- \/ Yoast SEO Premium plugin. -->","yoast_head_json":{"title":"Excursie de Snorkeling \u00een Marea Ro\u0219ie din Sahl Hasheesh","description":"Excursie de Snorkeling \u00een Marea Ro\u0219ie din Sahl Hasheesh: O zi fantastic\u0103 pe mare! Descoperi\u021bi recife de corali, delfini \u0219i ape cristaline. Include echipament.","robots":{"index":"index","follow":"follow","max-snippet":"max-snippet:-1","max-image-preview":"max-image-preview:large","max-video-preview":"max-video-preview:-1"},"canonical":"https:\/\/egytourpackages.com\/ro\/tours\/excursie-de-snorkeling-in-marea-rosie-din-sahl-hasheesh\/","og_locale":"ro_RO","og_type":"article","og_title":"Excursie de Snorkeling \u00een Marea Ro\u0219ie din Sahl Hasheesh","og_description":"Excursie de Snorkeling \u00een Marea Ro\u0219ie din Sahl Hasheesh: O zi fantastic\u0103 pe mare! Descoperi\u021bi recife de corali, delfini \u0219i ape cristaline. Include echipament.","og_url":"https:\/\/egytourpackages.com\/ro\/tours\/excursie-de-snorkeling-in-marea-rosie-din-sahl-hasheesh\/","og_site_name":"Egypt Tour Packages","article_publisher":"https:\/\/www.facebook.com\/egytourpackages","article_modified_time":"2026-01-28T20:47:10+00:00","og_image":[{"url":"https:\/\/egytourpackages.com\/wp-content\/uploads\/2023\/08\/Snorkeling-Boat-Trip-from-Sahl-Hasheesh-1024x682.jpg","type":"","width":"","height":""}],"twitter_card":"summary_large_image","twitter_title":"Excursie de Snorkeling \u00een Marea Ro\u0219ie din Sahl Hasheesh","twitter_description":"Excursie de Snorkeling \u00een Marea Ro\u0219ie din Sahl Hasheesh: O zi fantastic\u0103 pe mare! Descoperi\u021bi recife de corali, delfini \u0219i ape cristaline. Include echipament.","twitter_image":"https:\/\/egytourpackages.com\/wp-content\/uploads\/2023\/08\/Snorkeling-Boat-Trip-from-Sahl-Hasheesh-1024x682.jpg","twitter_misc":{"Pre\u021b":"&euro;30","Disponibilitate":"\u00cen stoc"},"schema":{"@context":"https:\/\/schema.org","@graph":[{"@type":"WebPage","@id":"https:\/\/egytourpackages.com\/ro\/tours\/excursie-de-snorkeling-in-marea-rosie-din-sahl-hasheesh\/","url":"https:\/\/egytourpackages.com\/ro\/tours\/excursie-de-snorkeling-in-marea-rosie-din-sahl-hasheesh\/","name":"Excursie de Snorkeling \u00een Marea Ro\u0219ie din Sahl Hasheesh","isPartOf":{"@id":"https:\/\/egytourpackages.com\/ro\/#website"},"primaryImageOfPage":{"@id":"https:\/\/egytourpackages.com\/ro\/tours\/excursie-de-snorkeling-in-marea-rosie-din-sahl-hasheesh\/#primaryimage"},"image":{"@id":"https:\/\/egytourpackages.com\/ro\/tours\/excursie-de-snorkeling-in-marea-rosie-din-sahl-hasheesh\/#primaryimage"},"thumbnailUrl":"https:\/\/egytourpackages.com\/wp-content\/uploads\/2023\/08\/Snorkeling-Boat-Trip-from-Sahl-Hasheesh.jpg","datePublished":"2023-08-22T17:07:45+00:00","dateModified":"2026-01-28T20:47:10+00:00","description":"Excursie de Snorkeling \u00een Marea Ro\u0219ie din Sahl Hasheesh: O zi fantastic\u0103 pe mare! Descoperi\u021bi recife de corali, delfini \u0219i ape cristaline. Include echipament.","breadcrumb":{"@id":"https:\/\/egytourpackages.com\/ro\/tours\/excursie-de-snorkeling-in-marea-rosie-din-sahl-hasheesh\/#breadcrumb"},"inLanguage":"ro-RO","potentialAction":[{"@type":"ReadAction","target":["https:\/\/egytourpackages.com\/ro\/tours\/excursie-de-snorkeling-in-marea-rosie-din-sahl-hasheesh\/"]}]},{"@type":"ImageObject","inLanguage":"ro-RO","@id":"https:\/\/egytourpackages.com\/ro\/tours\/excursie-de-snorkeling-in-marea-rosie-din-sahl-hasheesh\/#primaryimage","url":"https:\/\/egytourpackages.com\/wp-content\/uploads\/2023\/08\/Snorkeling-Boat-Trip-from-Sahl-Hasheesh.jpg","contentUrl":"https:\/\/egytourpackages.com\/wp-content\/uploads\/2023\/08\/Snorkeling-Boat-Trip-from-Sahl-Hasheesh.jpg","width":2000,"height":1333,"caption":"Excursie de Snorkeling \u00een Marea Ro\u0219ie din Sahl Hasheesh"},{"@type":"BreadcrumbList","@id":"https:\/\/egytourpackages.com\/ro\/tours\/excursie-de-snorkeling-in-marea-rosie-din-sahl-hasheesh\/#breadcrumb","itemListElement":[{"@type":"ListItem","position":1,"name":"Home","item":"https:\/\/egytourpackages.com\/ro\/"},{"@type":"ListItem","position":2,"name":"Shop","item":"https:\/\/egytourpackages.com\/shop\/"},{"@type":"ListItem","position":3,"name":"Excursie de Snorkeling \u00een Marea Ro\u0219ie din Sahl Hasheesh"}]},{"@type":"WebSite","@id":"https:\/\/egytourpackages.com\/ro\/#website","url":"https:\/\/egytourpackages.com\/ro\/","name":"Egy tour packages","description":"","publisher":{"@id":"https:\/\/egytourpackages.com\/ro\/#organization"},"potentialAction":[{"@type":"SearchAction","target":{"@type":"EntryPoint","urlTemplate":"https:\/\/egytourpackages.com\/ro\/?s={search_term_string}"},"query-input":{"@type":"PropertyValueSpecification","valueRequired":true,"valueName":"search_term_string"}}],"inLanguage":"ro-RO"},{"@type":["Organization","Place","TravelAgency"],"@id":"https:\/\/egytourpackages.com\/ro\/#organization","name":"egypt tour packages","alternateName":"egypt tour packages","url":"https:\/\/egytourpackages.com\/ro\/","logo":{"@id":"https:\/\/egytourpackages.com\/ro\/tours\/excursie-de-snorkeling-in-marea-rosie-din-sahl-hasheesh\/#local-main-organization-logo"},"image":{"@id":"https:\/\/egytourpackages.com\/ro\/tours\/excursie-de-snorkeling-in-marea-rosie-din-sahl-hasheesh\/#local-main-organization-logo"},"sameAs":["https:\/\/www.facebook.com\/egytourpackages"],"legalName":"Egy tour packages","address":{"@id":"https:\/\/egytourpackages.com\/ro\/tours\/excursie-de-snorkeling-in-marea-rosie-din-sahl-hasheesh\/#local-main-place-address"},"telephone":["00201000852186","00201028685533"],"contactPoint":{"@type":"ContactPoint","telephone":"00201000852186"},"openingHoursSpecification":[{"@type":"OpeningHoursSpecification","dayOfWeek":["Monday","Tuesday","Wednesday","Thursday","Friday","Saturday","Sunday"],"opens":"00:00","closes":"23:59"}],"email":"info@egytourpackages.com","areaServed":"Cairo, Hurghada, Luxor, Sharm El Sheikh, Marsa Alam, Aswan","priceRange":"$","currenciesAccepted":"euro","paymentAccepted":"Payment links online"},{"@type":"PostalAddress","@id":"https:\/\/egytourpackages.com\/ro\/tours\/excursie-de-snorkeling-in-marea-rosie-din-sahl-hasheesh\/#local-main-place-address","streetAddress":"Mubarak 8, Al Kawthar District, Hurghada","addressLocality":"Hurghada","postalCode":"84511","addressRegion":"Red Sea","addressCountry":"EG"},{"@type":"ImageObject","inLanguage":"ro-RO","@id":"https:\/\/egytourpackages.com\/ro\/tours\/excursie-de-snorkeling-in-marea-rosie-din-sahl-hasheesh\/#local-main-organization-logo","url":"https:\/\/egytourpackages.com\/wp-content\/uploads\/2025\/12\/Turquoise-Dahabiya-Nile-Cruise-1.jpeg","contentUrl":"https:\/\/egytourpackages.com\/wp-content\/uploads\/2025\/12\/Turquoise-Dahabiya-Nile-Cruise-1.jpeg","width":1040,"height":694,"caption":"egypt tour packages"}]},"product_brand":"Excursie de snorkeling \u00een Hurghada","product_price_amount":"30","product_price_currency":"EUR","og_availability":"instock","product_availability":"instock","product_retailer_item_id":"SHDT03","product_condition":"new","geo.placename":"Hurghada","geo.region":"Egipt"},"_links":{"self":[{"href":"https:\/\/egytourpackages.com\/ro\/wp-json\/wp\/v2\/product\/9644","targetHints":{"allow":["GET"]}}],"collection":[{"href":"https:\/\/egytourpackages.com\/ro\/wp-json\/wp\/v2\/product"}],"about":[{"href":"https:\/\/egytourpackages.com\/ro\/wp-json\/wp\/v2\/types\/product"}],"replies":[{"embeddable":true,"href":"https:\/\/egytourpackages.com\/ro\/wp-json\/wp\/v2\/comments?post=9644"}],"wp:featuredmedia":[{"embeddable":true,"href":"https:\/\/egytourpackages.com\/ro\/wp-json\/wp\/v2\/media\/9645"}],"wp:attachment":[{"href":"https:\/\/egytourpackages.com\/ro\/wp-json\/wp\/v2\/media?parent=9644"}],"wp:term":[{"taxonomy":"product_brand","embeddable":true,"href":"https:\/\/egytourpackages.com\/ro\/wp-json\/wp\/v2\/product_brand?post=9644"},{"taxonomy":"product_cat","embeddable":true,"href":"https:\/\/egytourpackages.com\/ro\/wp-json\/wp\/v2\/product_cat?post=9644"},{"taxonomy":"product_tag","embeddable":true,"href":"https:\/\/egytourpackages.com\/ro\/wp-json\/wp\/v2\/product_tag?post=9644"}],"curies":[{"name":"wp","href":"https:\/\/api.w.org\/{rel}","templated":true}]}}