{"id":9664,"date":"2023-08-22T16:55:59","date_gmt":"2023-08-22T16:55:59","guid":{"rendered":"https:\/\/egytourpackages.com\/product\/excursie-de-snorkeling-din-soma-bay\/"},"modified":"2026-01-28T20:47:53","modified_gmt":"2026-01-28T20:47:53","slug":"excursie-de-snorkeling-din-soma-bay","status":"publish","type":"product","link":"https:\/\/egytourpackages.com\/ro\/tours\/excursie-de-snorkeling-din-soma-bay\/","title":{"rendered":"Excursie de Snorkeling din Soma Bay"},"content":{"rendered":"<p><span style=\"color: #ff6600;\"><strong>Aventur\u0103 Subacvatic\u0103: Excursie de Snorkeling din Soma Bay (Cea mai C\u0103utat\u0103 Op\u021biune)<\/strong><\/span><\/p>\n<p>Rezerva\u021bi-v\u0103 <strong>excursia de snorkeling cu barca din Soma Bay<\/strong> \u0219i explora\u021bi <strong>recifele de corali<\/strong> din <strong>Marea Ro\u0219ie<\/strong> al\u0103turi de <strong>Egypt tours<\/strong>. Alege\u021bi s\u0103 petrece\u021bi o or\u0103 \u0219i jum\u0103tate fie pe <strong>Insula Caraibean\u0103 Giftun<\/strong>, fie pe <strong>Insula Orange Bay<\/strong>.<\/p>\n<p><strong>Egy tour packages<\/strong> v\u0103 ofer\u0103 aceast\u0103 excursie de snorkeling din Soma Bay pentru a v\u0103 permite s\u0103 v\u0103 bucura\u021bi de <strong>via\u021ba marin\u0103<\/strong> a M\u0103rii Ro\u0219ii \u0219i s\u0103 explora\u021bi unele dintre cele mai bune locuri de snorkeling din Hurghada, av\u00e2nd al\u0103turi un ghid de snorkeling \u0219i un <strong>iaht de lux<\/strong> \u00een cadrul <strong>excursiilor de o zi \u00een Egipt<\/strong>.<\/p>\n<p>De asemenea, <strong>Excursiile din Soma Bay<\/strong> c\u0103tre Insula Paradisului (Paradise Island) sau Insula Orange Bay pot fi realizate \u0219i cu o barc\u0103 rapid\u0103 privat\u0103 sau un <strong>iaht privat<\/strong>.<\/p>\n<h3><span style=\"color: #ff6600;\">Aventuri \u00een Marea Ro\u0219ie, Ideale pentru Familie<\/span><\/h3>\n<p>Crea\u021bi <strong>amintiri pre\u021bioase de vacan\u021b\u0103 \u00een familie<\/strong> cu <strong>excursiile noastre potrivite pentru familii<\/strong>. At\u00e2t copiii, c\u00e2t \u0219i adul\u021bii vor fi captiva\u021bi de <strong>via\u021ba marin\u0103<\/strong> fascinant\u0103, pe\u0219tii colora\u021bi \u0219i recifele de corali complexe, chiar sub suprafa\u021ba apei.<\/p>\n<h3><span style=\"color: #ff6600;\">Escapade de Grup \u0219i cu Prietenii Plin\u0103 de Adrenalin\u0103<\/span><\/h3>\n<p>Pentru o <strong>aventur\u0103 uimitoare \u0219i incitant\u0103<\/strong> al\u0103turi de cei mai apropia\u021bi \u00eenso\u021bitori, <strong>tururile noastre cu iaht de lux<\/strong> de la hotelurile din Soma Bay sunt <strong>cele mai bune activit\u0103\u021bi de f\u0103cut cu prietenii<\/strong>. Aceste <strong>excursii de snorkeling de lux all-inclusive<\/strong> includ b\u0103uturi r\u0103coritoare \u0219i servicii de 5 stele pe tot parcursul c\u0103l\u0103toriei.<\/p>\n<h3><span style=\"color: #ff6600;\">Evad\u0103ri Romantice \u00een Cuplu<\/span><\/h3>\n<p>Fie c\u0103 pl\u0103nui\u021bi o <strong>escapad\u0103 de Ziua \u00cendr\u0103gosti\u021bilor<\/strong>, s\u0103rb\u0103tori\u021bi o <strong>aniversare<\/strong> sau pur \u0219i simplu c\u0103uta\u021bi <strong>vacan\u021be frumoase pentru cupluri<\/strong>, tururile noastre scurte de jum\u0103tate de zi sau de o zi \u00eentreag\u0103 ofer\u0103 cadrul perfect pentru momente romantice sub soarele splendid.<\/p>\n<h3><span style=\"color: #ff6600;\">Tururi Accesibile \u0219i Potrivite pentru Seniori<\/span><\/h3>\n<p>Tururile noastre de o zi \u00eentreag\u0103 cu iahtul sunt concepute cu grij\u0103 pentru a fi printre <strong>cele mai bune tururi accesibile pentru persoane cu dizabilit\u0103\u021bi<\/strong>, oferind o experien\u021b\u0103 incluziv\u0103 pentru persoanele cu nevoi speciale.<\/p>\n<h3><span style=\"color: #ff6600;\">Detalii Tur<\/span><\/h3>\n<ul>\n<li>Durat\u0103: 8 ore<\/li>\n<li>Loca\u021bie: Marea Ro\u0219ie<\/li>\n<li>Disponibilitate: Zilnic<\/li>\n<li>Tip Tur: Grup<\/li>\n<li>Preluare \u0219i Predare: Hotelul dumneavoastr\u0103 din Soma Bay<\/li>\n<li>Scaun cu Rotile: Accesibil<\/li>\n<\/ul>\n<h3><span style=\"color: #ff6600;\">Inclus \u00een Pre\u021b\u00a0<\/span><\/h3>\n<ul>\n<li>Transfer dus-\u00eentors de la hotelul dumneavoastr\u0103 din Soma Bay<\/li>\n<li>Echipament de snorkeling (vest\u0103 de salvare, masc\u0103, labe\/\u00eenot\u0103toare)<\/li>\n<li>Ghid de snorkeling<\/li>\n<li>Pr\u00e2nz proasp\u0103t g\u0103tit la bord<\/li>\n<li>Ap\u0103 mineral\u0103, b\u0103uturi calde \u0219i reci pe tot parcursul zilei<\/li>\n<\/ul>\n<h3><span style=\"color: #ff6600;\">Exclus din Pre\u021b\u00a0\u00a0<\/span><\/h3>\n<ul>\n<li>DVD \u0219i fotografii realizate de Cameraman<\/li>\n<li>Bac\u0219i\u0219uri (Tipping)<\/li>\n<li>Scufund\u0103ri (Diving)<\/li>\n<\/ul>\n<h3><span style=\"color: #ff6600;\">Ce s\u0103 Lua\u021bi cu Voi\u00a0\u00a0<\/span><\/h3>\n<ul>\n<li>Prosop propriu de la hotel<\/li>\n<li>P\u0103l\u0103rie sau E\u0219arf\u0103<\/li>\n<li>Crem\u0103 de soare (Suncream)<\/li>\n<li>Ochelari de soare<\/li>\n<li>\u00cenc\u0103l\u021b\u0103minte confortabil\u0103<\/li>\n<li>Costum de baie (Swimming suit)<\/li>\n<li>Ni\u0219te bani lichizi pentru cheltuielile personale<\/li>\n<\/ul>\n<h2><span style=\"color: #ff6600;\">Itinerariu<\/span><\/h2>\n<p><strong>Excursia dumneavoastr\u0103 captivant\u0103 de snorkeling din Soma Bay<\/strong> \u00eencepe cu o <strong>preluare confortabil\u0103<\/strong> de la hotelul dumneavoastr\u0103 din Soma Bay sau Safaga. V\u0103 ve\u021bi bucura de un transfer pitoresc c\u0103tre vibranta Marina din Hurghada, unde v\u0103 a\u0219teapt\u0103 barca luxoas\u0103.<\/p>\n<p>Odat\u0103 ajun\u0219i la bord, vom <strong>\u00eencepe s\u0103 navig\u0103m<\/strong> c\u0103tre cele mai uimitoare loca\u021bii de snorkeling din Marea Ro\u0219ie. Prima noastr\u0103 oprire ne aduce la un <strong>loc de snorkeling<\/strong> incredibil, unde v\u0103 ve\u021bi scufunda \u00een ape cristaline, pline de <strong>via\u021b\u0103 marin\u0103 vibrant\u0103<\/strong> \u0219i recife de corali spectaculoase.<\/p>\n<p>Apoi, ne vom deplasa c\u0103tre o <strong>a doua loca\u021bie fantastic\u0103 de snorkeling<\/strong>, oferind mai multe oportunit\u0103\u021bi de a explora minunile subacvatice.<\/p>\n<p>Dup\u0103 o perioad\u0103 plin\u0103 de energie \u00een ap\u0103, un delicios <strong>pr\u00e2nz tip bufet deschis<\/strong> va fi servit chiar la bord, permi\u021b\u00e2ndu-v\u0103 s\u0103 v\u0103 re\u00eenc\u0103rca\u021bi bateriile \u00een timp ce v\u0103 bucura\u021bi de priveli\u0219tile panoramice ale m\u0103rii. Distrac\u021bia continu\u0103 cu <strong>sporturi nautice<\/strong> incitante, inclusiv plimb\u0103ri palpitante cu <strong>sofa \u0219i barca banan\u0103<\/strong>.<\/p>\n<p>Pe m\u0103sur\u0103 ce ziua se apropie de sf\u00e2r\u0219it, vom \u00eencepe c\u0103l\u0103toria de \u00eentoarcere, ajung\u00e2nd \u00eenapoi la Marina din Hurghada. De acolo, ve\u021bi fi transferat direct \u00eenapoi la hotelul dumneavoastr\u0103 din Soma Bay sau Safaga, \u00eencheind o zi de aventuri de neuitat \u00een Marea Ro\u0219ie.<\/p>\n<h3><span style=\"color: #ff6600;\">Cele Mai Recomandate Excursii de Snorkeling din Soma Bay<\/span><\/h3>\n<ul>\n<li>Soma Bay Dolphin House &#8211; Tur de O Zi Snorkeling<\/li>\n<li>Excursie de Snorkeling Insula Paradisului din Soma Bay<\/li>\n<li>Excursie de Snorkeling Insula Orange Bay din Soma Bay<\/li>\n<li>Croazier\u0103 cu Barca cu P\u00e2nze Pira\u021bii din Soma Bay<\/li>\n<li>Eden Island Day Use din Soma Bay<\/li>\n<li>Mahmya Island Snorkeling Soma Bay<\/li>\n<\/ul>\n<h3><span style=\"color: #ff6600;\">P.S. <\/span><\/h3>\n<p>Rezerva\u021bi \u00een Avans: Mai ales \u00een timpul sezonului de v\u00e2rf, este recomandat s\u0103 rezerva\u021bi din timp <strong>excursia cu barca din Soma Bay<\/strong> pentru a v\u0103 asigura locul.<\/p>\n<h3><span style=\"color: #ff6600;\">Pre\u021bul Excursiei de Snorkeling<\/span><\/h3>\n<ul>\n<li>Pre\u021b Adult = 35 \u20ac<\/li>\n<li>Infanti 0-5 ani = gratuit<\/li>\n<li>Copii 5 -11 ani = 50% din pre\u021bul pentru adult<\/li>\n<\/ul>\n<h3><span style=\"color: #ff6600;\">Rezervare<\/span><\/h3>\n<p>Pute\u021bi rezerva turul dumneavoastr\u0103 prin WhatsApp sau ne pute\u021bi trimite un E-mail \u0219i ve\u021bi primi confirmarea pe loc.<\/p>\n<p>V\u0103 rug\u0103m s\u0103 ne trimite\u021bi numele hotelului, Num\u0103rul Camerei, Copiile Pa\u0219apoartelor.<\/p>\n<p>WhatsApp: +201000852186<\/p>\n<p>info@egytourpackages.com<\/p>\n<h3><span style=\"color: #ff6600;\">Rezerva\u021bi Acum &amp; Pl\u0103ti\u021bi la Fa\u021ba Locului<\/span><\/h3>\n<p>Rezerva\u021bi turul preferat \u0219i pl\u0103ti\u021bi \u00een ziua excursiei.<\/p>\n<h3><span style=\"color: #ff6600;\">Plat\u0103\u00a0\u00a0<\/span><\/h3>\n<p>Pute\u021bi pl\u0103ti \u00een lire egiptene, $, \u20ac\u200e sau \u00a3.<\/p>\n<h3><span style=\"color: #ff6600;\">Politica de Anulare\u00a0\u00a0<\/span><\/h3>\n<ul>\n<li>Anularea este gratuit\u0103 cu p\u00e2n\u0103 la 24 de ore \u00een avans<\/li>\n<li>Anularea \u00een diminea\u021ba zilei excursiei implic\u0103 o tax\u0103 de 50% din pre\u021b<\/li>\n<\/ul>\n","protected":false},"excerpt":{"rendered":"<p>Excursie de Snorkeling din Soma Bay &#8211; Rezerv\u0103 acum o aventur\u0103 de neuitat \u00een Marea Ro\u0219ie! Descoper\u0103 recife de corali \u0219i via\u021ba marin\u0103 cu iahturi de lux.<\/p>\n","protected":false},"featured_media":9665,"comment_status":"open","ping_status":"closed","template":"","meta":[],"product_brand":[],"product_cat":[3120],"product_tag":[3329,3203,3201,3230],"class_list":{"0":"post-9664","1":"product","2":"type-product","3":"status-publish","4":"has-post-thumbnail","6":"product_cat-tururi","7":"product_tag-cea-mai-buna-excursie-cu-barca-pentru-snorkeling","8":"product_tag-excursii-de-o-zi-in-egipt","9":"product_tag-excursii-in-hurghada","10":"product_tag-excursii-soma-bay","11":"tour_category-excursie-de-snorkeling-in-hurghada","12":"tour_category-excursii-de-o-zi-in-egipt-ro","13":"tour_category-excursii-soma-bay-ro","15":"first","16":"instock","17":"sale","18":"shipping-taxable","19":"purchasable","20":"product-type-tour","21":"has-default-attributes"},"yoast_head":"<!-- This site is optimized with the Yoast SEO Premium plugin v27.4 (Yoast SEO v27.4) - https:\/\/yoast.com\/product\/yoast-seo-premium-wordpress\/ -->\n<title>Excursie de Snorkeling din Soma Bay: Egy tour packages<\/title>\n<meta name=\"description\" content=\"Excursie de Snorkeling din Soma Bay - Rezerv\u0103 acum o aventur\u0103 de neuitat \u00een Marea Ro\u0219ie! Descoper\u0103 recife de corali \u0219i via\u021ba marin\u0103 cu iahturi de lux.\" \/>\n<meta name=\"robots\" content=\"index, follow, max-snippet:-1, max-image-preview:large, max-video-preview:-1\" \/>\n<link rel=\"canonical\" href=\"https:\/\/egytourpackages.com\/ro\/tours\/excursie-de-snorkeling-din-soma-bay\/\" \/>\n<meta property=\"og:locale\" content=\"ro_RO\" \/>\n<meta property=\"og:type\" content=\"article\" \/>\n<meta property=\"og:title\" content=\"Excursie de Snorkeling din Soma Bay\" \/>\n<meta property=\"og:description\" content=\"Excursie de Snorkeling din Soma Bay - Rezerv\u0103 acum o aventur\u0103 de neuitat \u00een Marea Ro\u0219ie! Descoper\u0103 recife de corali \u0219i via\u021ba marin\u0103 cu iahturi de lux.\" \/>\n<meta property=\"og:url\" content=\"https:\/\/egytourpackages.com\/ro\/tours\/excursie-de-snorkeling-din-soma-bay\/\" \/>\n<meta property=\"og:site_name\" content=\"Egypt Tour Packages\" \/>\n<meta property=\"article:publisher\" content=\"https:\/\/www.facebook.com\/egytourpackages\" \/>\n<meta property=\"article:modified_time\" content=\"2026-01-28T20:47:53+00:00\" \/>\n<meta property=\"og:image\" content=\"https:\/\/egytourpackages.com\/wp-content\/uploads\/2023\/08\/Snorkeling-Boat-Trip-from-Soma-Bay-1024x682.jpg\" \/>\n<meta name=\"twitter:card\" content=\"summary_large_image\" \/>\n<meta name=\"twitter:title\" content=\"Excursie de Snorkeling din Soma Bay\" \/>\n<meta name=\"twitter:description\" content=\"Excursie de Snorkeling din Soma Bay - Rezerv\u0103 acum o aventur\u0103 de neuitat \u00een Marea Ro\u0219ie! Descoper\u0103 recife de corali \u0219i via\u021ba marin\u0103 cu iahturi de lux.\" \/>\n<meta name=\"twitter:image\" content=\"https:\/\/egytourpackages.com\/wp-content\/uploads\/2023\/08\/Snorkeling-Boat-Trip-from-Soma-Bay-1024x682.jpg\" \/>\n<meta name=\"twitter:label1\" content=\"Pre\u021b\" \/>\n\t<meta name=\"twitter:data1\" content=\"&euro;35\" \/>\n\t<meta name=\"twitter:label2\" content=\"Disponibilitate\" \/>\n\t<meta name=\"twitter:data2\" content=\"\u00cen stoc\" \/>\n<script type=\"application\/ld+json\" class=\"yoast-schema-graph\">{\"@context\":\"https:\\\/\\\/schema.org\",\"@graph\":[{\"@type\":\"WebPage\",\"@id\":\"https:\\\/\\\/egytourpackages.com\\\/ro\\\/tours\\\/excursie-de-snorkeling-din-soma-bay\\\/\",\"url\":\"https:\\\/\\\/egytourpackages.com\\\/ro\\\/tours\\\/excursie-de-snorkeling-din-soma-bay\\\/\",\"name\":\"Excursie de Snorkeling din Soma Bay: Egy tour packages\",\"isPartOf\":{\"@id\":\"https:\\\/\\\/egytourpackages.com\\\/ro\\\/#website\"},\"primaryImageOfPage\":{\"@id\":\"https:\\\/\\\/egytourpackages.com\\\/ro\\\/tours\\\/excursie-de-snorkeling-din-soma-bay\\\/#primaryimage\"},\"image\":{\"@id\":\"https:\\\/\\\/egytourpackages.com\\\/ro\\\/tours\\\/excursie-de-snorkeling-din-soma-bay\\\/#primaryimage\"},\"thumbnailUrl\":\"https:\\\/\\\/egytourpackages.com\\\/wp-content\\\/uploads\\\/2023\\\/08\\\/Snorkeling-Boat-Trip-from-Soma-Bay.jpg\",\"datePublished\":\"2023-08-22T16:55:59+00:00\",\"dateModified\":\"2026-01-28T20:47:53+00:00\",\"description\":\"Excursie de Snorkeling din Soma Bay - Rezerv\u0103 acum o aventur\u0103 de neuitat \u00een Marea Ro\u0219ie! Descoper\u0103 recife de corali \u0219i via\u021ba marin\u0103 cu iahturi de lux.\",\"breadcrumb\":{\"@id\":\"https:\\\/\\\/egytourpackages.com\\\/ro\\\/tours\\\/excursie-de-snorkeling-din-soma-bay\\\/#breadcrumb\"},\"inLanguage\":\"ro-RO\",\"potentialAction\":[{\"@type\":\"ReadAction\",\"target\":[\"https:\\\/\\\/egytourpackages.com\\\/ro\\\/tours\\\/excursie-de-snorkeling-din-soma-bay\\\/\"]}]},{\"@type\":\"ImageObject\",\"inLanguage\":\"ro-RO\",\"@id\":\"https:\\\/\\\/egytourpackages.com\\\/ro\\\/tours\\\/excursie-de-snorkeling-din-soma-bay\\\/#primaryimage\",\"url\":\"https:\\\/\\\/egytourpackages.com\\\/wp-content\\\/uploads\\\/2023\\\/08\\\/Snorkeling-Boat-Trip-from-Soma-Bay.jpg\",\"contentUrl\":\"https:\\\/\\\/egytourpackages.com\\\/wp-content\\\/uploads\\\/2023\\\/08\\\/Snorkeling-Boat-Trip-from-Soma-Bay.jpg\",\"width\":2000,\"height\":1333,\"caption\":\"Excursie de Snorkeling din Soma Bay\"},{\"@type\":\"BreadcrumbList\",\"@id\":\"https:\\\/\\\/egytourpackages.com\\\/ro\\\/tours\\\/excursie-de-snorkeling-din-soma-bay\\\/#breadcrumb\",\"itemListElement\":[{\"@type\":\"ListItem\",\"position\":1,\"name\":\"Home\",\"item\":\"https:\\\/\\\/egytourpackages.com\\\/ro\\\/\"},{\"@type\":\"ListItem\",\"position\":2,\"name\":\"Shop\",\"item\":\"https:\\\/\\\/egytourpackages.com\\\/shop\\\/\"},{\"@type\":\"ListItem\",\"position\":3,\"name\":\"Excursie de Snorkeling din Soma Bay\"}]},{\"@type\":\"WebSite\",\"@id\":\"https:\\\/\\\/egytourpackages.com\\\/ro\\\/#website\",\"url\":\"https:\\\/\\\/egytourpackages.com\\\/ro\\\/\",\"name\":\"Egy tour packages\",\"description\":\"\",\"publisher\":{\"@id\":\"https:\\\/\\\/egytourpackages.com\\\/ro\\\/#organization\"},\"potentialAction\":[{\"@type\":\"SearchAction\",\"target\":{\"@type\":\"EntryPoint\",\"urlTemplate\":\"https:\\\/\\\/egytourpackages.com\\\/ro\\\/?s={search_term_string}\"},\"query-input\":{\"@type\":\"PropertyValueSpecification\",\"valueRequired\":true,\"valueName\":\"search_term_string\"}}],\"inLanguage\":\"ro-RO\"},{\"@type\":[\"Organization\",\"Place\",\"TravelAgency\"],\"@id\":\"https:\\\/\\\/egytourpackages.com\\\/ro\\\/#organization\",\"name\":\"egypt tour packages\",\"alternateName\":\"egypt tour packages\",\"url\":\"https:\\\/\\\/egytourpackages.com\\\/ro\\\/\",\"logo\":{\"@id\":\"https:\\\/\\\/egytourpackages.com\\\/ro\\\/tours\\\/excursie-de-snorkeling-din-soma-bay\\\/#local-main-organization-logo\"},\"image\":{\"@id\":\"https:\\\/\\\/egytourpackages.com\\\/ro\\\/tours\\\/excursie-de-snorkeling-din-soma-bay\\\/#local-main-organization-logo\"},\"sameAs\":[\"https:\\\/\\\/www.facebook.com\\\/egytourpackages\"],\"legalName\":\"Egy tour packages\",\"address\":{\"@id\":\"https:\\\/\\\/egytourpackages.com\\\/ro\\\/tours\\\/excursie-de-snorkeling-din-soma-bay\\\/#local-main-place-address\"},\"telephone\":[\"00201000852186\",\"00201028685533\"],\"contactPoint\":{\"@type\":\"ContactPoint\",\"telephone\":\"00201000852186\"},\"openingHoursSpecification\":[{\"@type\":\"OpeningHoursSpecification\",\"dayOfWeek\":[\"Monday\",\"Tuesday\",\"Wednesday\",\"Thursday\",\"Friday\",\"Saturday\",\"Sunday\"],\"opens\":\"00:00\",\"closes\":\"23:59\"}],\"email\":\"info@egytourpackages.com\",\"areaServed\":\"Cairo, Hurghada, Luxor, Sharm El Sheikh, Marsa Alam, Aswan\",\"priceRange\":\"$\",\"currenciesAccepted\":\"euro\",\"paymentAccepted\":\"Payment links online\"},{\"@type\":\"PostalAddress\",\"@id\":\"https:\\\/\\\/egytourpackages.com\\\/ro\\\/tours\\\/excursie-de-snorkeling-din-soma-bay\\\/#local-main-place-address\",\"streetAddress\":\"Mubarak 8, Al Kawthar District, Hurghada\",\"addressLocality\":\"Hurghada\",\"postalCode\":\"84511\",\"addressRegion\":\"Red Sea\",\"addressCountry\":\"EG\"},{\"@type\":\"ImageObject\",\"inLanguage\":\"ro-RO\",\"@id\":\"https:\\\/\\\/egytourpackages.com\\\/ro\\\/tours\\\/excursie-de-snorkeling-din-soma-bay\\\/#local-main-organization-logo\",\"url\":\"https:\\\/\\\/egytourpackages.com\\\/wp-content\\\/uploads\\\/2025\\\/12\\\/Turquoise-Dahabiya-Nile-Cruise-1.jpeg\",\"contentUrl\":\"https:\\\/\\\/egytourpackages.com\\\/wp-content\\\/uploads\\\/2025\\\/12\\\/Turquoise-Dahabiya-Nile-Cruise-1.jpeg\",\"width\":1040,\"height\":694,\"caption\":\"egypt tour packages\"}]}<\/script>\n<meta property=\"product:brand\" content=\"Excursie de snorkeling \u00een Hurghada\" \/>\n<meta property=\"product:price:amount\" content=\"35\" \/>\n<meta property=\"product:price:currency\" content=\"EUR\" \/>\n<meta property=\"og:availability\" content=\"instock\" \/>\n<meta property=\"product:availability\" content=\"instock\" \/>\n<meta property=\"product:retailer_item_id\" content=\"SBE03\" \/>\n<meta property=\"product:condition\" content=\"new\" \/>\n<meta name=\"geo.placename\" content=\"Hurghada\" \/>\n<meta name=\"geo.region\" content=\"Egipt\" \/>\n<!-- \/ Yoast SEO Premium plugin. -->","yoast_head_json":{"title":"Excursie de Snorkeling din Soma Bay: Egy tour packages","description":"Excursie de Snorkeling din Soma Bay - Rezerv\u0103 acum o aventur\u0103 de neuitat \u00een Marea Ro\u0219ie! Descoper\u0103 recife de corali \u0219i via\u021ba marin\u0103 cu iahturi de lux.","robots":{"index":"index","follow":"follow","max-snippet":"max-snippet:-1","max-image-preview":"max-image-preview:large","max-video-preview":"max-video-preview:-1"},"canonical":"https:\/\/egytourpackages.com\/ro\/tours\/excursie-de-snorkeling-din-soma-bay\/","og_locale":"ro_RO","og_type":"article","og_title":"Excursie de Snorkeling din Soma Bay","og_description":"Excursie de Snorkeling din Soma Bay - Rezerv\u0103 acum o aventur\u0103 de neuitat \u00een Marea Ro\u0219ie! Descoper\u0103 recife de corali \u0219i via\u021ba marin\u0103 cu iahturi de lux.","og_url":"https:\/\/egytourpackages.com\/ro\/tours\/excursie-de-snorkeling-din-soma-bay\/","og_site_name":"Egypt Tour Packages","article_publisher":"https:\/\/www.facebook.com\/egytourpackages","article_modified_time":"2026-01-28T20:47:53+00:00","og_image":[{"url":"https:\/\/egytourpackages.com\/wp-content\/uploads\/2023\/08\/Snorkeling-Boat-Trip-from-Soma-Bay-1024x682.jpg","type":"","width":"","height":""}],"twitter_card":"summary_large_image","twitter_title":"Excursie de Snorkeling din Soma Bay","twitter_description":"Excursie de Snorkeling din Soma Bay - Rezerv\u0103 acum o aventur\u0103 de neuitat \u00een Marea Ro\u0219ie! Descoper\u0103 recife de corali \u0219i via\u021ba marin\u0103 cu iahturi de lux.","twitter_image":"https:\/\/egytourpackages.com\/wp-content\/uploads\/2023\/08\/Snorkeling-Boat-Trip-from-Soma-Bay-1024x682.jpg","twitter_misc":{"Pre\u021b":"&euro;35","Disponibilitate":"\u00cen stoc"},"schema":{"@context":"https:\/\/schema.org","@graph":[{"@type":"WebPage","@id":"https:\/\/egytourpackages.com\/ro\/tours\/excursie-de-snorkeling-din-soma-bay\/","url":"https:\/\/egytourpackages.com\/ro\/tours\/excursie-de-snorkeling-din-soma-bay\/","name":"Excursie de Snorkeling din Soma Bay: Egy tour packages","isPartOf":{"@id":"https:\/\/egytourpackages.com\/ro\/#website"},"primaryImageOfPage":{"@id":"https:\/\/egytourpackages.com\/ro\/tours\/excursie-de-snorkeling-din-soma-bay\/#primaryimage"},"image":{"@id":"https:\/\/egytourpackages.com\/ro\/tours\/excursie-de-snorkeling-din-soma-bay\/#primaryimage"},"thumbnailUrl":"https:\/\/egytourpackages.com\/wp-content\/uploads\/2023\/08\/Snorkeling-Boat-Trip-from-Soma-Bay.jpg","datePublished":"2023-08-22T16:55:59+00:00","dateModified":"2026-01-28T20:47:53+00:00","description":"Excursie de Snorkeling din Soma Bay - Rezerv\u0103 acum o aventur\u0103 de neuitat \u00een Marea Ro\u0219ie! Descoper\u0103 recife de corali \u0219i via\u021ba marin\u0103 cu iahturi de lux.","breadcrumb":{"@id":"https:\/\/egytourpackages.com\/ro\/tours\/excursie-de-snorkeling-din-soma-bay\/#breadcrumb"},"inLanguage":"ro-RO","potentialAction":[{"@type":"ReadAction","target":["https:\/\/egytourpackages.com\/ro\/tours\/excursie-de-snorkeling-din-soma-bay\/"]}]},{"@type":"ImageObject","inLanguage":"ro-RO","@id":"https:\/\/egytourpackages.com\/ro\/tours\/excursie-de-snorkeling-din-soma-bay\/#primaryimage","url":"https:\/\/egytourpackages.com\/wp-content\/uploads\/2023\/08\/Snorkeling-Boat-Trip-from-Soma-Bay.jpg","contentUrl":"https:\/\/egytourpackages.com\/wp-content\/uploads\/2023\/08\/Snorkeling-Boat-Trip-from-Soma-Bay.jpg","width":2000,"height":1333,"caption":"Excursie de Snorkeling din Soma Bay"},{"@type":"BreadcrumbList","@id":"https:\/\/egytourpackages.com\/ro\/tours\/excursie-de-snorkeling-din-soma-bay\/#breadcrumb","itemListElement":[{"@type":"ListItem","position":1,"name":"Home","item":"https:\/\/egytourpackages.com\/ro\/"},{"@type":"ListItem","position":2,"name":"Shop","item":"https:\/\/egytourpackages.com\/shop\/"},{"@type":"ListItem","position":3,"name":"Excursie de Snorkeling din Soma Bay"}]},{"@type":"WebSite","@id":"https:\/\/egytourpackages.com\/ro\/#website","url":"https:\/\/egytourpackages.com\/ro\/","name":"Egy tour packages","description":"","publisher":{"@id":"https:\/\/egytourpackages.com\/ro\/#organization"},"potentialAction":[{"@type":"SearchAction","target":{"@type":"EntryPoint","urlTemplate":"https:\/\/egytourpackages.com\/ro\/?s={search_term_string}"},"query-input":{"@type":"PropertyValueSpecification","valueRequired":true,"valueName":"search_term_string"}}],"inLanguage":"ro-RO"},{"@type":["Organization","Place","TravelAgency"],"@id":"https:\/\/egytourpackages.com\/ro\/#organization","name":"egypt tour packages","alternateName":"egypt tour packages","url":"https:\/\/egytourpackages.com\/ro\/","logo":{"@id":"https:\/\/egytourpackages.com\/ro\/tours\/excursie-de-snorkeling-din-soma-bay\/#local-main-organization-logo"},"image":{"@id":"https:\/\/egytourpackages.com\/ro\/tours\/excursie-de-snorkeling-din-soma-bay\/#local-main-organization-logo"},"sameAs":["https:\/\/www.facebook.com\/egytourpackages"],"legalName":"Egy tour packages","address":{"@id":"https:\/\/egytourpackages.com\/ro\/tours\/excursie-de-snorkeling-din-soma-bay\/#local-main-place-address"},"telephone":["00201000852186","00201028685533"],"contactPoint":{"@type":"ContactPoint","telephone":"00201000852186"},"openingHoursSpecification":[{"@type":"OpeningHoursSpecification","dayOfWeek":["Monday","Tuesday","Wednesday","Thursday","Friday","Saturday","Sunday"],"opens":"00:00","closes":"23:59"}],"email":"info@egytourpackages.com","areaServed":"Cairo, Hurghada, Luxor, Sharm El Sheikh, Marsa Alam, Aswan","priceRange":"$","currenciesAccepted":"euro","paymentAccepted":"Payment links online"},{"@type":"PostalAddress","@id":"https:\/\/egytourpackages.com\/ro\/tours\/excursie-de-snorkeling-din-soma-bay\/#local-main-place-address","streetAddress":"Mubarak 8, Al Kawthar District, Hurghada","addressLocality":"Hurghada","postalCode":"84511","addressRegion":"Red Sea","addressCountry":"EG"},{"@type":"ImageObject","inLanguage":"ro-RO","@id":"https:\/\/egytourpackages.com\/ro\/tours\/excursie-de-snorkeling-din-soma-bay\/#local-main-organization-logo","url":"https:\/\/egytourpackages.com\/wp-content\/uploads\/2025\/12\/Turquoise-Dahabiya-Nile-Cruise-1.jpeg","contentUrl":"https:\/\/egytourpackages.com\/wp-content\/uploads\/2025\/12\/Turquoise-Dahabiya-Nile-Cruise-1.jpeg","width":1040,"height":694,"caption":"egypt tour packages"}]},"product_brand":"Excursie de snorkeling \u00een Hurghada","product_price_amount":"35","product_price_currency":"EUR","og_availability":"instock","product_availability":"instock","product_retailer_item_id":"SBE03","product_condition":"new","geo.placename":"Hurghada","geo.region":"Egipt"},"_links":{"self":[{"href":"https:\/\/egytourpackages.com\/ro\/wp-json\/wp\/v2\/product\/9664","targetHints":{"allow":["GET"]}}],"collection":[{"href":"https:\/\/egytourpackages.com\/ro\/wp-json\/wp\/v2\/product"}],"about":[{"href":"https:\/\/egytourpackages.com\/ro\/wp-json\/wp\/v2\/types\/product"}],"replies":[{"embeddable":true,"href":"https:\/\/egytourpackages.com\/ro\/wp-json\/wp\/v2\/comments?post=9664"}],"wp:featuredmedia":[{"embeddable":true,"href":"https:\/\/egytourpackages.com\/ro\/wp-json\/wp\/v2\/media\/9665"}],"wp:attachment":[{"href":"https:\/\/egytourpackages.com\/ro\/wp-json\/wp\/v2\/media?parent=9664"}],"wp:term":[{"taxonomy":"product_brand","embeddable":true,"href":"https:\/\/egytourpackages.com\/ro\/wp-json\/wp\/v2\/product_brand?post=9664"},{"taxonomy":"product_cat","embeddable":true,"href":"https:\/\/egytourpackages.com\/ro\/wp-json\/wp\/v2\/product_cat?post=9664"},{"taxonomy":"product_tag","embeddable":true,"href":"https:\/\/egytourpackages.com\/ro\/wp-json\/wp\/v2\/product_tag?post=9664"}],"curies":[{"name":"wp","href":"https:\/\/api.w.org\/{rel}","templated":true}]}}