{"id":9666,"date":"2023-08-22T12:03:48","date_gmt":"2023-08-22T12:03:48","guid":{"rendered":"https:\/\/egytourpackages.com\/product\/cea-mai-buna-excursie-de-snorkeling-el-gouna\/"},"modified":"2026-01-28T20:48:50","modified_gmt":"2026-01-28T20:48:50","slug":"cea-mai-buna-excursie-de-snorkeling-el-gouna","status":"publish","type":"product","link":"https:\/\/egytourpackages.com\/ro\/tours\/cea-mai-buna-excursie-de-snorkeling-el-gouna\/","title":{"rendered":"Cea Mai Bun\u0103 Excursie de Snorkeling El Gouna"},"content":{"rendered":"<p><span style=\"color: #ff6600;\"><strong>Cea Mai Bun\u0103 Excursie de Snorkeling El Gouna | Top Excursii El Gouna<\/strong><\/span><\/p>\n<p>Rezerva\u021bi-v\u0103 <strong>aventura suprem\u0103 \u00een Marea Ro\u0219ie<\/strong> cu <strong>excursiile noastre de snorkeling<\/strong> de neegalat din <strong>El Gouna<\/strong>. Concepute pentru <strong>distrac\u021bie \u00een familie<\/strong>, <strong>escapade romantice<\/strong> \u0219i <strong>excursii de grup<\/strong> incitante, <strong>tururile noastre El Gouna<\/strong> ofer\u0103 o experien\u021b\u0103 imersiv\u0103 \u00een <strong>lumea subacvatic\u0103 vibrant\u0103<\/strong>, asigur\u00e2nd <strong>momente memorabile<\/strong> pentru toat\u0103 lumea.<\/p>\n<p>Descoperi\u021bi <strong>cele mai bune locuri de snorkeling<\/strong> din Marea Ro\u0219ie, renumite pentru apele cristaline \u0219i ecosistemele marine \u00eenfloritoare. Punem la dispozi\u021bie <strong>echipament de snorkeling<\/strong> de \u00eenalt\u0103 calitate pentru toate v\u00e2rstele \u0219i m\u0103rimile, iar un <strong>ghid de snorkeling profesionist<\/strong> este \u00eentotdeauna la \u00eendem\u00e2n\u0103 pentru a asista persoanele care nu \u0219tiu s\u0103 \u00eenoate, asigur\u00e2nd <strong>siguran\u021ba \u0219i pl\u0103cerea<\/strong> tuturor.<\/p>\n<p><strong>Excursiile El Gouna<\/strong> sunt perfecte pentru <strong>grupuri de prieteni<\/strong>. De fapt, <strong>tururile noastre pentru prieteni<\/strong> ofer\u0103 <strong>activit\u0103\u021bi unice pentru prieteni<\/strong>, cum ar fi \u00eenotul al\u0103turi de <strong>pe\u0219ti colora\u021bi<\/strong> superbi \u0219i <strong>recife de corali<\/strong> magnifice, capturarea de <strong>fotografii subacvatice<\/strong> uimitoare \u0219i chiar op\u021biunea de a face scufund\u0103ri la ad\u00e2ncimi mai mari pentru o nou\u0103 <strong>experien\u021b\u0103 incitant\u0103<\/strong> plin\u0103 de <strong>emo\u021bie \u0219i adrenalin\u0103<\/strong>.<\/p>\n<p>De asemenea, ne adres\u0103m <strong>vacan\u021belor pentru persoane singure mature<\/strong> \u0219i oferim <strong>vacan\u021be educative<\/strong> \u00eembog\u0103\u021bitoare <strong>pentru seniori<\/strong>. Cu o echip\u0103 dedicat\u0103 de profesioni\u0219ti, asigur\u0103m <strong>excursii de o zi confortabile \u0219i pl\u0103cute pentru seniori<\/strong> \u0219i oaspe\u021bi care folosesc scaunul cu rotile, oferind un serviciu atent pe tot parcursul c\u0103l\u0103toriei.<\/p>\n<p><strong>Vacan\u021bele noastre frumoase pentru cupluri<\/strong> adaug\u0103 un fior suplimentar cu o plimbare antrenant\u0103 cu barca banan\u0103, transform\u00e2ndu-le \u00een unele dintre <strong>cele mai bune mini-vacan\u021be pentru cupluri<\/strong>. \u00cen cele din urm\u0103, <strong>excursiile noastre potrivite pentru familie<\/strong> ofer\u0103 copiilor \u0219i adul\u021bilor deopotriv\u0103 o \u0219ans\u0103 uimitoare de a fi captiva\u021bi de <strong>via\u021ba marin\u0103<\/strong> fascinant\u0103, pe\u0219tii colora\u021bi \u0219i recifele de corali complexe chiar sub suprafa\u021ba apei.<\/p>\n<h3><span style=\"color: #ff6600;\">Detalii Tur\u00a0\u00a0<\/span><\/h3>\n<ul>\n<li>Durat\u0103: 8 ore<\/li>\n<li>Loca\u021bie Tur: Marea Ro\u0219ie<\/li>\n<li>Disponibilitate: Zilnic<\/li>\n<li>Tip Tur: Grup<\/li>\n<li>Preluare \u0219i Predare (Pick up &amp; drop off): Hotelul dumneavoastr\u0103 din El Gouna<\/li>\n<li>Scaun cu Rotile (Wheel chair): Accesibil<\/li>\n<\/ul>\n<h3><span style=\"color: #ff6600;\">Inclus \u00een Pre\u021b\u00a0<\/span><\/h3>\n<ul>\n<li>Transfer dus-\u00eentors de la hotelul dumneavoastr\u0103 din El Gouna<\/li>\n<li>Echipament de snorkeling (vest\u0103 de salvare, masc\u0103, labe\/\u00eenot\u0103toare)<\/li>\n<li>Ghid de snorkeling<\/li>\n<li>Pr\u00e2nz proasp\u0103t g\u0103tit la bord<\/li>\n<li>Ap\u0103 mineral\u0103, b\u0103uturi calde \u0219i reci toat\u0103 ziua<\/li>\n<\/ul>\n<h3><span style=\"color: #ff6600;\">Exclus din Pre\u021b\u00a0\u00a0<\/span><\/h3>\n<ul>\n<li>DVD \u0219i fotografii realizate de Cameraman<\/li>\n<li>Bac\u0219i\u0219uri (Tipping)<\/li>\n<li>Scufund\u0103ri (Diving)<\/li>\n<\/ul>\n<h3><span style=\"color: #ff6600;\">Ce s\u0103 Lua\u021bi cu Voi\u00a0\u00a0<\/span><\/h3>\n<ul>\n<li>Prosop propriu de la hotel<\/li>\n<li>P\u0103l\u0103rie sau E\u0219arf\u0103<\/li>\n<li>Crem\u0103 de soare (Suncream)<\/li>\n<li>Ochelari de soare<\/li>\n<li>\u00cenc\u0103l\u021b\u0103minte confortabil\u0103<\/li>\n<li>Costum de baie (Swimming suit)<\/li>\n<li>Ni\u0219te bani lichizi pentru cheltuielile personale<\/li>\n<\/ul>\n<h2><span style=\"color: #ff6600;\">Itinerariu<\/span><\/h2>\n<p><strong>Excursia dumneavoastr\u0103 incitant\u0103 de snorkeling din El Gouna<\/strong> \u00eencepe cu o <strong>preluare confortabil\u0103<\/strong> de la hotelul dumneavoastr\u0103 din El Gouna. V\u0103 ve\u021bi bucura de un transfer pitoresc c\u0103tre <strong>vibranta Marina din Hurghada<\/strong>, unde v\u0103 a\u0219teapt\u0103 barca dumneavoastr\u0103 luxoas\u0103.<\/p>\n<p>Odat\u0103 ajun\u0219i la bord, vom <strong>\u00eencepe s\u0103 navig\u0103m<\/strong> c\u0103tre cele mai uimitoare loca\u021bii de snorkeling din Marea Ro\u0219ie. Prima noastr\u0103 oprire ne aduce la un <strong>loc de snorkeling<\/strong> incredibil, unde v\u0103 ve\u021bi scufunda \u00een <strong>ape cristaline<\/strong> pline de <strong>via\u021b\u0103 marin\u0103 vibrant\u0103<\/strong> \u0219i recife de corali uimitoare.<\/p>\n<p>Apoi, ne vom muta la o <strong>a doua loca\u021bie fantastic\u0103 de snorkeling<\/strong>, oferind mai multe oportunit\u0103\u021bi de a explora <strong>minunile subacvatice<\/strong>.<\/p>\n<p>Dup\u0103 o perioad\u0103 plin\u0103 de energie \u00een ap\u0103, un delicios <strong>pr\u00e2nz tip bufet deschis<\/strong> va fi servit chiar la bord, permi\u021b\u00e2ndu-v\u0103 s\u0103 v\u0103 re\u00eenc\u0103rca\u021bi \u00een timp ce v\u0103 bucura\u021bi de <strong>priveli\u0219tile panoramice ale m\u0103rii<\/strong>. Distrac\u021bia continu\u0103 cu <strong>sporturi nautice<\/strong> incitante, inclusiv plimb\u0103ri palpitante cu <strong>sofa \u0219i barca banan\u0103<\/strong>.<\/p>\n<p>Pe m\u0103sur\u0103 ce ziua se apropie de sf\u00e2r\u0219it, vom \u00eencepe c\u0103l\u0103toria de \u00eentoarcere, sosind \u00eenapoi la Marina din Hurghada. De acolo, ve\u021bi fi transferat direct \u00eenapoi la hotelul dumneavoastr\u0103 din El Gouna, \u00eencheind o zi de <strong>aventuri de neuitat \u00een Marea Ro\u0219ie<\/strong>.<\/p>\n<h3><span style=\"color: #ff6600;\">Cele Mai Recomandate Excursii de Snorkeling cu Barca din El Gouna<\/span><\/h3>\n<ul>\n<li>Dolphin House Snorkeling Day Tour din El Gouna<\/li>\n<li>Excursie de Snorkeling Insula Paradisului din El Gouna<\/li>\n<li>Excursie de Snorkeling Insula Orange Bay din El Gouna<\/li>\n<li>Croazier\u0103 cu Barca cu P\u00e2nze Pira\u021bii din El Gouna<\/li>\n<li>Eden Island Day Use din El Gouna<\/li>\n<li>Mahmya Island Snorkeling El Gouna<\/li>\n<\/ul>\n<h3><span style=\"color: #ff6600;\">P.S. Rezerva\u021bi \u00een Avans:<\/span><\/h3>\n<p>Mai ales \u00een timpul sezonului de v\u00e2rf, este recomandat s\u0103 rezerva\u021bi din timp <strong>excursia cu barca din El Gouna<\/strong> pentru a v\u0103 asigura locul.<\/p>\n<h3><span style=\"color: #ff6600;\">Pre\u021bul Excursiei de Snorkeling cu Barca din El Gouna<\/span><\/h3>\n<ul>\n<li>Pre\u021b Adult = 35 \u20ac<\/li>\n<li>Infanti 0-5 ani = gratuit<\/li>\n<li>Copii 5 -11 ani = 50% din pre\u021bul pentru adult<\/li>\n<\/ul>\n<h3><span style=\"color: #ff6600;\">Rezervare\u00a0<\/span><\/h3>\n<p>Pute\u021bi rezerva turul dumneavoastr\u0103 prin WhatsApp sau ne pute\u021bi trimite un E-mail \u0219i ve\u021bi primi confirmarea pe loc.<\/p>\n<p>V\u0103 rug\u0103m s\u0103 ne trimite\u021bi numele hotelului, Num\u0103rul Camerei, Copiile Pa\u0219apoartelor.<\/p>\n<p>WhatsApp: +201000852186<\/p>\n<p>info@ehytourpackages.com<\/p>\n<h3><span style=\"color: #ff6600;\">Rezerva\u021bi Acum &amp; Pl\u0103ti\u021bi la Fa\u021ba Locului<\/span><\/h3>\n<p>Rezerva\u021bi turul preferat \u0219i pl\u0103ti\u021bi \u00een ziua excursiei.<\/p>\n<h3><span style=\"color: #ff6600;\">Plat\u0103\u00a0\u00a0<\/span><\/h3>\n<p>Pute\u021bi pl\u0103ti \u00een lire egiptene, $, \u20ac\u200e sau \u00a3.<\/p>\n<h3><span style=\"color: #ff6600;\">Politica de Anulare\u00a0<\/span><\/h3>\n<ul>\n<li>Anularea este gratuit\u0103 cu p\u00e2n\u0103 la 24 de ore \u00een avans<\/li>\n<li>Anularea \u00een diminea\u021ba zilei excursiei implic\u0103 o tax\u0103 de 50% din pre\u021b<\/li>\n<\/ul>\n","protected":false},"excerpt":{"rendered":"<p>Cea Mai Bun\u0103 Excursie de Snorkeling El Gouna! Tururi all-inclusive cu iaht de lux pentru familii \u0219i cupluri. Exploreaz\u0103 lumea subacvatic\u0103 a M\u0103rii Ro\u0219ii.<\/p>\n","protected":false},"featured_media":9667,"comment_status":"open","ping_status":"closed","template":"","meta":[],"product_brand":[],"product_cat":[3120],"product_tag":[3332,3330,3203,3331],"class_list":{"0":"post-9666","1":"product","2":"type-product","3":"status-publish","4":"has-post-thumbnail","6":"product_cat-tururi","7":"product_tag-cele-mai-bune-lucruri-de-facut-in-el-gouna","8":"product_tag-excursie-cu-barca-pentru-snorkeling","9":"product_tag-excursii-de-o-zi-in-egipt","10":"product_tag-excursii-la-el-gouna","11":"tour_category-excursie-de-snorkeling-in-hurghada","12":"tour_category-excursii-de-o-zi-in-egipt-ro","13":"tour_category-excursii-el-gouna-ro","15":"first","16":"instock","17":"sale","18":"shipping-taxable","19":"purchasable","20":"product-type-tour","21":"has-default-attributes"},"yoast_head":"<!-- This site is optimized with the Yoast SEO Premium plugin v27.2 (Yoast SEO v27.2) - https:\/\/yoast.com\/product\/yoast-seo-premium-wordpress\/ -->\n<title>Cea Mai Bun\u0103 Excursie de Snorkeling El Gouna<\/title>\n<meta name=\"description\" content=\"Cea Mai Bun\u0103 Excursie de Snorkeling El Gouna! Tururi all-inclusive cu iaht de lux pentru familii \u0219i cupluri. Exploreaz\u0103 lumea subacvatic\u0103 a M\u0103rii Ro\u0219ii.\" \/>\n<meta name=\"robots\" content=\"index, follow, max-snippet:-1, max-image-preview:large, max-video-preview:-1\" \/>\n<link rel=\"canonical\" href=\"https:\/\/egytourpackages.com\/ro\/tours\/cea-mai-buna-excursie-de-snorkeling-el-gouna\/\" \/>\n<meta property=\"og:locale\" content=\"ro_RO\" \/>\n<meta property=\"og:type\" content=\"article\" \/>\n<meta property=\"og:title\" content=\"Cea Mai Bun\u0103 Excursie de Snorkeling El Gouna\" \/>\n<meta property=\"og:description\" content=\"Cea Mai Bun\u0103 Excursie de Snorkeling El Gouna! Tururi all-inclusive cu iaht de lux pentru familii \u0219i cupluri. Exploreaz\u0103 lumea subacvatic\u0103 a M\u0103rii Ro\u0219ii.\" \/>\n<meta property=\"og:url\" content=\"https:\/\/egytourpackages.com\/ro\/tours\/cea-mai-buna-excursie-de-snorkeling-el-gouna\/\" \/>\n<meta property=\"og:site_name\" content=\"Egypt Tour Packages\" \/>\n<meta property=\"article:publisher\" content=\"https:\/\/www.facebook.com\/egytourpackages\" \/>\n<meta property=\"article:modified_time\" content=\"2026-01-28T20:48:50+00:00\" \/>\n<meta property=\"og:image\" content=\"https:\/\/egytourpackages.com\/wp-content\/uploads\/2023\/08\/El-Gouna-Best-Snorkeling-Trip-1024x682.jpg\" \/>\n<meta name=\"twitter:card\" content=\"summary_large_image\" \/>\n<meta name=\"twitter:title\" content=\"Cea Mai Bun\u0103 Excursie de Snorkeling El Gouna\" \/>\n<meta name=\"twitter:description\" content=\"Cea Mai Bun\u0103 Excursie de Snorkeling El Gouna! Tururi all-inclusive cu iaht de lux pentru familii \u0219i cupluri. Exploreaz\u0103 lumea subacvatic\u0103 a M\u0103rii Ro\u0219ii.\" \/>\n<meta name=\"twitter:image\" content=\"https:\/\/egytourpackages.com\/wp-content\/uploads\/2023\/08\/El-Gouna-Best-Snorkeling-Trip-1024x682.jpg\" \/>\n<meta name=\"twitter:label1\" content=\"Pre\u021b\" \/>\n\t<meta name=\"twitter:data1\" content=\"&euro;35\" \/>\n\t<meta name=\"twitter:label2\" content=\"Disponibilitate\" \/>\n\t<meta name=\"twitter:data2\" content=\"\u00cen stoc\" \/>\n<script type=\"application\/ld+json\" class=\"yoast-schema-graph\">{\"@context\":\"https:\/\/schema.org\",\"@graph\":[{\"@type\":\"WebPage\",\"@id\":\"https:\/\/egytourpackages.com\/ro\/tours\/cea-mai-buna-excursie-de-snorkeling-el-gouna\/\",\"url\":\"https:\/\/egytourpackages.com\/ro\/tours\/cea-mai-buna-excursie-de-snorkeling-el-gouna\/\",\"name\":\"Cea Mai Bun\u0103 Excursie de Snorkeling El Gouna\",\"isPartOf\":{\"@id\":\"https:\/\/egytourpackages.com\/ro\/#website\"},\"primaryImageOfPage\":{\"@id\":\"https:\/\/egytourpackages.com\/ro\/tours\/cea-mai-buna-excursie-de-snorkeling-el-gouna\/#primaryimage\"},\"image\":{\"@id\":\"https:\/\/egytourpackages.com\/ro\/tours\/cea-mai-buna-excursie-de-snorkeling-el-gouna\/#primaryimage\"},\"thumbnailUrl\":\"https:\/\/egytourpackages.com\/wp-content\/uploads\/2023\/08\/El-Gouna-Best-Snorkeling-Trip.jpg\",\"datePublished\":\"2023-08-22T12:03:48+00:00\",\"dateModified\":\"2026-01-28T20:48:50+00:00\",\"description\":\"Cea Mai Bun\u0103 Excursie de Snorkeling El Gouna! Tururi all-inclusive cu iaht de lux pentru familii \u0219i cupluri. Exploreaz\u0103 lumea subacvatic\u0103 a M\u0103rii Ro\u0219ii.\",\"breadcrumb\":{\"@id\":\"https:\/\/egytourpackages.com\/ro\/tours\/cea-mai-buna-excursie-de-snorkeling-el-gouna\/#breadcrumb\"},\"inLanguage\":\"ro-RO\",\"potentialAction\":[{\"@type\":\"ReadAction\",\"target\":[\"https:\/\/egytourpackages.com\/ro\/tours\/cea-mai-buna-excursie-de-snorkeling-el-gouna\/\"]}]},{\"@type\":\"ImageObject\",\"inLanguage\":\"ro-RO\",\"@id\":\"https:\/\/egytourpackages.com\/ro\/tours\/cea-mai-buna-excursie-de-snorkeling-el-gouna\/#primaryimage\",\"url\":\"https:\/\/egytourpackages.com\/wp-content\/uploads\/2023\/08\/El-Gouna-Best-Snorkeling-Trip.jpg\",\"contentUrl\":\"https:\/\/egytourpackages.com\/wp-content\/uploads\/2023\/08\/El-Gouna-Best-Snorkeling-Trip.jpg\",\"width\":2000,\"height\":1333,\"caption\":\"Cea Mai Bun\u0103 Excursie de Snorkeling El Gouna\"},{\"@type\":\"BreadcrumbList\",\"@id\":\"https:\/\/egytourpackages.com\/ro\/tours\/cea-mai-buna-excursie-de-snorkeling-el-gouna\/#breadcrumb\",\"itemListElement\":[{\"@type\":\"ListItem\",\"position\":1,\"name\":\"Home\",\"item\":\"https:\/\/egytourpackages.com\/ro\/\"},{\"@type\":\"ListItem\",\"position\":2,\"name\":\"Shop\",\"item\":\"https:\/\/egytourpackages.com\/shop\/\"},{\"@type\":\"ListItem\",\"position\":3,\"name\":\"Cea Mai Bun\u0103 Excursie de Snorkeling El Gouna\"}]},{\"@type\":\"WebSite\",\"@id\":\"https:\/\/egytourpackages.com\/ro\/#website\",\"url\":\"https:\/\/egytourpackages.com\/ro\/\",\"name\":\"Egy tour packages\",\"description\":\"\",\"publisher\":{\"@id\":\"https:\/\/egytourpackages.com\/ro\/#organization\"},\"potentialAction\":[{\"@type\":\"SearchAction\",\"target\":{\"@type\":\"EntryPoint\",\"urlTemplate\":\"https:\/\/egytourpackages.com\/ro\/?s={search_term_string}\"},\"query-input\":{\"@type\":\"PropertyValueSpecification\",\"valueRequired\":true,\"valueName\":\"search_term_string\"}}],\"inLanguage\":\"ro-RO\"},{\"@type\":[\"Organization\",\"Place\",\"TravelAgency\"],\"@id\":\"https:\/\/egytourpackages.com\/ro\/#organization\",\"name\":\"egypt tour packages\",\"alternateName\":\"egypt tour packages\",\"url\":\"https:\/\/egytourpackages.com\/ro\/\",\"logo\":{\"@id\":\"https:\/\/egytourpackages.com\/ro\/tours\/cea-mai-buna-excursie-de-snorkeling-el-gouna\/#local-main-organization-logo\"},\"image\":{\"@id\":\"https:\/\/egytourpackages.com\/ro\/tours\/cea-mai-buna-excursie-de-snorkeling-el-gouna\/#local-main-organization-logo\"},\"sameAs\":[\"https:\/\/www.facebook.com\/egytourpackages\"],\"legalName\":\"Egy tour packages\",\"address\":{\"@id\":\"https:\/\/egytourpackages.com\/ro\/tours\/cea-mai-buna-excursie-de-snorkeling-el-gouna\/#local-main-place-address\"},\"telephone\":[\"00201000852186\",\"00201028685533\"],\"contactPoint\":{\"@type\":\"ContactPoint\",\"telephone\":\"00201000852186\"},\"openingHoursSpecification\":[{\"@type\":\"OpeningHoursSpecification\",\"dayOfWeek\":[\"Monday\",\"Tuesday\",\"Wednesday\",\"Thursday\",\"Friday\",\"Saturday\",\"Sunday\"],\"opens\":\"00:00\",\"closes\":\"23:59\"}],\"email\":\"info@egytourpackages.com\",\"areaServed\":\"Cairo, Hurghada, Luxor, Sharm El Sheikh, Marsa Alam, Aswan\",\"priceRange\":\"$\",\"currenciesAccepted\":\"euro\",\"paymentAccepted\":\"Payment links online\"},{\"@type\":\"PostalAddress\",\"@id\":\"https:\/\/egytourpackages.com\/ro\/tours\/cea-mai-buna-excursie-de-snorkeling-el-gouna\/#local-main-place-address\",\"streetAddress\":\"Mubarak 8, Al Kawthar District, Hurghada\",\"addressLocality\":\"Hurghada\",\"postalCode\":\"84511\",\"addressRegion\":\"Red Sea\",\"addressCountry\":\"EG\"},{\"@type\":\"ImageObject\",\"inLanguage\":\"ro-RO\",\"@id\":\"https:\/\/egytourpackages.com\/ro\/tours\/cea-mai-buna-excursie-de-snorkeling-el-gouna\/#local-main-organization-logo\",\"url\":\"https:\/\/egytourpackages.com\/wp-content\/uploads\/2025\/12\/Turquoise-Dahabiya-Nile-Cruise-1.jpeg\",\"contentUrl\":\"https:\/\/egytourpackages.com\/wp-content\/uploads\/2025\/12\/Turquoise-Dahabiya-Nile-Cruise-1.jpeg\",\"width\":1040,\"height\":694,\"caption\":\"egypt tour packages\"}]}<\/script>\n<meta property=\"product:brand\" content=\"Excursie de snorkeling \u00een Hurghada\" \/>\n<meta property=\"product:price:amount\" content=\"35\" \/>\n<meta property=\"product:price:currency\" content=\"EUR\" \/>\n<meta property=\"og:availability\" content=\"instock\" \/>\n<meta property=\"product:availability\" content=\"instock\" \/>\n<meta property=\"product:retailer_item_id\" content=\"GDT06\" \/>\n<meta property=\"product:condition\" content=\"new\" \/>\n<meta name=\"geo.placename\" content=\"Hurghada\" \/>\n<meta name=\"geo.region\" content=\"Egipt\" \/>\n<!-- \/ Yoast SEO Premium plugin. -->","yoast_head_json":{"title":"Cea Mai Bun\u0103 Excursie de Snorkeling El Gouna","description":"Cea Mai Bun\u0103 Excursie de Snorkeling El Gouna! Tururi all-inclusive cu iaht de lux pentru familii \u0219i cupluri. Exploreaz\u0103 lumea subacvatic\u0103 a M\u0103rii Ro\u0219ii.","robots":{"index":"index","follow":"follow","max-snippet":"max-snippet:-1","max-image-preview":"max-image-preview:large","max-video-preview":"max-video-preview:-1"},"canonical":"https:\/\/egytourpackages.com\/ro\/tours\/cea-mai-buna-excursie-de-snorkeling-el-gouna\/","og_locale":"ro_RO","og_type":"article","og_title":"Cea Mai Bun\u0103 Excursie de Snorkeling El Gouna","og_description":"Cea Mai Bun\u0103 Excursie de Snorkeling El Gouna! Tururi all-inclusive cu iaht de lux pentru familii \u0219i cupluri. Exploreaz\u0103 lumea subacvatic\u0103 a M\u0103rii Ro\u0219ii.","og_url":"https:\/\/egytourpackages.com\/ro\/tours\/cea-mai-buna-excursie-de-snorkeling-el-gouna\/","og_site_name":"Egypt Tour Packages","article_publisher":"https:\/\/www.facebook.com\/egytourpackages","article_modified_time":"2026-01-28T20:48:50+00:00","og_image":[{"url":"https:\/\/egytourpackages.com\/wp-content\/uploads\/2023\/08\/El-Gouna-Best-Snorkeling-Trip-1024x682.jpg","type":"","width":"","height":""}],"twitter_card":"summary_large_image","twitter_title":"Cea Mai Bun\u0103 Excursie de Snorkeling El Gouna","twitter_description":"Cea Mai Bun\u0103 Excursie de Snorkeling El Gouna! Tururi all-inclusive cu iaht de lux pentru familii \u0219i cupluri. Exploreaz\u0103 lumea subacvatic\u0103 a M\u0103rii Ro\u0219ii.","twitter_image":"https:\/\/egytourpackages.com\/wp-content\/uploads\/2023\/08\/El-Gouna-Best-Snorkeling-Trip-1024x682.jpg","twitter_misc":{"Pre\u021b":"&euro;35","Disponibilitate":"\u00cen stoc"},"schema":{"@context":"https:\/\/schema.org","@graph":[{"@type":"WebPage","@id":"https:\/\/egytourpackages.com\/ro\/tours\/cea-mai-buna-excursie-de-snorkeling-el-gouna\/","url":"https:\/\/egytourpackages.com\/ro\/tours\/cea-mai-buna-excursie-de-snorkeling-el-gouna\/","name":"Cea Mai Bun\u0103 Excursie de Snorkeling El Gouna","isPartOf":{"@id":"https:\/\/egytourpackages.com\/ro\/#website"},"primaryImageOfPage":{"@id":"https:\/\/egytourpackages.com\/ro\/tours\/cea-mai-buna-excursie-de-snorkeling-el-gouna\/#primaryimage"},"image":{"@id":"https:\/\/egytourpackages.com\/ro\/tours\/cea-mai-buna-excursie-de-snorkeling-el-gouna\/#primaryimage"},"thumbnailUrl":"https:\/\/egytourpackages.com\/wp-content\/uploads\/2023\/08\/El-Gouna-Best-Snorkeling-Trip.jpg","datePublished":"2023-08-22T12:03:48+00:00","dateModified":"2026-01-28T20:48:50+00:00","description":"Cea Mai Bun\u0103 Excursie de Snorkeling El Gouna! Tururi all-inclusive cu iaht de lux pentru familii \u0219i cupluri. Exploreaz\u0103 lumea subacvatic\u0103 a M\u0103rii Ro\u0219ii.","breadcrumb":{"@id":"https:\/\/egytourpackages.com\/ro\/tours\/cea-mai-buna-excursie-de-snorkeling-el-gouna\/#breadcrumb"},"inLanguage":"ro-RO","potentialAction":[{"@type":"ReadAction","target":["https:\/\/egytourpackages.com\/ro\/tours\/cea-mai-buna-excursie-de-snorkeling-el-gouna\/"]}]},{"@type":"ImageObject","inLanguage":"ro-RO","@id":"https:\/\/egytourpackages.com\/ro\/tours\/cea-mai-buna-excursie-de-snorkeling-el-gouna\/#primaryimage","url":"https:\/\/egytourpackages.com\/wp-content\/uploads\/2023\/08\/El-Gouna-Best-Snorkeling-Trip.jpg","contentUrl":"https:\/\/egytourpackages.com\/wp-content\/uploads\/2023\/08\/El-Gouna-Best-Snorkeling-Trip.jpg","width":2000,"height":1333,"caption":"Cea Mai Bun\u0103 Excursie de Snorkeling El Gouna"},{"@type":"BreadcrumbList","@id":"https:\/\/egytourpackages.com\/ro\/tours\/cea-mai-buna-excursie-de-snorkeling-el-gouna\/#breadcrumb","itemListElement":[{"@type":"ListItem","position":1,"name":"Home","item":"https:\/\/egytourpackages.com\/ro\/"},{"@type":"ListItem","position":2,"name":"Shop","item":"https:\/\/egytourpackages.com\/shop\/"},{"@type":"ListItem","position":3,"name":"Cea Mai Bun\u0103 Excursie de Snorkeling El Gouna"}]},{"@type":"WebSite","@id":"https:\/\/egytourpackages.com\/ro\/#website","url":"https:\/\/egytourpackages.com\/ro\/","name":"Egy tour packages","description":"","publisher":{"@id":"https:\/\/egytourpackages.com\/ro\/#organization"},"potentialAction":[{"@type":"SearchAction","target":{"@type":"EntryPoint","urlTemplate":"https:\/\/egytourpackages.com\/ro\/?s={search_term_string}"},"query-input":{"@type":"PropertyValueSpecification","valueRequired":true,"valueName":"search_term_string"}}],"inLanguage":"ro-RO"},{"@type":["Organization","Place","TravelAgency"],"@id":"https:\/\/egytourpackages.com\/ro\/#organization","name":"egypt tour packages","alternateName":"egypt tour packages","url":"https:\/\/egytourpackages.com\/ro\/","logo":{"@id":"https:\/\/egytourpackages.com\/ro\/tours\/cea-mai-buna-excursie-de-snorkeling-el-gouna\/#local-main-organization-logo"},"image":{"@id":"https:\/\/egytourpackages.com\/ro\/tours\/cea-mai-buna-excursie-de-snorkeling-el-gouna\/#local-main-organization-logo"},"sameAs":["https:\/\/www.facebook.com\/egytourpackages"],"legalName":"Egy tour packages","address":{"@id":"https:\/\/egytourpackages.com\/ro\/tours\/cea-mai-buna-excursie-de-snorkeling-el-gouna\/#local-main-place-address"},"telephone":["00201000852186","00201028685533"],"contactPoint":{"@type":"ContactPoint","telephone":"00201000852186"},"openingHoursSpecification":[{"@type":"OpeningHoursSpecification","dayOfWeek":["Monday","Tuesday","Wednesday","Thursday","Friday","Saturday","Sunday"],"opens":"00:00","closes":"23:59"}],"email":"info@egytourpackages.com","areaServed":"Cairo, Hurghada, Luxor, Sharm El Sheikh, Marsa Alam, Aswan","priceRange":"$","currenciesAccepted":"euro","paymentAccepted":"Payment links online"},{"@type":"PostalAddress","@id":"https:\/\/egytourpackages.com\/ro\/tours\/cea-mai-buna-excursie-de-snorkeling-el-gouna\/#local-main-place-address","streetAddress":"Mubarak 8, Al Kawthar District, Hurghada","addressLocality":"Hurghada","postalCode":"84511","addressRegion":"Red Sea","addressCountry":"EG"},{"@type":"ImageObject","inLanguage":"ro-RO","@id":"https:\/\/egytourpackages.com\/ro\/tours\/cea-mai-buna-excursie-de-snorkeling-el-gouna\/#local-main-organization-logo","url":"https:\/\/egytourpackages.com\/wp-content\/uploads\/2025\/12\/Turquoise-Dahabiya-Nile-Cruise-1.jpeg","contentUrl":"https:\/\/egytourpackages.com\/wp-content\/uploads\/2025\/12\/Turquoise-Dahabiya-Nile-Cruise-1.jpeg","width":1040,"height":694,"caption":"egypt tour packages"}]},"product_brand":"Excursie de snorkeling \u00een Hurghada","product_price_amount":"35","product_price_currency":"EUR","og_availability":"instock","product_availability":"instock","product_retailer_item_id":"GDT06","product_condition":"new","geo.placename":"Hurghada","geo.region":"Egipt"},"_links":{"self":[{"href":"https:\/\/egytourpackages.com\/ro\/wp-json\/wp\/v2\/product\/9666","targetHints":{"allow":["GET"]}}],"collection":[{"href":"https:\/\/egytourpackages.com\/ro\/wp-json\/wp\/v2\/product"}],"about":[{"href":"https:\/\/egytourpackages.com\/ro\/wp-json\/wp\/v2\/types\/product"}],"replies":[{"embeddable":true,"href":"https:\/\/egytourpackages.com\/ro\/wp-json\/wp\/v2\/comments?post=9666"}],"wp:featuredmedia":[{"embeddable":true,"href":"https:\/\/egytourpackages.com\/ro\/wp-json\/wp\/v2\/media\/9667"}],"wp:attachment":[{"href":"https:\/\/egytourpackages.com\/ro\/wp-json\/wp\/v2\/media?parent=9666"}],"wp:term":[{"taxonomy":"product_brand","embeddable":true,"href":"https:\/\/egytourpackages.com\/ro\/wp-json\/wp\/v2\/product_brand?post=9666"},{"taxonomy":"product_cat","embeddable":true,"href":"https:\/\/egytourpackages.com\/ro\/wp-json\/wp\/v2\/product_cat?post=9666"},{"taxonomy":"product_tag","embeddable":true,"href":"https:\/\/egytourpackages.com\/ro\/wp-json\/wp\/v2\/product_tag?post=9666"}],"curies":[{"name":"wp","href":"https:\/\/api.w.org\/{rel}","templated":true}]}}