{"id":9668,"date":"2023-08-22T11:32:17","date_gmt":"2023-08-22T11:32:17","guid":{"rendered":"https:\/\/egytourpackages.com\/product\/excursie-snorkeling-cu-barca-din-hurghada\/"},"modified":"2026-01-28T20:59:47","modified_gmt":"2026-01-28T20:59:47","slug":"excursie-snorkeling-cu-barca-din-hurghada","status":"publish","type":"product","link":"https:\/\/egytourpackages.com\/ro\/tours\/excursie-snorkeling-cu-barca-din-hurghada\/","title":{"rendered":"Excursie Snorkeling cu Barca din Hurghada"},"content":{"rendered":"<p><span style=\"color: #ff6600;\"><strong>Excursie Snorkeling cu Barca din Hurghada | Cele Mai Bune Excursii Hurghada<\/strong><\/span><\/p>\n<p>Rezerva\u021bi \u0219i bucura\u021bi-v\u0103 de o <strong>Excursie cu Barca pentru Snorkeling din Hurghada<\/strong> de neuitat, considerat\u0103 a fi printre <strong>cele mai bune lucruri de f\u0103cut \u00een Hurghada<\/strong>. Acest <strong>tur pe mare de snorkeling cu barca<\/strong> este conceput pentru a v\u0103 cufunda \u00een frumuse\u021bea uimitoare a <strong>M\u0103rii Ro\u0219ii<\/strong>, oferind o combina\u021bie perfect\u0103 de relaxare \u0219i aventur\u0103. Fiind una dintre <strong>excursiile de top din Hurghada<\/strong> \u0219i un <strong>tur de o zi \u00een Egipt<\/strong> de prim\u0103 clas\u0103, aceast\u0103 c\u0103l\u0103torie v\u0103 duce la cele mai incredibile <strong>locuri de snorkeling<\/strong> la bordul unui <strong>iaht de lux<\/strong>, promi\u021b\u00e2nd o experien\u021b\u0103 <strong>all-inclusive<\/strong>.<\/p>\n<p>C\u0103l\u0103toria dumneavoastr\u0103 \u00eencepe cu o croazier\u0103 pitoreasc\u0103 c\u0103tre imaculata <strong>Insul\u0103 Orange Bay<\/strong>. Cunoscut\u0103 pentru atmosfera sa asem\u0103n\u0103toare Caraibelor, <strong>Insula Orange Bay<\/strong> este un refugiu lini\u0219tit, cu ape turcoaz pu\u021bin ad\u00e2nci \u0219i plaje cu nisip alb, fin. Este locul perfect pentru a v\u0103 relaxa pe faimoasele leag\u0103ne \u0219i hamace din mare sau pur \u0219i simplu pentru a v\u0103 <strong>bucura de soare<\/strong>.<\/p>\n<p>Apele protejate din jurul insulei sunt ideale pentru <strong>familii<\/strong> \u0219i <strong>\u00eencep\u0103tori<\/strong> pentru a explora, oferind o perspectiv\u0103 vibrant\u0103 asupra <strong>pe\u0219tilor colora\u021bi din Marea Ro\u0219ie<\/strong> \u0219i a delicatelor <strong>recife de corali din Marea Ro\u0219ie<\/strong>.<\/p>\n<p>A doua op\u021biune pentru acest tur este o alt\u0103 destina\u021bie spectaculoas\u0103: <strong>Insula Hula Hula<\/strong>. Acest paradis insular pa\u0219nic face parte din <strong>Parcul Na\u021bional Insulele Giftun<\/strong> \u0219i este celebrat pentru gr\u0103dinile sale de corali neatinse \u0219i \u00eemprejurimile senine. Aici, ve\u021bi avea mai multe oportunit\u0103\u021bi de a face snorkeling printre o <strong>diversitate de via\u021b\u0103 marin\u0103 \u00een Marea Ro\u0219ie<\/strong> \u0219i de a descoperi priveli\u0219ti subacvatice uimitoare.<\/p>\n<p>At\u00e2t <strong>Insula Hula Hula<\/strong>, c\u00e2t \u0219i <strong>Orange Bay<\/strong> ofer\u0103 o experien\u021b\u0103 unic\u0103 de snorkeling, cu o abunden\u021b\u0103 de <strong>pe\u0219ti tropicali<\/strong>, <strong>forma\u021biuni impresionante de corali<\/strong> \u0219i \u0219ansa de a z\u0103ri alte creaturi marine, cum ar fi stelele de mare \u0219i broa\u0219tele \u021bestoase.<\/p>\n<p>Turul ofer\u0103 tot <strong>echipamentul de snorkeling<\/strong> necesar, precum \u0219i un <strong>pr\u00e2nz tip bufet delicios<\/strong>, gust\u0103ri \u0219i <strong>b\u0103uturi nelimitate<\/strong> la bord. Indiferent dac\u0103 sunte\u021bi un snorkeler experimentat sau \u00eencerca\u021bi pentru prima dat\u0103, aceast\u0103 excursie este modalitatea suprem\u0103 de a descoperi <strong>minunile acvatice<\/strong> ale M\u0103rii Ro\u0219ii.<\/p>\n<p><strong>P.S.<\/strong> Aceast\u0103 <strong>excursie potrivit\u0103 pentru familie<\/strong> este gratuit\u0103 pentru copiii sub 5 ani, cu o reducere de 50% pentru cei cu v\u00e2rste cuprinse \u00eentre 5 \u0219i 7 ani. Excursia de o zi \u00eentreag\u0103 se \u00eencheie cu \u00eentoarcerea la Marina \u0219i transferul \u00eenapoi la hotelul dumneavoastr\u0103 \u00een jurul orei 16:30. Nu rata\u021bi aceast\u0103 ocazie de a crea <strong>amintiri de neuitat<\/strong> \u00eentr-una dintre cele mai populare <strong>Excursii Hurghada<\/strong>.<\/p>\n<h3><span style=\"color: #ff6600;\">Reperele Turului\u00a0\u00a0<\/span><\/h3>\n<ul>\n<li>Dou\u0103 opriri de snorkeling \u00een dou\u0103 locuri diferite<\/li>\n<li>Pr\u00e2nz proasp\u0103t g\u0103tit la bord<\/li>\n<li>Sporturi nautice precum Barc\u0103 Banan\u0103 \u0219i Barc\u0103 Sofa<\/li>\n<\/ul>\n<h3><span style=\"color: #ff6600;\">Detalii Tur\u00a0\u00a0<\/span><\/h3>\n<ul>\n<li>Durat\u0103: 8 ore<\/li>\n<li>Loca\u021bie Tur: Marea Ro\u0219ie<\/li>\n<li>Disponibilitate: Zilnic<\/li>\n<li>Tip Tur: Grup<\/li>\n<li>Preluare \u0219i Predare (Pick up &amp; drop off): Hotelul dumneavoastr\u0103 din Hurghada<\/li>\n<li>Scaun cu Rotile (Wheel chair): Accesibil<\/li>\n<\/ul>\n<h3><span style=\"color: #ff6600;\">Inclus \u00een Pre\u021b\u00a0<\/span><\/h3>\n<ul>\n<li>Transfer dus-\u00eentors de la hotelul dumneavoastr\u0103 din Hurghada<\/li>\n<li>Echipament de snorkeling (vest\u0103 de salvare, masc\u0103, labe\/\u00eenot\u0103toare)<\/li>\n<li>Ghid de snorkeling<\/li>\n<li>Pr\u00e2nz proasp\u0103t g\u0103tit la bord<\/li>\n<li>Ap\u0103 mineral\u0103, b\u0103uturi calde \u0219i reci toat\u0103 ziua<\/li>\n<\/ul>\n<h3><span style=\"color: #ff6600;\">Exclus din Pre\u021b\u00a0<\/span><\/h3>\n<ul>\n<li>DVD \u0219i fotografii realizate de Cameraman<\/li>\n<li>Bac\u0219i\u0219uri (Tipping)<\/li>\n<li>Scufund\u0103ri (Diving)<\/li>\n<\/ul>\n<h3><span style=\"color: #ff6600;\">Ce s\u0103 Lua\u021bi cu Voi<\/span><\/h3>\n<ul>\n<li>Prosop propriu de la hotel<\/li>\n<li>P\u0103l\u0103rie sau E\u0219arf\u0103<\/li>\n<li>Crem\u0103 de soare (Suncream)<\/li>\n<li>Ochelari de soare<\/li>\n<li>\u00cenc\u0103l\u021b\u0103minte confortabil\u0103<\/li>\n<li>Costum de baie (Swimming suit)<\/li>\n<li>Ni\u0219te bani lichizi pentru cheltuielile personale<\/li>\n<\/ul>\n<h3><span style=\"color: #ff6600;\">Pre\u021bul Excursiei de Snorkeling cu Barca din Hurghada<\/span><\/h3>\n<ul>\n<li>Pre\u021b Adult = 25 \u20ac\u200e<\/li>\n<li>Copii 0-5 ani = gratuit<\/li>\n<li>Copii 5 -11 ani = 50% din pre\u021bul pentru adult<\/li>\n<\/ul>\n<h3><span style=\"color: #ff6600;\">Rezervare\u00a0<\/span><\/h3>\n<p>Pute\u021bi rezerva turul dumneavoastr\u0103 prin WhatsApp sau ne pute\u021bi trimite un E-mail \u0219i ve\u021bi primi confirmarea pe loc.<\/p>\n<p>V\u0103 rug\u0103m s\u0103 ne trimite\u021bi numele hotelului, Num\u0103rul Camerei, Copiile Pa\u0219apoartelor.<\/p>\n<p>WhatsApp: +201000852186<\/p>\n<p>info@egytourpackages.com<\/p>\n<h3><span style=\"color: #ff6600;\">Rezerva\u021bi Acum &amp; Pl\u0103ti\u021bi la Fa\u021ba Locului <\/span><\/h3>\n<p>Rezerva\u021bi turul preferat \u0219i pl\u0103ti\u021bi \u00een ziua excursiei.<\/p>\n<h3><span style=\"color: #ff6600;\">Plat\u0103\u00a0<\/span><\/h3>\n<p>Pute\u021bi pl\u0103ti \u00een lire egiptene, $, \u20ac\u200e sau \u00a3.<\/p>\n<h3><span style=\"color: #ff6600;\">Politica de Anulare<\/span><\/h3>\n<ul>\n<li>Anularea este gratuit\u0103 cu p\u00e2n\u0103 la 24 de ore \u00een avans<\/li>\n<li>Anularea \u00een diminea\u021ba zilei excursiei implic\u0103 o tax\u0103 de 50% din pre\u021b<\/li>\n<\/ul>\n","protected":false},"excerpt":{"rendered":"<p>Excursie Snorkeling cu Barca din Hurghada. Descoper\u0103 Orange Bay sau Hula Hula! Tur all-inclusive cu pr\u00e2nz, echipament \u0219i b\u0103uturi. Rezerv\u0103 acum!<\/p>\n","protected":false},"featured_media":9669,"comment_status":"open","ping_status":"closed","template":"","meta":[],"product_brand":[],"product_cat":[3120],"product_tag":[3329,3201],"class_list":{"0":"post-9668","1":"product","2":"type-product","3":"status-publish","4":"has-post-thumbnail","6":"product_cat-tururi","7":"product_tag-cea-mai-buna-excursie-cu-barca-pentru-snorkeling","8":"product_tag-excursii-in-hurghada","9":"tour_category-excursie-de-snorkeling-in-hurghada","10":"tour_category-excursii-de-o-zi-in-egipt-ro","11":"tour_category-excursii-hurghada-ro","13":"first","14":"instock","15":"sale","16":"shipping-taxable","17":"purchasable","18":"product-type-tour","19":"has-default-attributes"},"yoast_head":"<!-- This site is optimized with the Yoast SEO Premium plugin v27.2 (Yoast SEO v27.2) - https:\/\/yoast.com\/product\/yoast-seo-premium-wordpress\/ -->\n<title>Excursie Snorkeling cu Barca din Hurghada<\/title>\n<meta name=\"description\" content=\"Excursie Snorkeling cu Barca din Hurghada. Descoper\u0103 Orange Bay sau Hula Hula! Tur all-inclusive cu pr\u00e2nz, echipament \u0219i b\u0103uturi. Rezerv\u0103 acum!\" \/>\n<meta name=\"robots\" content=\"index, follow, max-snippet:-1, max-image-preview:large, max-video-preview:-1\" \/>\n<link rel=\"canonical\" href=\"https:\/\/egytourpackages.com\/ro\/tours\/excursie-snorkeling-cu-barca-din-hurghada\/\" \/>\n<meta property=\"og:locale\" content=\"ro_RO\" \/>\n<meta property=\"og:type\" content=\"article\" \/>\n<meta property=\"og:title\" content=\"Excursie Snorkeling cu Barca din Hurghada\" \/>\n<meta property=\"og:description\" content=\"Excursie Snorkeling cu Barca din Hurghada. Descoper\u0103 Orange Bay sau Hula Hula! Tur all-inclusive cu pr\u00e2nz, echipament \u0219i b\u0103uturi. Rezerv\u0103 acum!\" \/>\n<meta property=\"og:url\" content=\"https:\/\/egytourpackages.com\/ro\/tours\/excursie-snorkeling-cu-barca-din-hurghada\/\" \/>\n<meta property=\"og:site_name\" content=\"Egypt Tour Packages\" \/>\n<meta property=\"article:publisher\" content=\"https:\/\/www.facebook.com\/egytourpackages\" \/>\n<meta property=\"article:modified_time\" content=\"2026-01-28T20:59:47+00:00\" \/>\n<meta property=\"og:image\" content=\"https:\/\/egytourpackages.com\/wp-content\/uploads\/2023\/08\/Snorkeling-Boat-Trip-from-Hurghada-1024x682.jpg\" \/>\n<meta name=\"twitter:card\" content=\"summary_large_image\" \/>\n<meta name=\"twitter:title\" content=\"Excursie Snorkeling cu Barca din Hurghada\" \/>\n<meta name=\"twitter:description\" content=\"Excursie Snorkeling cu Barca din Hurghada. Descoper\u0103 Orange Bay sau Hula Hula! Tur all-inclusive cu pr\u00e2nz, echipament \u0219i b\u0103uturi. Rezerv\u0103 acum!\" \/>\n<meta name=\"twitter:image\" content=\"https:\/\/egytourpackages.com\/wp-content\/uploads\/2023\/08\/Snorkeling-Boat-Trip-from-Hurghada-1024x682.jpg\" \/>\n<meta name=\"twitter:label1\" content=\"Pre\u021b\" \/>\n\t<meta name=\"twitter:data1\" content=\"&euro;25\" \/>\n\t<meta name=\"twitter:label2\" content=\"Disponibilitate\" \/>\n\t<meta name=\"twitter:data2\" content=\"\u00cen stoc\" \/>\n<script type=\"application\/ld+json\" class=\"yoast-schema-graph\">{\"@context\":\"https:\/\/schema.org\",\"@graph\":[{\"@type\":\"WebPage\",\"@id\":\"https:\/\/egytourpackages.com\/ro\/tours\/excursie-snorkeling-cu-barca-din-hurghada\/\",\"url\":\"https:\/\/egytourpackages.com\/ro\/tours\/excursie-snorkeling-cu-barca-din-hurghada\/\",\"name\":\"Excursie Snorkeling cu Barca din Hurghada\",\"isPartOf\":{\"@id\":\"https:\/\/egytourpackages.com\/ro\/#website\"},\"primaryImageOfPage\":{\"@id\":\"https:\/\/egytourpackages.com\/ro\/tours\/excursie-snorkeling-cu-barca-din-hurghada\/#primaryimage\"},\"image\":{\"@id\":\"https:\/\/egytourpackages.com\/ro\/tours\/excursie-snorkeling-cu-barca-din-hurghada\/#primaryimage\"},\"thumbnailUrl\":\"https:\/\/egytourpackages.com\/wp-content\/uploads\/2023\/08\/Snorkeling-Boat-Trip-from-Hurghada.jpg\",\"datePublished\":\"2023-08-22T11:32:17+00:00\",\"dateModified\":\"2026-01-28T20:59:47+00:00\",\"description\":\"Excursie Snorkeling cu Barca din Hurghada. Descoper\u0103 Orange Bay sau Hula Hula! Tur all-inclusive cu pr\u00e2nz, echipament \u0219i b\u0103uturi. Rezerv\u0103 acum!\",\"breadcrumb\":{\"@id\":\"https:\/\/egytourpackages.com\/ro\/tours\/excursie-snorkeling-cu-barca-din-hurghada\/#breadcrumb\"},\"inLanguage\":\"ro-RO\",\"potentialAction\":[{\"@type\":\"ReadAction\",\"target\":[\"https:\/\/egytourpackages.com\/ro\/tours\/excursie-snorkeling-cu-barca-din-hurghada\/\"]}]},{\"@type\":\"ImageObject\",\"inLanguage\":\"ro-RO\",\"@id\":\"https:\/\/egytourpackages.com\/ro\/tours\/excursie-snorkeling-cu-barca-din-hurghada\/#primaryimage\",\"url\":\"https:\/\/egytourpackages.com\/wp-content\/uploads\/2023\/08\/Snorkeling-Boat-Trip-from-Hurghada.jpg\",\"contentUrl\":\"https:\/\/egytourpackages.com\/wp-content\/uploads\/2023\/08\/Snorkeling-Boat-Trip-from-Hurghada.jpg\",\"width\":2000,\"height\":1333,\"caption\":\"Excursie Snorkeling cu Barca din Hurghada\"},{\"@type\":\"BreadcrumbList\",\"@id\":\"https:\/\/egytourpackages.com\/ro\/tours\/excursie-snorkeling-cu-barca-din-hurghada\/#breadcrumb\",\"itemListElement\":[{\"@type\":\"ListItem\",\"position\":1,\"name\":\"Home\",\"item\":\"https:\/\/egytourpackages.com\/ro\/\"},{\"@type\":\"ListItem\",\"position\":2,\"name\":\"Shop\",\"item\":\"https:\/\/egytourpackages.com\/shop\/\"},{\"@type\":\"ListItem\",\"position\":3,\"name\":\"Excursie Snorkeling cu Barca din Hurghada\"}]},{\"@type\":\"WebSite\",\"@id\":\"https:\/\/egytourpackages.com\/ro\/#website\",\"url\":\"https:\/\/egytourpackages.com\/ro\/\",\"name\":\"Egy tour packages\",\"description\":\"\",\"publisher\":{\"@id\":\"https:\/\/egytourpackages.com\/ro\/#organization\"},\"potentialAction\":[{\"@type\":\"SearchAction\",\"target\":{\"@type\":\"EntryPoint\",\"urlTemplate\":\"https:\/\/egytourpackages.com\/ro\/?s={search_term_string}\"},\"query-input\":{\"@type\":\"PropertyValueSpecification\",\"valueRequired\":true,\"valueName\":\"search_term_string\"}}],\"inLanguage\":\"ro-RO\"},{\"@type\":[\"Organization\",\"Place\",\"TravelAgency\"],\"@id\":\"https:\/\/egytourpackages.com\/ro\/#organization\",\"name\":\"egypt tour packages\",\"alternateName\":\"egypt tour packages\",\"url\":\"https:\/\/egytourpackages.com\/ro\/\",\"logo\":{\"@id\":\"https:\/\/egytourpackages.com\/ro\/tours\/excursie-snorkeling-cu-barca-din-hurghada\/#local-main-organization-logo\"},\"image\":{\"@id\":\"https:\/\/egytourpackages.com\/ro\/tours\/excursie-snorkeling-cu-barca-din-hurghada\/#local-main-organization-logo\"},\"sameAs\":[\"https:\/\/www.facebook.com\/egytourpackages\"],\"legalName\":\"Egy tour packages\",\"address\":{\"@id\":\"https:\/\/egytourpackages.com\/ro\/tours\/excursie-snorkeling-cu-barca-din-hurghada\/#local-main-place-address\"},\"telephone\":[\"00201000852186\",\"00201028685533\"],\"contactPoint\":{\"@type\":\"ContactPoint\",\"telephone\":\"00201000852186\"},\"openingHoursSpecification\":[{\"@type\":\"OpeningHoursSpecification\",\"dayOfWeek\":[\"Monday\",\"Tuesday\",\"Wednesday\",\"Thursday\",\"Friday\",\"Saturday\",\"Sunday\"],\"opens\":\"00:00\",\"closes\":\"23:59\"}],\"email\":\"info@egytourpackages.com\",\"areaServed\":\"Cairo, Hurghada, Luxor, Sharm El Sheikh, Marsa Alam, Aswan\",\"priceRange\":\"$\",\"currenciesAccepted\":\"euro\",\"paymentAccepted\":\"Payment links online\"},{\"@type\":\"PostalAddress\",\"@id\":\"https:\/\/egytourpackages.com\/ro\/tours\/excursie-snorkeling-cu-barca-din-hurghada\/#local-main-place-address\",\"streetAddress\":\"Mubarak 8, Al Kawthar District, Hurghada\",\"addressLocality\":\"Hurghada\",\"postalCode\":\"84511\",\"addressRegion\":\"Red Sea\",\"addressCountry\":\"EG\"},{\"@type\":\"ImageObject\",\"inLanguage\":\"ro-RO\",\"@id\":\"https:\/\/egytourpackages.com\/ro\/tours\/excursie-snorkeling-cu-barca-din-hurghada\/#local-main-organization-logo\",\"url\":\"https:\/\/egytourpackages.com\/wp-content\/uploads\/2025\/12\/Turquoise-Dahabiya-Nile-Cruise-1.jpeg\",\"contentUrl\":\"https:\/\/egytourpackages.com\/wp-content\/uploads\/2025\/12\/Turquoise-Dahabiya-Nile-Cruise-1.jpeg\",\"width\":1040,\"height\":694,\"caption\":\"egypt tour packages\"}]}<\/script>\n<meta property=\"product:brand\" content=\"Excursie de snorkeling \u00een Hurghada\" \/>\n<meta property=\"product:price:amount\" content=\"25\" \/>\n<meta property=\"product:price:currency\" content=\"EUR\" \/>\n<meta property=\"og:availability\" content=\"instock\" \/>\n<meta property=\"product:availability\" content=\"instock\" \/>\n<meta property=\"product:retailer_item_id\" content=\"HDT04\" \/>\n<meta property=\"product:condition\" content=\"new\" \/>\n<meta name=\"geo.placename\" content=\"Hurghada\" \/>\n<meta name=\"geo.region\" content=\"Egipt\" \/>\n<!-- \/ Yoast SEO Premium plugin. -->","yoast_head_json":{"title":"Excursie Snorkeling cu Barca din Hurghada","description":"Excursie Snorkeling cu Barca din Hurghada. Descoper\u0103 Orange Bay sau Hula Hula! Tur all-inclusive cu pr\u00e2nz, echipament \u0219i b\u0103uturi. Rezerv\u0103 acum!","robots":{"index":"index","follow":"follow","max-snippet":"max-snippet:-1","max-image-preview":"max-image-preview:large","max-video-preview":"max-video-preview:-1"},"canonical":"https:\/\/egytourpackages.com\/ro\/tours\/excursie-snorkeling-cu-barca-din-hurghada\/","og_locale":"ro_RO","og_type":"article","og_title":"Excursie Snorkeling cu Barca din Hurghada","og_description":"Excursie Snorkeling cu Barca din Hurghada. Descoper\u0103 Orange Bay sau Hula Hula! Tur all-inclusive cu pr\u00e2nz, echipament \u0219i b\u0103uturi. Rezerv\u0103 acum!","og_url":"https:\/\/egytourpackages.com\/ro\/tours\/excursie-snorkeling-cu-barca-din-hurghada\/","og_site_name":"Egypt Tour Packages","article_publisher":"https:\/\/www.facebook.com\/egytourpackages","article_modified_time":"2026-01-28T20:59:47+00:00","og_image":[{"url":"https:\/\/egytourpackages.com\/wp-content\/uploads\/2023\/08\/Snorkeling-Boat-Trip-from-Hurghada-1024x682.jpg","type":"","width":"","height":""}],"twitter_card":"summary_large_image","twitter_title":"Excursie Snorkeling cu Barca din Hurghada","twitter_description":"Excursie Snorkeling cu Barca din Hurghada. Descoper\u0103 Orange Bay sau Hula Hula! Tur all-inclusive cu pr\u00e2nz, echipament \u0219i b\u0103uturi. Rezerv\u0103 acum!","twitter_image":"https:\/\/egytourpackages.com\/wp-content\/uploads\/2023\/08\/Snorkeling-Boat-Trip-from-Hurghada-1024x682.jpg","twitter_misc":{"Pre\u021b":"&euro;25","Disponibilitate":"\u00cen stoc"},"schema":{"@context":"https:\/\/schema.org","@graph":[{"@type":"WebPage","@id":"https:\/\/egytourpackages.com\/ro\/tours\/excursie-snorkeling-cu-barca-din-hurghada\/","url":"https:\/\/egytourpackages.com\/ro\/tours\/excursie-snorkeling-cu-barca-din-hurghada\/","name":"Excursie Snorkeling cu Barca din Hurghada","isPartOf":{"@id":"https:\/\/egytourpackages.com\/ro\/#website"},"primaryImageOfPage":{"@id":"https:\/\/egytourpackages.com\/ro\/tours\/excursie-snorkeling-cu-barca-din-hurghada\/#primaryimage"},"image":{"@id":"https:\/\/egytourpackages.com\/ro\/tours\/excursie-snorkeling-cu-barca-din-hurghada\/#primaryimage"},"thumbnailUrl":"https:\/\/egytourpackages.com\/wp-content\/uploads\/2023\/08\/Snorkeling-Boat-Trip-from-Hurghada.jpg","datePublished":"2023-08-22T11:32:17+00:00","dateModified":"2026-01-28T20:59:47+00:00","description":"Excursie Snorkeling cu Barca din Hurghada. Descoper\u0103 Orange Bay sau Hula Hula! Tur all-inclusive cu pr\u00e2nz, echipament \u0219i b\u0103uturi. Rezerv\u0103 acum!","breadcrumb":{"@id":"https:\/\/egytourpackages.com\/ro\/tours\/excursie-snorkeling-cu-barca-din-hurghada\/#breadcrumb"},"inLanguage":"ro-RO","potentialAction":[{"@type":"ReadAction","target":["https:\/\/egytourpackages.com\/ro\/tours\/excursie-snorkeling-cu-barca-din-hurghada\/"]}]},{"@type":"ImageObject","inLanguage":"ro-RO","@id":"https:\/\/egytourpackages.com\/ro\/tours\/excursie-snorkeling-cu-barca-din-hurghada\/#primaryimage","url":"https:\/\/egytourpackages.com\/wp-content\/uploads\/2023\/08\/Snorkeling-Boat-Trip-from-Hurghada.jpg","contentUrl":"https:\/\/egytourpackages.com\/wp-content\/uploads\/2023\/08\/Snorkeling-Boat-Trip-from-Hurghada.jpg","width":2000,"height":1333,"caption":"Excursie Snorkeling cu Barca din Hurghada"},{"@type":"BreadcrumbList","@id":"https:\/\/egytourpackages.com\/ro\/tours\/excursie-snorkeling-cu-barca-din-hurghada\/#breadcrumb","itemListElement":[{"@type":"ListItem","position":1,"name":"Home","item":"https:\/\/egytourpackages.com\/ro\/"},{"@type":"ListItem","position":2,"name":"Shop","item":"https:\/\/egytourpackages.com\/shop\/"},{"@type":"ListItem","position":3,"name":"Excursie Snorkeling cu Barca din Hurghada"}]},{"@type":"WebSite","@id":"https:\/\/egytourpackages.com\/ro\/#website","url":"https:\/\/egytourpackages.com\/ro\/","name":"Egy tour packages","description":"","publisher":{"@id":"https:\/\/egytourpackages.com\/ro\/#organization"},"potentialAction":[{"@type":"SearchAction","target":{"@type":"EntryPoint","urlTemplate":"https:\/\/egytourpackages.com\/ro\/?s={search_term_string}"},"query-input":{"@type":"PropertyValueSpecification","valueRequired":true,"valueName":"search_term_string"}}],"inLanguage":"ro-RO"},{"@type":["Organization","Place","TravelAgency"],"@id":"https:\/\/egytourpackages.com\/ro\/#organization","name":"egypt tour packages","alternateName":"egypt tour packages","url":"https:\/\/egytourpackages.com\/ro\/","logo":{"@id":"https:\/\/egytourpackages.com\/ro\/tours\/excursie-snorkeling-cu-barca-din-hurghada\/#local-main-organization-logo"},"image":{"@id":"https:\/\/egytourpackages.com\/ro\/tours\/excursie-snorkeling-cu-barca-din-hurghada\/#local-main-organization-logo"},"sameAs":["https:\/\/www.facebook.com\/egytourpackages"],"legalName":"Egy tour packages","address":{"@id":"https:\/\/egytourpackages.com\/ro\/tours\/excursie-snorkeling-cu-barca-din-hurghada\/#local-main-place-address"},"telephone":["00201000852186","00201028685533"],"contactPoint":{"@type":"ContactPoint","telephone":"00201000852186"},"openingHoursSpecification":[{"@type":"OpeningHoursSpecification","dayOfWeek":["Monday","Tuesday","Wednesday","Thursday","Friday","Saturday","Sunday"],"opens":"00:00","closes":"23:59"}],"email":"info@egytourpackages.com","areaServed":"Cairo, Hurghada, Luxor, Sharm El Sheikh, Marsa Alam, Aswan","priceRange":"$","currenciesAccepted":"euro","paymentAccepted":"Payment links online"},{"@type":"PostalAddress","@id":"https:\/\/egytourpackages.com\/ro\/tours\/excursie-snorkeling-cu-barca-din-hurghada\/#local-main-place-address","streetAddress":"Mubarak 8, Al Kawthar District, Hurghada","addressLocality":"Hurghada","postalCode":"84511","addressRegion":"Red Sea","addressCountry":"EG"},{"@type":"ImageObject","inLanguage":"ro-RO","@id":"https:\/\/egytourpackages.com\/ro\/tours\/excursie-snorkeling-cu-barca-din-hurghada\/#local-main-organization-logo","url":"https:\/\/egytourpackages.com\/wp-content\/uploads\/2025\/12\/Turquoise-Dahabiya-Nile-Cruise-1.jpeg","contentUrl":"https:\/\/egytourpackages.com\/wp-content\/uploads\/2025\/12\/Turquoise-Dahabiya-Nile-Cruise-1.jpeg","width":1040,"height":694,"caption":"egypt tour packages"}]},"product_brand":"Excursie de snorkeling \u00een Hurghada","product_price_amount":"25","product_price_currency":"EUR","og_availability":"instock","product_availability":"instock","product_retailer_item_id":"HDT04","product_condition":"new","geo.placename":"Hurghada","geo.region":"Egipt"},"_links":{"self":[{"href":"https:\/\/egytourpackages.com\/ro\/wp-json\/wp\/v2\/product\/9668","targetHints":{"allow":["GET"]}}],"collection":[{"href":"https:\/\/egytourpackages.com\/ro\/wp-json\/wp\/v2\/product"}],"about":[{"href":"https:\/\/egytourpackages.com\/ro\/wp-json\/wp\/v2\/types\/product"}],"replies":[{"embeddable":true,"href":"https:\/\/egytourpackages.com\/ro\/wp-json\/wp\/v2\/comments?post=9668"}],"wp:featuredmedia":[{"embeddable":true,"href":"https:\/\/egytourpackages.com\/ro\/wp-json\/wp\/v2\/media\/9669"}],"wp:attachment":[{"href":"https:\/\/egytourpackages.com\/ro\/wp-json\/wp\/v2\/media?parent=9668"}],"wp:term":[{"taxonomy":"product_brand","embeddable":true,"href":"https:\/\/egytourpackages.com\/ro\/wp-json\/wp\/v2\/product_brand?post=9668"},{"taxonomy":"product_cat","embeddable":true,"href":"https:\/\/egytourpackages.com\/ro\/wp-json\/wp\/v2\/product_cat?post=9668"},{"taxonomy":"product_tag","embeddable":true,"href":"https:\/\/egytourpackages.com\/ro\/wp-json\/wp\/v2\/product_tag?post=9668"}],"curies":[{"name":"wp","href":"https:\/\/api.w.org\/{rel}","templated":true}]}}